{"id":236203,"date":"2022-06-30T10:31:07","date_gmt":"2022-06-30T10:31:07","guid":{"rendered":"https:\/\/aurorareykjavik.is\/?page_id=236203"},"modified":"2024-08-28T16:14:24","modified_gmt":"2024-08-28T16:14:24","slug":"audio-guide-9-how-are-my-chances-to-see-the-aurora","status":"publish","type":"page","link":"https:\/\/aurorareykjavik.is\/zh\/audio-guide-9-how-are-my-chances-to-see-the-aurora\/","title":{"rendered":"Audio Guide 09 How are my chances to see the aurora?"},"content":{"rendered":"<p>[et_pb_section fb_built=&#8221;1&#8243; fullwidth=&#8221;on&#8221; admin_label=&#8221;Hero Section&#8221; _builder_version=&#8221;4.16&#8243; background_image=&#8221;https:\/\/aurorareykjavik.is\/wp-content\/uploads\/2021\/11\/Aurora-Reykjavik-with-Northern-Lights.png&#8221; background_enable_video_mp4=&#8221;off&#8221; custom_padding=&#8221;0px|0px|0px|0px&#8221; global_colors_info=&#8221;{}&#8221;][et_pb_fullwidth_header title=&#8221;AUDIO GUIDE 9&#8243; text_orientation=&#8221;center&#8221; header_fullscreen=&#8221;on&#8221; button_one_url=&#8221;#alltours&#8221; background_overlay_color=&#8221;rgba(255,255,255,0.01)&#8221; content_max_width=&#8221;700px&#8221; disabled_on=&#8221;off|off|off&#8221; admin_label=&#8221;Hero&#8221; _builder_version=&#8221;4.17.6&#8243; title_font=&#8221;Oswald|on||on|&#8221; title_font_size=&#8221;50px&#8221; title_line_height=&#8221;1.3em&#8221; content_font=&#8221;Roboto||||&#8221; content_font_size=&#8221;20px&#8221; content_line_height=&#8221;1.7em&#8221; background_color=&#8221;rgba(255, 255, 255, 0)&#8221; parallax=&#8221;on&#8221; parallax_method=&#8221;on&#8221; custom_button_one=&#8221;on&#8221; button_one_border_radius=&#8221;12px&#8221; button_one_letter_spacing=&#8221;6px&#8221; button_one_font=&#8221;Oswald|on||on|&#8221; button_one_icon=&#8221;&#x24;||divi||400&#8243; button_one_icon_color=&#8221;#ffffff&#8221; animation_style=&#8221;zoom&#8221; animation_direction=&#8221;bottom&#8221; animation_intensity_zoom=&#8221;4%&#8221; button_one_text_color_hover=&#8221;#ffffff&#8221; button_one_border_color_hover=&#8221;#ffffff&#8221; button_one_border_radius_hover=&#8221;0px&#8221; button_one_letter_spacing_hover=&#8221;4px&#8221; button_one_bg_color_hover=&#8221;rgba(0,0,0,0)&#8221; global_colors_info=&#8221;{}&#8221; button_one_text_size__hover_enabled=&#8221;off&#8221; button_two_text_size__hover_enabled=&#8221;off&#8221; button_one_text_color__hover_enabled=&#8221;on&#8221; button_one_text_color__hover=&#8221;#ffffff&#8221; button_two_text_color__hover_enabled=&#8221;off&#8221; button_one_border_width__hover_enabled=&#8221;off&#8221; button_two_border_width__hover_enabled=&#8221;off&#8221; button_one_border_color__hover_enabled=&#8221;on&#8221; button_one_border_color__hover=&#8221;#ffffff&#8221; button_two_border_color__hover_enabled=&#8221;off&#8221; button_one_border_radius__hover_enabled=&#8221;on&#8221; button_one_border_radius__hover=&#8221;0px&#8221; button_two_border_radius__hover_enabled=&#8221;off&#8221; button_one_letter_spacing__hover_enabled=&#8221;on&#8221; button_one_letter_spacing__hover=&#8221;4px&#8221; button_two_letter_spacing__hover_enabled=&#8221;off&#8221; button_one_bg_color__hover_enabled=&#8221;on&#8221; button_one_bg_color__hover=&#8221;rgba(0,0,0,0)&#8221; button_two_bg_color__hover_enabled=&#8221;off&#8221;][\/et_pb_fullwidth_header][\/et_pb_section][et_pb_section fb_built=&#8221;1&#8243; inner_shadow=&#8221;on&#8221; _builder_version=&#8221;4.16&#8243; background_color=&#8221;#dbdbdb&#8221; box_shadow_style=&#8221;preset1&#8243; global_colors_info=&#8221;{}&#8221;][et_pb_row _builder_version=&#8221;4.16&#8243; background_size=&#8221;initial&#8221; background_position=&#8221;top_left&#8221; background_repeat=&#8221;repeat&#8221; global_colors_info=&#8221;{}&#8221;][et_pb_column type=&#8221;4_4&#8243; _builder_version=&#8221;4.16&#8243; custom_padding=&#8221;|||&#8221; global_colors_info=&#8221;{}&#8221; custom_padding__hover=&#8221;|||&#8221;][et_pb_audio audio=&#8221;https:\/\/aurorareykjavik.is\/wp-content\/uploads\/2024\/08\/9-How-are-my-chances-to-see-the-Northern-Lights-28.8.2024-16.13.mp3&#8243; title=&#8221;How are my chances to see the aurora?&#8221; image_url=&#8221;https:\/\/aurorareykjavik.is\/wp-content\/uploads\/2022\/06\/49.png&#8221; _builder_version=&#8221;4.25.2&#8243; background_color=&#8221;#7CDA24&#8243; background_enable_image=&#8221;off&#8221; hover_enabled=&#8221;0&#8243; global_colors_info=&#8221;{}&#8221; title_text=&#8221;9 How are my chances to see the Northern Lights &#8211; 28.8.2024, 16.13&#8243; sticky_enabled=&#8221;0&#8243;][\/et_pb_audio][et_pb_audio audio=&#8221;https:\/\/aurorareykjavik.is\/wp-content\/uploads\/2024\/05\/How-are-your-chances-to-see-the-lights-iselansku-30.5.2024-13.07.mp3&#8243; title=&#8221;Hversu liklegt er a\u00f0 \u00e9g sj\u00e1i nor\u00f0urlj\u00f3sin?&#8221; image_url=&#8221;https:\/\/aurorareykjavik.is\/wp-content\/uploads\/2024\/05\/79.png&#8221; _builder_version=&#8221;4.17.6&#8243; background_color=&#8221;#0DA0C5&#8243; background_enable_image=&#8221;off&#8221; global_colors_info=&#8221;{}&#8221;][\/et_pb_audio][et_pb_audio audio=&#8221;https:\/\/aurorareykjavik.is\/wp-content\/uploads\/2022\/08\/Chancen-das-Polarlicht-zu-sehen-3.8.2022-10.13.mp3&#8243; title=&#8221;Wie stehen meine Chancen, die Aurora zu sehen?&#8221; image_url=&#8221;https:\/\/aurorareykjavik.is\/wp-content\/uploads\/2022\/06\/9.png&#8221; _builder_version=&#8221;4.17.6&#8243; background_color=&#8221;#EDF000&#8243; background_enable_image=&#8221;off&#8221; global_colors_info=&#8221;{}&#8221;][\/et_pb_audio][et_pb_audio audio=&#8221;https:\/\/aurorareykjavik.is\/wp-content\/uploads\/2022\/07\/9-Chances-NL-ITA-16.7.2022-14.34.mp3&#8243; title=&#8221;Che probabilit\u00e0 abbiamo di vedere un\u2019aurora?&#8221; image_url=&#8221;https:\/\/aurorareykjavik.is\/wp-content\/uploads\/2022\/06\/29.png&#8221; _builder_version=&#8221;4.17.6&#8243; background_color=&#8221;#ffae00&#8243; background_enable_image=&#8221;off&#8221; global_colors_info=&#8221;{}&#8221;][\/et_pb_audio][et_pb_audio audio=&#8221;https:\/\/aurorareykjavik.is\/wp-content\/uploads\/2022\/07\/9-Quelles-sont-mes-chances-de-voir-les-aurores-boreales-17.7.2022-12.58.mp3&#8243; title=&#8221;Quelles sont les chances de voir une aurore ?&#8221; image_url=&#8221;https:\/\/aurorareykjavik.is\/wp-content\/uploads\/2022\/06\/39.png&#8221; _builder_version=&#8221;4.16&#8243; background_color=&#8221;#f9224d&#8221; background_enable_image=&#8221;off&#8221; global_colors_info=&#8221;{}&#8221;][\/et_pb_audio][et_pb_audio audio=&#8221;https:\/\/aurorareykjavik.is\/wp-content\/uploads\/2022\/10\/9-Chances-of-seeing-the-NL-Spanish.mp3&#8243; title=&#8221;\u00bfCu\u00e1les son las posibilidades de ver una aurora?&#8221; image_url=&#8221;https:\/\/aurorareykjavik.is\/wp-content\/uploads\/2022\/06\/19.png&#8221; _builder_version=&#8221;4.17.6&#8243; background_color=&#8221;#ac00ea&#8221; background_enable_image=&#8221;off&#8221; global_colors_info=&#8221;{}&#8221;][\/et_pb_audio][et_pb_audio audio=&#8221;https:\/\/aurorareykjavik.is\/wp-content\/uploads\/2024\/03\/9-Chance-of-seeing-NL-24.3.2024-12.00.mp3&#8243; title=&#8221;\u5c0b\u627e\u6975\u5149\u7684\u6a5f\u6703&#8221; image_url=&#8221;https:\/\/aurorareykjavik.is\/wp-content\/uploads\/2024\/03\/59.png&#8221; _builder_version=&#8221;4.17.6&#8243; background_color=&#8221;#E02B20&#8243; background_enable_image=&#8221;off&#8221; global_colors_info=&#8221;{}&#8221;][\/et_pb_audio][et_pb_audio audio=&#8221;https:\/\/aurorareykjavik.is\/wp-content\/uploads\/2024\/04\/9-Chance-of-seeing-NL-Mandarin-22.4.2024-08.51.mp3&#8243; title=&#8221;\u5bfb\u627e\u6781\u5149\u7684\u673a\u4f1a&#8221; image_url=&#8221;https:\/\/aurorareykjavik.is\/wp-content\/uploads\/2024\/04\/69.png&#8221; _builder_version=&#8221;4.17.6&#8243; background_color=&#8221;#C5310D&#8221; background_enable_image=&#8221;off&#8221; global_colors_info=&#8221;{}&#8221;][\/et_pb_audio][\/et_pb_column][\/et_pb_row][\/et_pb_section][et_pb_section fb_built=&#8221;1&#8243; fullwidth=&#8221;on&#8221; admin_label=&#8221;Hero Section&#8221; _builder_version=&#8221;4.16&#8243; background_image=&#8221;https:\/\/aurorareykjavik.is\/wp-content\/uploads\/2021\/10\/Aurora-at-Grotta-00010-of-11.jpg&#8221; background_enable_video_mp4=&#8221;off&#8221; custom_padding=&#8221;0px|0px|0px|0px&#8221; global_colors_info=&#8221;{}&#8221;][et_pb_fullwidth_header title=&#8221;Book a Northern Lights Tour&#8221; text_orientation=&#8221;center&#8221; header_fullscreen=&#8221;on&#8221; button_one_text=&#8221;More&#8221; button_one_url=&#8221;https:\/\/aurorareykjavik.is\/northern-light-tours\/&#8221; background_overlay_color=&#8221;rgba(255,255,255,0.01)&#8221; content_max_width=&#8221;700px&#8221; disabled_on=&#8221;off|off|off&#8221; admin_label=&#8221;Hero&#8221; _builder_version=&#8221;4.16&#8243; title_font=&#8221;Oswald|on||on|&#8221; title_font_size=&#8221;50px&#8221; title_line_height=&#8221;1.3em&#8221; content_font=&#8221;Roboto||||&#8221; content_font_size=&#8221;20px&#8221; content_line_height=&#8221;1.7em&#8221; background_color=&#8221;rgba(255, 255, 255, 0)&#8221; parallax=&#8221;on&#8221; parallax_method=&#8221;on&#8221; custom_button_one=&#8221;on&#8221; button_one_border_radius=&#8221;12px&#8221; button_one_letter_spacing=&#8221;6px&#8221; button_one_font=&#8221;Oswald|on||on|&#8221; button_one_icon=&#8221;&#x24;||divi||400&#8243; button_one_icon_color=&#8221;#ffffff&#8221; animation_style=&#8221;zoom&#8221; animation_direction=&#8221;bottom&#8221; animation_intensity_zoom=&#8221;4%&#8221; button_one_text_color_hover=&#8221;#ffffff&#8221; button_one_border_color_hover=&#8221;#ffffff&#8221; button_one_border_radius_hover=&#8221;0px&#8221; button_one_letter_spacing_hover=&#8221;4px&#8221; button_one_bg_color_hover=&#8221;rgba(0,0,0,0)&#8221; global_colors_info=&#8221;{}&#8221; button_one_text_size__hover_enabled=&#8221;off&#8221; button_two_text_size__hover_enabled=&#8221;off&#8221; button_one_text_color__hover_enabled=&#8221;on&#8221; button_one_text_color__hover=&#8221;#ffffff&#8221; button_two_text_color__hover_enabled=&#8221;off&#8221; button_one_border_width__hover_enabled=&#8221;off&#8221; button_two_border_width__hover_enabled=&#8221;off&#8221; button_one_border_color__hover_enabled=&#8221;on&#8221; button_one_border_color__hover=&#8221;#ffffff&#8221; button_two_border_color__hover_enabled=&#8221;off&#8221; button_one_border_radius__hover_enabled=&#8221;on&#8221; button_one_border_radius__hover=&#8221;0px&#8221; button_two_border_radius__hover_enabled=&#8221;off&#8221; button_one_letter_spacing__hover_enabled=&#8221;on&#8221; button_one_letter_spacing__hover=&#8221;4px&#8221; button_two_letter_spacing__hover_enabled=&#8221;off&#8221; button_one_bg_color__hover_enabled=&#8221;on&#8221; button_one_bg_color__hover=&#8221;rgba(0,0,0,0)&#8221; button_two_bg_color__hover_enabled=&#8221;off&#8221;][\/et_pb_fullwidth_header][\/et_pb_section]<\/p>\n","protected":false},"excerpt":{"rendered":"","protected":false},"author":4,"featured_media":235651,"parent":0,"menu_order":0,"comment_status":"closed","ping_status":"closed","template":"","meta":{"_acf_changed":false,"_et_pb_use_builder":"on","_et_pb_old_content":"","_et_gb_content_width":"","om_disable_all_campaigns":false,"pgc_sgb_lightbox_settings":"","footnotes":""},"class_list":["post-236203","page","type-page","status-publish","has-post-thumbnail","hentry"],"acf":[],"aioseo_notices":[],"jetpack_sharing_enabled":true,"_links":{"self":[{"href":"https:\/\/aurorareykjavik.is\/zh\/wp-json\/wp\/v2\/pages\/236203","targetHints":{"allow":["GET"]}}],"collection":[{"href":"https:\/\/aurorareykjavik.is\/zh\/wp-json\/wp\/v2\/pages"}],"about":[{"href":"https:\/\/aurorareykjavik.is\/zh\/wp-json\/wp\/v2\/types\/page"}],"author":[{"embeddable":true,"href":"https:\/\/aurorareykjavik.is\/zh\/wp-json\/wp\/v2\/users\/4"}],"replies":[{"embeddable":true,"href":"https:\/\/aurorareykjavik.is\/zh\/wp-json\/wp\/v2\/comments?post=236203"}],"version-history":[{"count":22,"href":"https:\/\/aurorareykjavik.is\/zh\/wp-json\/wp\/v2\/pages\/236203\/revisions"}],"predecessor-version":[{"id":239670,"href":"https:\/\/aurorareykjavik.is\/zh\/wp-json\/wp\/v2\/pages\/236203\/revisions\/239670"}],"wp:featuredmedia":[{"embeddable":true,"href":"https:\/\/aurorareykjavik.is\/zh\/wp-json\/wp\/v2\/media\/235651"}],"wp:attachment":[{"href":"https:\/\/aurorareykjavik.is\/zh\/wp-json\/wp\/v2\/media?parent=236203"}],"curies":[{"name":"wp","href":"https:\/\/api.w.org\/{rel}","templated":true}]}}