{"id":236187,"date":"2022-06-30T10:08:35","date_gmt":"2022-06-30T10:08:35","guid":{"rendered":"https:\/\/aurorareykjavik.is\/?page_id=236187"},"modified":"2024-08-28T16:10:21","modified_gmt":"2024-08-28T16:10:21","slug":"audio-guide-6-why-cant-we-see-the-northern-lights-everywhere","status":"publish","type":"page","link":"https:\/\/aurorareykjavik.is\/zh\/audio-guide-6-why-cant-we-see-the-northern-lights-everywhere\/","title":{"rendered":"Audio Guide 06 Why can&#8217;t we see the northern lights everywhere"},"content":{"rendered":"<p>[et_pb_section fb_built=&#8221;1&#8243; fullwidth=&#8221;on&#8221; admin_label=&#8221;Hero Section&#8221; _builder_version=&#8221;4.16&#8243; background_image=&#8221;https:\/\/aurorareykjavik.is\/wp-content\/uploads\/2021\/11\/Aurora-Reykjavik-with-Northern-Lights.png&#8221; background_enable_video_mp4=&#8221;off&#8221; custom_padding=&#8221;0px|0px|0px|0px&#8221; global_colors_info=&#8221;{}&#8221;][et_pb_fullwidth_header title=&#8221;AUDIO GUIDE 6&#8243; text_orientation=&#8221;center&#8221; header_fullscreen=&#8221;on&#8221; button_one_url=&#8221;#alltours&#8221; background_overlay_color=&#8221;rgba(255,255,255,0.01)&#8221; content_max_width=&#8221;700px&#8221; disabled_on=&#8221;off|off|off&#8221; admin_label=&#8221;Hero&#8221; _builder_version=&#8221;4.17.6&#8243; title_font=&#8221;Oswald|on||on|&#8221; title_font_size=&#8221;50px&#8221; title_line_height=&#8221;1.3em&#8221; content_font=&#8221;Roboto||||&#8221; content_font_size=&#8221;20px&#8221; content_line_height=&#8221;1.7em&#8221; background_color=&#8221;rgba(255, 255, 255, 0)&#8221; parallax=&#8221;on&#8221; parallax_method=&#8221;on&#8221; custom_button_one=&#8221;on&#8221; button_one_border_radius=&#8221;12px&#8221; button_one_letter_spacing=&#8221;6px&#8221; button_one_font=&#8221;Oswald|on||on|&#8221; button_one_icon=&#8221;&#x24;||divi||400&#8243; button_one_icon_color=&#8221;#ffffff&#8221; animation_style=&#8221;zoom&#8221; animation_direction=&#8221;bottom&#8221; animation_intensity_zoom=&#8221;4%&#8221; button_one_text_color_hover=&#8221;#ffffff&#8221; button_one_border_color_hover=&#8221;#ffffff&#8221; button_one_border_radius_hover=&#8221;0px&#8221; button_one_letter_spacing_hover=&#8221;4px&#8221; button_one_bg_color_hover=&#8221;rgba(0,0,0,0)&#8221; global_colors_info=&#8221;{}&#8221; button_one_text_size__hover_enabled=&#8221;off&#8221; button_two_text_size__hover_enabled=&#8221;off&#8221; button_one_text_color__hover_enabled=&#8221;on&#8221; button_one_text_color__hover=&#8221;#ffffff&#8221; button_two_text_color__hover_enabled=&#8221;off&#8221; button_one_border_width__hover_enabled=&#8221;off&#8221; button_two_border_width__hover_enabled=&#8221;off&#8221; button_one_border_color__hover_enabled=&#8221;on&#8221; button_one_border_color__hover=&#8221;#ffffff&#8221; button_two_border_color__hover_enabled=&#8221;off&#8221; button_one_border_radius__hover_enabled=&#8221;on&#8221; button_one_border_radius__hover=&#8221;0px&#8221; button_two_border_radius__hover_enabled=&#8221;off&#8221; button_one_letter_spacing__hover_enabled=&#8221;on&#8221; button_one_letter_spacing__hover=&#8221;4px&#8221; button_two_letter_spacing__hover_enabled=&#8221;off&#8221; button_one_bg_color__hover_enabled=&#8221;on&#8221; button_one_bg_color__hover=&#8221;rgba(0,0,0,0)&#8221; button_two_bg_color__hover_enabled=&#8221;off&#8221;][\/et_pb_fullwidth_header][\/et_pb_section][et_pb_section fb_built=&#8221;1&#8243; inner_shadow=&#8221;on&#8221; _builder_version=&#8221;4.16&#8243; background_color=&#8221;#dbdbdb&#8221; box_shadow_style=&#8221;preset1&#8243; global_colors_info=&#8221;{}&#8221;][et_pb_row _builder_version=&#8221;4.16&#8243; background_size=&#8221;initial&#8221; background_position=&#8221;top_left&#8221; background_repeat=&#8221;repeat&#8221; global_colors_info=&#8221;{}&#8221;][et_pb_column type=&#8221;4_4&#8243; _builder_version=&#8221;4.16&#8243; custom_padding=&#8221;|||&#8221; global_colors_info=&#8221;{}&#8221; custom_padding__hover=&#8221;|||&#8221;][et_pb_audio audio=&#8221;https:\/\/aurorareykjavik.is\/wp-content\/uploads\/2024\/08\/6-Why-cant-we-see-the-Northern-Lights-everywhere-28.8.2024-15.51.mp3&#8243; title=&#8221;Why can&#8217;t we see the aurora everywhere?&#8221; image_url=&#8221;https:\/\/aurorareykjavik.is\/wp-content\/uploads\/2022\/06\/46.png&#8221; _builder_version=&#8221;4.25.2&#8243; background_color=&#8221;#7CDA24&#8243; background_enable_image=&#8221;off&#8221; global_colors_info=&#8221;{}&#8221;][\/et_pb_audio][et_pb_audio audio=&#8221;https:\/\/aurorareykjavik.is\/wp-content\/uploads\/2024\/05\/Why-dont-we-see-the-aurora-everywhere-islensku-30.5.2024-12.53.mp3&#8243; title=&#8221;Af hverju getum vi\u00f0 ekki s\u00e9\u00f0 nor\u00f0urlj\u00f3s alls sta\u00f0ar?&#8221; image_url=&#8221;https:\/\/aurorareykjavik.is\/wp-content\/uploads\/2024\/05\/76.png&#8221; _builder_version=&#8221;4.17.6&#8243; background_color=&#8221;#0DA0C5&#8243; background_enable_image=&#8221;off&#8221; global_colors_info=&#8221;{}&#8221;][\/et_pb_audio][et_pb_audio audio=&#8221;https:\/\/aurorareykjavik.is\/wp-content\/uploads\/2022\/07\/Konne-wir-die-Polarlichter-auch-in-Deutschland-beobachten-16.7.2022-12.12.mp3&#8243; title=&#8221;Warum k\u00f6nnen wir das Nordlicht nur in den Polarregionen sehen?&#8221; image_url=&#8221;https:\/\/aurorareykjavik.is\/wp-content\/uploads\/2022\/06\/6.png&#8221; _builder_version=&#8221;4.16&#8243; background_color=&#8221;#EDF000&#8243; background_enable_image=&#8221;off&#8221; global_colors_info=&#8221;{}&#8221;][\/et_pb_audio][et_pb_audio audio=&#8221;https:\/\/aurorareykjavik.is\/wp-content\/uploads\/2022\/07\/7-Aurora-Oval-ITA-16.7.2022-12.23.mp3&#8243; title=&#8221;Come mai l\u2019aurora non si vede ovunque?&#8221; image_url=&#8221;https:\/\/aurorareykjavik.is\/wp-content\/uploads\/2022\/06\/26.png&#8221; _builder_version=&#8221;4.16&#8243; background_color=&#8221;#ffae00&#8243; background_enable_image=&#8221;off&#8221; global_colors_info=&#8221;{}&#8221;][\/et_pb_audio][et_pb_audio audio=&#8221;https:\/\/aurorareykjavik.is\/wp-content\/uploads\/2022\/07\/7-Ovale-auroral-16.7.2022-12.40.mp3&#8243; title=&#8221;Pourquoi les aurores bor\u00e9ales ne se voient-elles pas partout ?&#8221; image_url=&#8221;https:\/\/aurorareykjavik.is\/wp-content\/uploads\/2022\/06\/36.png&#8221; _builder_version=&#8221;4.16&#8243; background_color=&#8221;#f9224d&#8221; background_enable_image=&#8221;off&#8221; global_colors_info=&#8221;{}&#8221;][\/et_pb_audio][et_pb_audio audio=&#8221;https:\/\/aurorareykjavik.is\/wp-content\/uploads\/2022\/10\/7-Aurora-oval-Spanish.mp3&#8243; title=&#8221;\u00bfPor qu\u00e9 la aurora boreal no se ve en todas partes?&#8221; image_url=&#8221;https:\/\/aurorareykjavik.is\/wp-content\/uploads\/2022\/06\/16.png&#8221; _builder_version=&#8221;4.17.6&#8243; background_color=&#8221;#ac00ea&#8221; background_enable_image=&#8221;off&#8221; global_colors_info=&#8221;{}&#8221;][\/et_pb_audio][et_pb_audio audio=&#8221;https:\/\/aurorareykjavik.is\/wp-content\/uploads\/2024\/03\/7-Miles-Aurora-Oval-Southern-Lights-24.3.2024-09.44.mp3&#8243; title=&#8221;\u6975\u5149\u5728\u54ea\u88e1?&#8221; image_url=&#8221;https:\/\/aurorareykjavik.is\/wp-content\/uploads\/2024\/03\/56.png&#8221; _builder_version=&#8221;4.17.6&#8243; background_color=&#8221;#E02B20&#8243; background_enable_image=&#8221;off&#8221; global_colors_info=&#8221;{}&#8221;][\/et_pb_audio][et_pb_audio audio=&#8221;https:\/\/aurorareykjavik.is\/wp-content\/uploads\/2024\/04\/7-Why-cant-we-see-the-Northern-Lights-everywhere-Mandarin-22.4.2024-08.42.mp3&#8243; title=&#8221;\u6781\u5149\u5728\u54ea\u91cc?&#8221; image_url=&#8221;https:\/\/aurorareykjavik.is\/wp-content\/uploads\/2024\/04\/66.png&#8221; _builder_version=&#8221;4.17.6&#8243; background_color=&#8221;#C5310D&#8221; background_enable_image=&#8221;off&#8221; global_colors_info=&#8221;{}&#8221;][\/et_pb_audio][\/et_pb_column][\/et_pb_row][\/et_pb_section][et_pb_section fb_built=&#8221;1&#8243; fullwidth=&#8221;on&#8221; admin_label=&#8221;Hero Section&#8221; _builder_version=&#8221;4.16&#8243; background_image=&#8221;https:\/\/aurorareykjavik.is\/wp-content\/uploads\/2021\/10\/Aurora-at-Grotta-00010-of-11.jpg&#8221; background_enable_video_mp4=&#8221;off&#8221; custom_padding=&#8221;0px|0px|0px|0px&#8221; global_colors_info=&#8221;{}&#8221;][et_pb_fullwidth_header title=&#8221;Book a Northern Lights Tour&#8221; text_orientation=&#8221;center&#8221; header_fullscreen=&#8221;on&#8221; button_one_text=&#8221;More&#8221; button_one_url=&#8221;https:\/\/aurorareykjavik.is\/northern-light-tours\/&#8221; background_overlay_color=&#8221;rgba(255,255,255,0.01)&#8221; content_max_width=&#8221;700px&#8221; disabled_on=&#8221;off|off|off&#8221; admin_label=&#8221;Hero&#8221; _builder_version=&#8221;4.16&#8243; title_font=&#8221;Oswald|on||on|&#8221; title_font_size=&#8221;50px&#8221; title_line_height=&#8221;1.3em&#8221; content_font=&#8221;Roboto||||&#8221; content_font_size=&#8221;20px&#8221; content_line_height=&#8221;1.7em&#8221; background_color=&#8221;rgba(255, 255, 255, 0)&#8221; parallax=&#8221;on&#8221; parallax_method=&#8221;on&#8221; custom_button_one=&#8221;on&#8221; button_one_border_radius=&#8221;12px&#8221; button_one_letter_spacing=&#8221;6px&#8221; button_one_font=&#8221;Oswald|on||on|&#8221; button_one_icon=&#8221;&#x24;||divi||400&#8243; button_one_icon_color=&#8221;#ffffff&#8221; animation_style=&#8221;zoom&#8221; animation_direction=&#8221;bottom&#8221; animation_intensity_zoom=&#8221;4%&#8221; button_one_text_color_hover=&#8221;#ffffff&#8221; button_one_border_color_hover=&#8221;#ffffff&#8221; button_one_border_radius_hover=&#8221;0px&#8221; button_one_letter_spacing_hover=&#8221;4px&#8221; button_one_bg_color_hover=&#8221;rgba(0,0,0,0)&#8221; global_colors_info=&#8221;{}&#8221; button_one_text_size__hover_enabled=&#8221;off&#8221; button_two_text_size__hover_enabled=&#8221;off&#8221; button_one_text_color__hover_enabled=&#8221;on&#8221; button_one_text_color__hover=&#8221;#ffffff&#8221; button_two_text_color__hover_enabled=&#8221;off&#8221; button_one_border_width__hover_enabled=&#8221;off&#8221; button_two_border_width__hover_enabled=&#8221;off&#8221; button_one_border_color__hover_enabled=&#8221;on&#8221; button_one_border_color__hover=&#8221;#ffffff&#8221; button_two_border_color__hover_enabled=&#8221;off&#8221; button_one_border_radius__hover_enabled=&#8221;on&#8221; button_one_border_radius__hover=&#8221;0px&#8221; button_two_border_radius__hover_enabled=&#8221;off&#8221; button_one_letter_spacing__hover_enabled=&#8221;on&#8221; button_one_letter_spacing__hover=&#8221;4px&#8221; button_two_letter_spacing__hover_enabled=&#8221;off&#8221; button_one_bg_color__hover_enabled=&#8221;on&#8221; button_one_bg_color__hover=&#8221;rgba(0,0,0,0)&#8221; button_two_bg_color__hover_enabled=&#8221;off&#8221;][\/et_pb_fullwidth_header][\/et_pb_section]<\/p>\n","protected":false},"excerpt":{"rendered":"","protected":false},"author":4,"featured_media":236077,"parent":0,"menu_order":0,"comment_status":"closed","ping_status":"closed","template":"","meta":{"_acf_changed":false,"_et_pb_use_builder":"on","_et_pb_old_content":"","_et_gb_content_width":"","om_disable_all_campaigns":false,"pgc_sgb_lightbox_settings":"","footnotes":""},"class_list":["post-236187","page","type-page","status-publish","has-post-thumbnail","hentry"],"acf":[],"aioseo_notices":[],"jetpack_sharing_enabled":true,"_links":{"self":[{"href":"https:\/\/aurorareykjavik.is\/zh\/wp-json\/wp\/v2\/pages\/236187","targetHints":{"allow":["GET"]}}],"collection":[{"href":"https:\/\/aurorareykjavik.is\/zh\/wp-json\/wp\/v2\/pages"}],"about":[{"href":"https:\/\/aurorareykjavik.is\/zh\/wp-json\/wp\/v2\/types\/page"}],"author":[{"embeddable":true,"href":"https:\/\/aurorareykjavik.is\/zh\/wp-json\/wp\/v2\/users\/4"}],"replies":[{"embeddable":true,"href":"https:\/\/aurorareykjavik.is\/zh\/wp-json\/wp\/v2\/comments?post=236187"}],"version-history":[{"count":22,"href":"https:\/\/aurorareykjavik.is\/zh\/wp-json\/wp\/v2\/pages\/236187\/revisions"}],"predecessor-version":[{"id":239664,"href":"https:\/\/aurorareykjavik.is\/zh\/wp-json\/wp\/v2\/pages\/236187\/revisions\/239664"}],"wp:featuredmedia":[{"embeddable":true,"href":"https:\/\/aurorareykjavik.is\/zh\/wp-json\/wp\/v2\/media\/236077"}],"wp:attachment":[{"href":"https:\/\/aurorareykjavik.is\/zh\/wp-json\/wp\/v2\/media?parent=236187"}],"curies":[{"name":"wp","href":"https:\/\/api.w.org\/{rel}","templated":true}]}}