{"id":10,"date":"2016-03-04T17:54:50","date_gmt":"2016-03-04T17:54:50","guid":{"rendered":"http:\/\/aurorareykjavik.is\/?page_id=10"},"modified":"2020-05-26T13:21:23","modified_gmt":"2020-05-26T13:21:23","slug":"fotografias-de-auroras","status":"publish","type":"page","link":"https:\/\/aurorareykjavik.is\/zh\/fotografias-de-auroras\/","title":{"rendered":"Fotograf\u00edas de auroras boreales"},"content":{"rendered":"<p>[et_pb_section fb_built=&#8221;1&#8243; inner_shadow=&#8221;on&#8221; fullwidth=&#8221;on&#8221; custom_padding_last_edited=&#8221;on|desktop&#8221; admin_label=&#8221;section&#8221; _builder_version=&#8221;3.22&#8243; background_color=&#8221;#2ea3f2&#8243; background_image=&#8221;https:\/\/aurorareykjavik.is\/wp-content\/uploads\/2016\/03\/IMG_8879.jpg&#8221; custom_padding=&#8221;40px||40px|&#8221; custom_padding_tablet=&#8221;50px|0|50px|0&#8243; custom_padding_phone=&#8221;&#8221; transparent_background=&#8221;off&#8221; padding_mobile=&#8221;off&#8221;][et_pb_fullwidth_header title=&#8221;C\u00f3mo hacer fotograf\u00edas de auroras boreales&#8221; text_orientation=&#8221;center&#8221; button_one_text=&#8221;Reserva tu tour&#8221; button_one_url=&#8221;https:\/\/aurorareykjavik.is\/northern-lights-tours\/&#8221; content_max_width=&#8221;none&#8221; _builder_version=&#8221;4.3.2&#8243; title_font_size=&#8221;40px&#8221; background_color=&#8221;rgba(255, 255, 255, 0)&#8221; button_one_text_size__hover_enabled=&#8221;off&#8221; button_two_text_size__hover_enabled=&#8221;off&#8221; button_one_text_color__hover_enabled=&#8221;off&#8221; button_two_text_color__hover_enabled=&#8221;off&#8221; button_one_border_width__hover_enabled=&#8221;off&#8221; button_two_border_width__hover_enabled=&#8221;off&#8221; button_one_border_color__hover_enabled=&#8221;off&#8221; button_two_border_color__hover_enabled=&#8221;off&#8221; button_one_border_radius__hover_enabled=&#8221;off&#8221; button_two_border_radius__hover_enabled=&#8221;off&#8221; button_one_letter_spacing__hover_enabled=&#8221;off&#8221; button_two_letter_spacing__hover_enabled=&#8221;off&#8221; button_one_bg_color__hover_enabled=&#8221;off&#8221; button_two_bg_color__hover_enabled=&#8221;off&#8221;][\/et_pb_fullwidth_header][\/et_pb_section][et_pb_section fb_built=&#8221;1&#8243; specialty=&#8221;on&#8221; custom_padding_last_edited=&#8221;on|desktop&#8221; admin_label=&#8221;section&#8221; _builder_version=&#8221;3.22&#8243; background_color=&#8221;#000000&#8243; custom_padding_tablet=&#8221;50px|0|50px|0&#8243; custom_padding_phone=&#8221;&#8221; transparent_background=&#8221;off&#8221; padding_mobile=&#8221;off&#8221;][et_pb_column type=&#8221;3_4&#8243; specialty_columns=&#8221;3&#8243; _builder_version=&#8221;3.25&#8243; custom_padding=&#8221;|||&#8221; custom_padding__hover=&#8221;|||&#8221;][et_pb_row_inner padding_mobile=&#8221;off&#8221; column_padding_mobile=&#8221;off&#8221; _builder_version=&#8221;3.25&#8243;][et_pb_column_inner saved_specialty_column_type=&#8221;3_4&#8243; _builder_version=&#8221;3.25&#8243; custom_padding=&#8221;|||&#8221; custom_padding__hover=&#8221;|||&#8221;][et_pb_text _builder_version=&#8221;4.3.2&#8243; background_size=&#8221;initial&#8221; background_position=&#8221;top_left&#8221; background_repeat=&#8221;repeat&#8221; background_layout=&#8221;dark&#8221; use_border_color=&#8221;off&#8221; border_style=&#8221;solid&#8221;]<\/p>\n<p>Salir a la caza de auroras tiene su dificultad, principalmente debido a unas condiciones meteorol\u00f3gicas cambiantes y a condiciones altamente impredecibles. Puedes utilizar a modo orientativo las previsiones de auroras en esta p\u00e1gina web.<\/p>\n<p>Por lo general, solemos recomendar alguno de los tours guiados por profesionales que encontrar\u00e1s en nuestra p\u00e1gina.<\/p>\n<p>Estos conocen los mejores lugares para encontrar y fotografiar auroras. Algunos de ellos tambi\u00e9n son excelentes fot\u00f3grafos que compartir\u00e1n contigo sus trucos.<\/p>\n<p>Antes de salir en busca de auroras por tu cuenta, p\u00e1sate por nuestra oficina con tu c\u00e1mara y te daremos consejos para que aprendas a utilizar los ajustes. Tambi\u00e9n tenemos un simulador en el que puedes usar tu c\u00e1mara en circunstancias de luz reales. Y recuerda que, si no tienes c\u00e1mara, nosotros contamos con un servicio de alquiler.<\/p>\n<p>\u00a1Buena suerte!<\/p>\n<p>[\/et_pb_text][\/et_pb_column_inner][\/et_pb_row_inner][et_pb_row_inner column_structure=&#8221;1_2,1_2&#8243; padding_mobile=&#8221;off&#8221; column_padding_mobile=&#8221;off&#8221; _builder_version=&#8221;3.25&#8243;][et_pb_column_inner type=&#8221;1_2&#8243; saved_specialty_column_type=&#8221;3_4&#8243; _builder_version=&#8221;3.25&#8243; custom_padding=&#8221;|||&#8221; custom_padding__hover=&#8221;|||&#8221;][et_pb_text _builder_version=&#8221;4.3.2&#8243; background_size=&#8221;initial&#8221; background_position=&#8221;top_left&#8221; background_repeat=&#8221;repeat&#8221; background_layout=&#8221;dark&#8221; use_border_color=&#8221;off&#8221; border_style=&#8221;solid&#8221;]<\/p>\n<h1>Equipo necesario para la fotograf\u00eda de auroras<\/h1>\n<ul>\n<li>C\u00e1mara DSLR con objetivo gran angular<\/li>\n<li>Tr\u00edpode<\/li>\n<li>Ropa de abrigo, gorro y guantes<\/li>\n<li>Linterna de luz roja<\/li>\n<li>Al menos dos pares de bater\u00edas cargadas<\/li>\n<li>Paciencia<\/li>\n<\/ul>\n<p>Opcional:<\/p>\n<ul>\n<li>\n<p>Mando a distancia<\/p>\n<\/li>\n<\/ul>\n<h2>\u00a0<\/h2>\n<p>[\/et_pb_text][\/et_pb_column_inner][et_pb_column_inner type=&#8221;1_2&#8243; saved_specialty_column_type=&#8221;3_4&#8243; _builder_version=&#8221;3.25&#8243; custom_padding=&#8221;|||&#8221; custom_padding__hover=&#8221;|||&#8221;][et_pb_text _builder_version=&#8221;4.3.2&#8243; background_size=&#8221;initial&#8221; background_position=&#8221;top_left&#8221; background_repeat=&#8221;repeat&#8221; background_layout=&#8221;dark&#8221; use_border_color=&#8221;off&#8221; border_style=&#8221;solid&#8221;]<\/p>\n<h1>Ajustes b\u00e1sicos para la fotograf\u00eda de auroras<\/h1>\n<ul>\n<li>ISO 800<\/li>\n<li>Apertura 3.5 o inferior<\/li>\n<li>Tiempo de exposici\u00f3n 10-20 segundos<\/li>\n<li>Enfoque manual<\/li>\n<\/ul>\n<h2>\u00a0<\/h2>\n<p>[\/et_pb_text][\/et_pb_column_inner][\/et_pb_row_inner][et_pb_row_inner padding_mobile=&#8221;off&#8221; column_padding_mobile=&#8221;off&#8221; _builder_version=&#8221;3.25&#8243;][et_pb_column_inner saved_specialty_column_type=&#8221;3_4&#8243; _builder_version=&#8221;3.25&#8243; custom_padding=&#8221;|||&#8221; custom_padding__hover=&#8221;|||&#8221;][et_pb_gallery gallery_ids=&#8221;784,783,782,781,869,881,862,174,68&#8243; posts_number=&#8221;12&#8243; show_title_and_caption=&#8221;off&#8221; show_pagination=&#8221;off&#8221; _builder_version=&#8221;3.0.87&#8243; background_layout=&#8221;dark&#8221; use_border_color=&#8221;off&#8221; border_color=&#8221;#ffffff&#8221; border_width=&#8221;1px&#8221; border_style=&#8221;solid&#8221;][\/et_pb_gallery][\/et_pb_column_inner][\/et_pb_row_inner][et_pb_row_inner column_structure=&#8221;1_2,1_2&#8243; admin_label=&#8221;Row&#8221; _builder_version=&#8221;3.25&#8243;][et_pb_column_inner type=&#8221;1_2&#8243; saved_specialty_column_type=&#8221;3_4&#8243; _builder_version=&#8221;3.25&#8243; custom_padding=&#8221;|||&#8221; custom_padding__hover=&#8221;|||&#8221;][et_pb_text _builder_version=&#8221;4.3.2&#8243; background_size=&#8221;initial&#8221; background_position=&#8221;top_left&#8221; background_repeat=&#8221;repeat&#8221; background_layout=&#8221;dark&#8221; custom_margin=&#8221;|1px||1px&#8221; custom_padding=&#8221;|1px||1px&#8221; border_style_all=&#8221;solid&#8221; use_border_color=&#8221;off&#8221; border_style=&#8221;solid&#8221;]<\/p>\n<h1>C\u00f3mo enfocar en la oscuridad<\/h1>\n<p>M\u00e9todo 1:<\/p>\n<ul>\n<li>\n<p>Enfoca una fuente de luz en la distancia; puede ser la luna, una estrella muy brillante o la luz de alguna granja o coche.<\/p>\n<\/li>\n<\/ul>\n<p>M\u00e9todo 2:<\/p>\n<ul>\n<li>\n<p>Ac\u00e9rcate al mismo lugar durante el d\u00eda y mant\u00e9n el enfoque.<\/p>\n<\/li>\n<\/ul>\n<p>M\u00e9todo 3:<\/p>\n<ul>\n<li>\n<p>Utiliza el modo infinito de tu lente (si lo tiene).<\/p>\n<\/li>\n<\/ul>\n<p>[\/et_pb_text][\/et_pb_column_inner][et_pb_column_inner type=&#8221;1_2&#8243; saved_specialty_column_type=&#8221;3_4&#8243; _builder_version=&#8221;3.25&#8243; custom_padding=&#8221;|||&#8221; custom_padding__hover=&#8221;|||&#8221;][et_pb_text _builder_version=&#8221;4.3.2&#8243; background_size=&#8221;initial&#8221; background_position=&#8221;top_left&#8221; background_repeat=&#8221;repeat&#8221; background_layout=&#8221;dark&#8221; use_border_color=&#8221;off&#8221; border_style=&#8221;solid&#8221;]<\/p>\n<h1>Consejos generales<\/h1>\n<p>Salir a cazar auroras tiene su truco, y la paciencia es fundamental. Los mejores momentos de la temporada son septiembre\/octubre y marzo\/abril. Normalmente las auroras pueden verse en Islandia desde septiembre hasta mediados de abril.<\/p>\n<p>Cu\u00e1ndo tiene lugar la aurora y cu\u00e1nto dura es impredecible. Estad\u00edsticamente hay mayores probabilidades durante la medianoche magn\u00e9tica, que en Islandia ocurre a las 23h.<\/p>\n<p>Aseg\u00farate de que llevas la ropa de abrigo apropiada. Ll\u00e9vate alguna bebida caliente y no olvides mirar hacia el norte, ya que es donde suelen verse las auroras.<\/p>\n<p>[\/et_pb_text][\/et_pb_column_inner][\/et_pb_row_inner][\/et_pb_column][et_pb_column type=&#8221;1_4&#8243; _builder_version=&#8221;3.25&#8243; custom_padding=&#8221;|||&#8221; custom_padding__hover=&#8221;|||&#8221;][et_pb_sidebar orientation=&#8221;right&#8221; _builder_version=&#8221;3.0.74&#8243; background_layout=&#8221;dark&#8221;][\/et_pb_sidebar][\/et_pb_column][\/et_pb_section]<\/p>\n","protected":false},"excerpt":{"rendered":"<p>Salir a la caza de auroras tiene su dificultad, principalmente debido a unas condiciones meteorol\u00f3gicas cambiantes y a condiciones altamente impredecibles. Puedes utilizar a modo orientativo las previsiones de auroras en esta p\u00e1gina web. Por lo general, solemos recomendar alguno de los tours guiados por profesionales que encontrar\u00e1s en nuestra p\u00e1gina. Estos conocen los mejores [&hellip;]<\/p>\n","protected":false},"author":4,"featured_media":0,"parent":0,"menu_order":0,"comment_status":"closed","ping_status":"closed","template":"","meta":{"_acf_changed":false,"_et_pb_use_builder":"on","_et_pb_old_content":"<p>Northern lights photos are incredibly inspiring, but they are not easy to take. Photographing the northern lights takes a huge amount of patience. On top, you\u00b4ll need a lot of\u00a0knowledge of how amounts of light and speed interact within your personal device.<\/p><p>To get inspired and learn the basic knowledge, come and see beautiful and awarded Northern Lights Photos of\u00a0Iceland at\u00a0AURORA REYKJAV\u00cdK\u2019S Northern Lights Center.<\/p><p>\u00a0<\/p><h2>The gear for taking\u00a0Northern Lights photos<\/h2><ul><li>DSLR Camera with wide angle lens<\/li><li>Tripod<\/li><li>Very warm clothes, hat and gloves<\/li><li>Headlamp with red light<\/li><li>Min. 2 pairs of fully charged batteries<\/li><li>Patience<\/li><\/ul><p>Optional:<\/p><ul><li>Remote<\/li><\/ul><h2>The basic settings for photographing the\u00a0Aurora<\/h2><ul><li>ISO 800<\/li><li>Aperture 3.5 or lower<\/li><li>Exposure time 10-20 seconds<\/li><li>Manual focus<\/li><\/ul><p>\u00a0<\/p><h2>How to focus in the darkness<\/h2><p>Method 1:<\/p><ul><li>Focus on a light source in a distance. This could be the moon, a very bright star or a light on a farm\/ a car.<\/li><\/ul><p>Method 2:<\/p><ul><li>Visit the same spot at daytime and keep the focus.<\/li><\/ul><p>Method 3:<\/p><ul><li>Just set your lens in the infinity mode<\/li><\/ul>[caption id=\"attachment_781\" align=\"alignnone\" width=\"300\"]<img class=\"wp-image-781 size-medium\" src=\"http:\/\/aurorareykjavik.is\/wp-content\/uploads\/2016\/03\/Aurora-2-von-15-300x200.jpg\" alt=\"\" width=\"300\" height=\"200\" \/> Aurora at Langj\u00f6kull Glacier, 16mm, F4, 10 seconds[\/caption][caption id=\"attachment_782\" align=\"alignnone\" width=\"300\"]<img class=\"wp-image-782 size-medium\" src=\"http:\/\/aurorareykjavik.is\/wp-content\/uploads\/2016\/03\/Aurora-3-von-15-300x200.jpg\" alt=\"\" width=\"300\" height=\"200\" \/> Aurora at Vestrahorn, 16mm, F4, 20 seconds[\/caption][caption id=\"attachment_783\" align=\"alignnone\" width=\"300\"]<img class=\"wp-image-783 size-medium\" src=\"http:\/\/aurorareykjavik.is\/wp-content\/uploads\/2016\/03\/Aurora-4-von-15-300x200.jpg\" alt=\"\" width=\"300\" height=\"200\" \/> Aurora and the full moon, 28 mm, F4, 2 seconds[\/caption][caption id=\"attachment_784\" align=\"alignnone\" width=\"300\"]<img class=\"wp-image-784 size-medium\" src=\"http:\/\/aurorareykjavik.is\/wp-content\/uploads\/2016\/03\/Aurora-12-von-15-300x200.jpg\" alt=\"\" width=\"300\" height=\"200\" \/> Aurora at Godafoss, 16 mm, F4, 8 seconds[\/caption]<p>\u00a0<\/p><p>Hunting the Aurora is tricky in Iceland, due to fast changing weather circumstances and almost unpredictable conditions. To get an orientation, check out the Aurora forecast on this website.<\/p><p>In genreal, we recommend you to take a guided tour with one of the excellent Northern Lights tour guides listed on our page.<\/p><p>They know the best spots to photograph and where to find the Aurora. Some of them are also excellent photographers who will share their tips.<\/p><p>Before you start your own hunt, bring your camera to us to get great tips for the right settings on your camera. We offer a photo boost where you can try your gear under almost real circumstances. No camera? Now worries - you can rent one here as well.<\/p><p>Good luck and happy hunting!<\/p><p>[envira-gallery slug=\"northern-lights-gallery\"]<\/p>","_et_gb_content_width":"","om_disable_all_campaigns":false,"pgc_sgb_lightbox_settings":"","footnotes":""},"class_list":["post-10","page","type-page","status-publish","hentry"],"acf":[],"aioseo_notices":[],"jetpack_sharing_enabled":true,"_links":{"self":[{"href":"https:\/\/aurorareykjavik.is\/zh\/wp-json\/wp\/v2\/pages\/10","targetHints":{"allow":["GET"]}}],"collection":[{"href":"https:\/\/aurorareykjavik.is\/zh\/wp-json\/wp\/v2\/pages"}],"about":[{"href":"https:\/\/aurorareykjavik.is\/zh\/wp-json\/wp\/v2\/types\/page"}],"author":[{"embeddable":true,"href":"https:\/\/aurorareykjavik.is\/zh\/wp-json\/wp\/v2\/users\/4"}],"replies":[{"embeddable":true,"href":"https:\/\/aurorareykjavik.is\/zh\/wp-json\/wp\/v2\/comments?post=10"}],"version-history":[{"count":19,"href":"https:\/\/aurorareykjavik.is\/zh\/wp-json\/wp\/v2\/pages\/10\/revisions"}],"predecessor-version":[{"id":4512,"href":"https:\/\/aurorareykjavik.is\/zh\/wp-json\/wp\/v2\/pages\/10\/revisions\/4512"}],"wp:attachment":[{"href":"https:\/\/aurorareykjavik.is\/zh\/wp-json\/wp\/v2\/media?parent=10"}],"curies":[{"name":"wp","href":"https:\/\/api.w.org\/{rel}","templated":true}]}}