{"id":246212,"date":"2025-09-18T12:34:17","date_gmt":"2025-09-18T12:34:17","guid":{"rendered":"https:\/\/aurorareykjavik.is\/?post_type=product&#038;p=246212"},"modified":"2025-12-16T07:21:26","modified_gmt":"2025-12-16T07:21:26","slug":"northern-lights-over-iceland-calendar-2026","status":"publish","type":"product","link":"https:\/\/aurorareykjavik.is\/it\/product\/northern-lights-over-iceland-calendar-2026\/","title":{"rendered":"Northern Lights over Iceland Calendar 2026"},"content":{"rendered":"<p>[et_pb_section fb_built=&#8221;1&#8243; _builder_version=&#8221;4.16&#8243; custom_padding=&#8221;0px||||false|false&#8221; global_colors_info=&#8221;{}&#8221;][et_pb_row _builder_version=&#8221;4.16&#8243; background_size=&#8221;initial&#8221; background_position=&#8221;top_left&#8221; background_repeat=&#8221;repeat&#8221; width=&#8221;100%&#8221; custom_padding=&#8221;0px||0px||false|false&#8221; global_colors_info=&#8221;{}&#8221;][et_pb_column type=&#8221;4_4&#8243; _builder_version=&#8221;4.16&#8243; custom_padding=&#8221;|||&#8221; global_colors_info=&#8221;{}&#8221; custom_padding__hover=&#8221;|||&#8221;][et_pb_wc_cart_notice _builder_version=&#8221;4.27.4&#8243; background_color=&#8221;#E02B20&#8243; global_colors_info=&#8221;{}&#8221;][\/et_pb_wc_cart_notice][\/et_pb_column][\/et_pb_row][et_pb_row column_structure=&#8221;1_2,1_2&#8243; _builder_version=&#8221;4.27.4&#8243; _module_preset=&#8221;default&#8221; width=&#8221;100%&#8221; custom_padding=&#8221;20px|20px|20px|20px|false|false&#8221; border_width_all=&#8221;1px&#8221; border_color_all=&#8221;RGBA(255,255,255,0)&#8221; border_style_all=&#8221;groove&#8221; global_colors_info=&#8221;{}&#8221;][et_pb_column type=&#8221;1_2&#8243; _builder_version=&#8221;4.27.4&#8243; _module_preset=&#8221;default&#8221; global_colors_info=&#8221;{}&#8221;][et_pb_text _builder_version=&#8221;4.27.4&#8243; _module_preset=&#8221;default&#8221; hover_enabled=&#8221;0&#8243; global_colors_info=&#8221;{}&#8221; header_font=&#8221;&#8211;et_global_heading_font||||||||&#8221; sticky_enabled=&#8221;0&#8243;]<\/p>\n<h1>Northern Lights over Iceland \u00a0Calendar 2026<\/h1>\n<h3><strong>Limited offer: Order 1, we will send you 2!<\/strong><\/h3>\n<p data-start=\"317\" data-end=\"458\">Our <strong data-start=\"345\" data-end=\"380\">annual Northern Lights calendar<\/strong> is finally here \u2014 the one our guests and followers ask for year after year.<\/p>\n<p data-start=\"460\" data-end=\"789\">This beautifully crafted calendar features <strong data-start=\"503\" data-end=\"532\">award-winning photographs<\/strong> by the owners and founders of <strong data-start=\"563\" data-end=\"583\">Aurora Reykjav\u00edk<\/strong>, <strong data-start=\"585\" data-end=\"603\">Gr\u00e9tar J\u00f3nsson<\/strong> and <strong data-start=\"608\" data-end=\"626\">Katarina Raker<\/strong>. Not only is it a stunning collection of aurora photography, it\u2019s also <strong data-start=\"698\" data-end=\"711\">practical<\/strong>, with plenty of space to write down <strong data-start=\"748\" data-end=\"786\">birthdays, appointments, and notes<\/strong>.<\/p>\n<p data-start=\"791\" data-end=\"967\">To make it even more special, the calendar includes <strong data-start=\"843\" data-end=\"917\">two extra pages with fascinating information about the Northern Lights<\/strong> plus a <strong data-start=\"925\" data-end=\"964\">QR code linking to exclusive videos<\/strong>.<\/p>\n<p data-start=\"791\" data-end=\"967\">[\/et_pb_text][\/et_pb_column][et_pb_column type=&#8221;1_2&#8243; _builder_version=&#8221;4.17.6&#8243; _module_preset=&#8221;default&#8221; global_colors_info=&#8221;{}&#8221;][et_pb_image src=&#8221;https:\/\/aurorareykjavik.is\/wp-content\/uploads\/2025\/09\/Screenshot-2025-09-21-at-11.46.38-scaled.png&#8221; alt=&#8221;Northern Lights over Kirkjufell, reflecting in the frozen icy lake&#8221; title_text=&#8221;Screenshot 2025-09-21 at 11.46.38&#8243; _builder_version=&#8221;4.27.4&#8243; _module_preset=&#8221;default&#8221; box_shadow_style=&#8221;preset2&#8243; global_colors_info=&#8221;{}&#8221;][\/et_pb_image][\/et_pb_column][\/et_pb_row][et_pb_row column_structure=&#8221;1_2,1_2&#8243; _builder_version=&#8221;4.16&#8243; background_size=&#8221;initial&#8221; background_position=&#8221;top_left&#8221; background_repeat=&#8221;repeat&#8221; width=&#8221;100%&#8221; custom_padding=&#8221;0px||||false|false&#8221; global_colors_info=&#8221;{}&#8221;][et_pb_column type=&#8221;1_2&#8243; _builder_version=&#8221;4.16&#8243; custom_padding=&#8221;|||&#8221; global_colors_info=&#8221;{}&#8221; custom_padding__hover=&#8221;|||&#8221;][et_pb_wc_images _builder_version=&#8221;4.27.4&#8243; global_colors_info=&#8221;{}&#8221;][\/et_pb_wc_images][et_pb_wc_rating _builder_version=&#8221;4.16&#8243; global_colors_info=&#8221;{}&#8221;][\/et_pb_wc_rating][et_pb_wc_price _builder_version=&#8221;4.16&#8243; global_colors_info=&#8221;{}&#8221;][\/et_pb_wc_price][\/et_pb_column][et_pb_column type=&#8221;1_2&#8243; _builder_version=&#8221;4.16&#8243; custom_padding=&#8221;|||&#8221; global_colors_info=&#8221;{}&#8221; custom_padding__hover=&#8221;|||&#8221;][et_pb_text _builder_version=&#8221;4.27.4&#8243; _module_preset=&#8221;default&#8221; global_colors_info=&#8221;{}&#8221;]<\/p>\n<p data-start=\"854\" data-end=\"875\"><strong data-start=\"854\" data-end=\"873\">Specifications:<\/strong><\/p>\n<ul data-start=\"876\" data-end=\"1211\">\n<li data-start=\"876\" data-end=\"947\">\n<p data-start=\"878\" data-end=\"947\">Size: <strong data-start=\"884\" data-end=\"916\">21 \u00d7 29.7 cm (8.3 \u00d7 11.7 in)<\/strong> \u2013 A4 landscape double format<\/p>\n<\/li>\n<li data-start=\"948\" data-end=\"1011\">\n<p data-start=\"950\" data-end=\"1011\"><strong data-start=\"950\" data-end=\"984\">13 individually designed pages<\/strong> (12 months + cover page)<\/p>\n<\/li>\n<li data-start=\"1012\" data-end=\"1037\">\n<p data-start=\"1014\" data-end=\"1037\"><strong data-start=\"1014\" data-end=\"1035\">28 pages in total<\/strong><\/p>\n<\/li>\n<li data-start=\"1038\" data-end=\"1102\">\n<p data-start=\"1040\" data-end=\"1102\">Printed on <strong data-start=\"1051\" data-end=\"1075\">130 g\/m\u00b2 matte paper<\/strong> (inside pages and cover)<\/p>\n<\/li>\n<li data-start=\"1103\" data-end=\"1134\">\n<p data-start=\"1105\" data-end=\"1134\"><strong data-start=\"1105\" data-end=\"1132\">Saddle-stitched binding<\/strong><\/p>\n<\/li>\n<li data-start=\"1135\" data-end=\"1177\">\n<p data-start=\"1137\" data-end=\"1177\"><strong data-start=\"1137\" data-end=\"1158\">Pre-punched holes<\/strong> for easy hanging<\/p>\n<\/li>\n<li data-start=\"1178\" data-end=\"1211\">\n<p data-start=\"1180\" data-end=\"1211\"><strong data-start=\"1180\" data-end=\"1209\">Full-color photo printing<\/strong><\/p>\n<\/li>\n<\/ul>\n<p>[\/et_pb_text][et_pb_wc_add_to_cart _builder_version=&#8221;4.16&#8243; global_colors_info=&#8221;{}&#8221;][\/et_pb_wc_add_to_cart][et_pb_image src=&#8221;https:\/\/aurorareykjavik.is\/wp-content\/uploads\/2023\/04\/Screenshot-2023-04-19-at-09.06.45.png&#8221; alt=&#8221;Payment method: Apple Pay or Google Pay&#8221; title_text=&#8221;Screenshot 2023-04-19 at 09.06.45&#8243; _builder_version=&#8221;4.17.6&#8243; _module_preset=&#8221;default&#8221; global_colors_info=&#8221;{}&#8221;][\/et_pb_image][et_pb_image src=&#8221;https:\/\/aurorareykjavik.is\/wp-content\/uploads\/2016\/03\/kortalogo-lina@2x.png&#8221; title_text=&#8221;kortalogo-lina@2x&#8221; _builder_version=&#8221;4.17.6&#8243; _module_preset=&#8221;default&#8221; global_colors_info=&#8221;{}&#8221;][\/et_pb_image][et_pb_image src=&#8221;https:\/\/aurorareykjavik.is\/wp-content\/uploads\/2021\/09\/siteSealImage.do_.png&#8221; title_text=&#8221;siteSealImage.do&#8221; _builder_version=&#8221;4.17.6&#8243; _module_preset=&#8221;default&#8221; global_colors_info=&#8221;{}&#8221;][\/et_pb_image][\/et_pb_column][\/et_pb_row][et_pb_row _builder_version=&#8221;4.27.4&#8243; _module_preset=&#8221;default&#8221; global_colors_info=&#8221;{}&#8221;][et_pb_column type=&#8221;4_4&#8243; _builder_version=&#8221;4.27.4&#8243; _module_preset=&#8221;default&#8221; global_colors_info=&#8221;{}&#8221;][et_pb_gallery gallery_ids=&#8221;246272,246273,246274,246275,246276,246277,246279,246280,246283,246282,246285,246284,246287,246286,246289,246288,246291,246290,246293,246292,246295,246294,246297,246296,246299,246298,246300,246301&#8243; _builder_version=&#8221;4.27.4&#8243; _module_preset=&#8221;default&#8221; global_colors_info=&#8221;{}&#8221;][\/et_pb_gallery][\/et_pb_column][\/et_pb_row][et_pb_row column_structure=&#8221;1_2,1_2&#8243; _builder_version=&#8221;4.17.6&#8243; _module_preset=&#8221;default&#8221; global_colors_info=&#8221;{}&#8221;][et_pb_column type=&#8221;1_2&#8243; _builder_version=&#8221;4.17.6&#8243; _module_preset=&#8221;default&#8221; global_colors_info=&#8221;{}&#8221;][et_pb_image src=&#8221;https:\/\/aurorareykjavik.is\/wp-content\/uploads\/2021\/04\/Untitled-design-6.png&#8221; alt=&#8221;Gr\u00e9tar J\u00f3nsson and Katarina Raker, Founders and Owners of Aurora Reykjav\u00edk, The Northern Lights Center&#8221; title_text=&#8221;Gr\u00e9tar J\u00f3nsson and Katarina Raker, Founders and Owners of Aurora Reykjav\u00edk, The Northern Lights Center&#8221; _builder_version=&#8221;4.17.6&#8243; _module_preset=&#8221;default&#8221; global_colors_info=&#8221;{}&#8221;][\/et_pb_image][\/et_pb_column][et_pb_column type=&#8221;1_2&#8243; _builder_version=&#8221;4.17.6&#8243; _module_preset=&#8221;default&#8221; global_colors_info=&#8221;{}&#8221;][et_pb_text _builder_version=&#8221;4.27.4&#8243; _module_preset=&#8221;default&#8221; hover_enabled=&#8221;0&#8243; global_colors_info=&#8221;{}&#8221; header_font=&#8221;&#8211;et_global_heading_font||||||||&#8221; sticky_enabled=&#8221;0&#8243; header_2_font=&#8221;&#8211;et_global_heading_font||||||||&#8221;]<\/p>\n<h2 style=\"text-align: center;\">THE PHOTOGRAPHERS<\/h2>\n<h2>Gr\u00e9tar J\u00f3nsson<\/h2>\n<p class=\"cvGsUA direction-ltr align-justify para-style-body\"><span class=\"OYPEnA text-decoration-none text-strikethrough-none\">I was born and raised in the subarctic town of Akureyri, located in North Iceland. <\/span><span class=\"OYPEnA text-decoration-none text-strikethrough-none\">My fascination with the Northern Lights has been a part of me for as long as I can recall.<\/span><\/p>\n<p class=\"cvGsUA direction-ltr align-justify para-style-body\"><span class=\"OYPEnA text-decoration-none text-strikethrough-none\">In 2013, we established Aurora Reykjav\u00edk with the intention of sharing our passion with visitors from around the globe.<\/span><\/p>\n<h2 style=\"text-align: right;\">Katarina Raker<\/h2>\n<p class=\"cvGsUA direction-ltr align-justify para-style-body\" style=\"text-align: right;\"><span class=\"OYPEnA text-decoration-none text-strikethrough-none\">I got my first DSLR at the age of 6, and promptly embarked on a lifelong journey dedicated to landscape photography.<\/span><\/p>\n<p class=\"cvGsUA direction-ltr align-justify para-style-body\" style=\"text-align: right;\"><span class=\"OYPEnA text-decoration-none text-strikethrough-none\">Since 2016, Reykjav\u00edk has been my home base. <\/span><span class=\"OYPEnA text-decoration-none text-strikethrough-none\">If I&#8217;m not at the museum, you&#8217;ll find me in pursuit of the Northern Lights.<\/span><\/p>\n<p>[\/et_pb_text][\/et_pb_column][\/et_pb_row][\/et_pb_section]<\/p>\n","protected":false},"excerpt":{"rendered":"<p data-start=\"854\" data-end=\"875\"><strong data-start=\"854\" data-end=\"873\">Specifications:<\/strong><\/p>\n<ul data-start=\"876\" data-end=\"1211\">\n<li data-start=\"876\" data-end=\"947\">\n<p data-start=\"878\" data-end=\"947\">Size: <strong data-start=\"884\" data-end=\"916\">21 \u00d7 29.7 cm (8.3 \u00d7 11.7 in)<\/strong> \u2013 A4 landscape double format<\/p>\n<\/li>\n<li data-start=\"948\" data-end=\"1011\">\n<p data-start=\"950\" data-end=\"1011\"><strong data-start=\"950\" data-end=\"984\">13 individually designed pages<\/strong> (12 months + cover page)<\/p>\n<\/li>\n<li data-start=\"1012\" data-end=\"1037\">\n<p data-start=\"1014\" data-end=\"1037\"><strong data-start=\"1014\" data-end=\"1035\">28 pages in total<\/strong><\/p>\n<\/li>\n<li data-start=\"1038\" data-end=\"1102\">\n<p data-start=\"1040\" data-end=\"1102\">Printed on <strong data-start=\"1051\" data-end=\"1075\">130 g\/m\u00b2 matte paper<\/strong> (inside pages and cover)<\/p>\n<\/li>\n<li data-start=\"1103\" data-end=\"1134\">\n<p data-start=\"1105\" data-end=\"1134\"><strong data-start=\"1105\" data-end=\"1132\">Saddle-stitched binding<\/strong><\/p>\n<\/li>\n<li data-start=\"1135\" data-end=\"1177\">\n<p data-start=\"1137\" data-end=\"1177\"><strong data-start=\"1137\" data-end=\"1158\">Pre-punched holes<\/strong> for easy hanging<\/p>\n<\/li>\n<li data-start=\"1178\" data-end=\"1211\">\n<p data-start=\"1180\" data-end=\"1211\"><strong data-start=\"1180\" data-end=\"1209\">Full-color photo printing<\/strong><\/p>\n<\/li>\n<\/ul>\n<p class=\"ProductDescription__description__2IZ5_\" data-photon=\"product-description-description\">","protected":false},"featured_media":246828,"comment_status":"closed","ping_status":"closed","template":"","meta":{"_acf_changed":false,"_et_pb_use_builder":"on","_et_pb_old_content":"<aside><\/aside>Our most requested item is back! The 2026 Aurora Reykjav\u00edk calendar features award-winning Northern Lights photography, space for notes, and bonus pages with aurora facts &amp; videos.\r\n<p class=\"ProductDescription__description__2IZ5_\" data-photon=\"product-description-description\"><\/p>","_et_gb_content_width":"","om_disable_all_campaigns":false,"pgc_sgb_lightbox_settings":""},"product_brand":[],"product_cat":[304],"product_tag":[306],"class_list":{"0":"post-246212","1":"product","2":"type-product","3":"status-publish","4":"has-post-thumbnail","6":"product_cat-calendar","7":"product_tag-calendar","8":"product_shipping_class-calendar-and-a4-pictures","10":"first","11":"instock","12":"taxable","13":"shipping-taxable","14":"purchasable","15":"product-type-simple"},"acf":[],"aioseo_notices":[],"jetpack_sharing_enabled":true,"_links":{"self":[{"href":"https:\/\/aurorareykjavik.is\/it\/wp-json\/wp\/v2\/product\/246212","targetHints":{"allow":["GET"]}}],"collection":[{"href":"https:\/\/aurorareykjavik.is\/it\/wp-json\/wp\/v2\/product"}],"about":[{"href":"https:\/\/aurorareykjavik.is\/it\/wp-json\/wp\/v2\/types\/product"}],"replies":[{"embeddable":true,"href":"https:\/\/aurorareykjavik.is\/it\/wp-json\/wp\/v2\/comments?post=246212"}],"wp:featuredmedia":[{"embeddable":true,"href":"https:\/\/aurorareykjavik.is\/it\/wp-json\/wp\/v2\/media\/246828"}],"wp:attachment":[{"href":"https:\/\/aurorareykjavik.is\/it\/wp-json\/wp\/v2\/media?parent=246212"}],"wp:term":[{"taxonomy":"product_brand","embeddable":true,"href":"https:\/\/aurorareykjavik.is\/it\/wp-json\/wp\/v2\/product_brand?post=246212"},{"taxonomy":"product_cat","embeddable":true,"href":"https:\/\/aurorareykjavik.is\/it\/wp-json\/wp\/v2\/product_cat?post=246212"},{"taxonomy":"product_tag","embeddable":true,"href":"https:\/\/aurorareykjavik.is\/it\/wp-json\/wp\/v2\/product_tag?post=246212"}],"curies":[{"name":"wp","href":"https:\/\/api.w.org\/{rel}","templated":true}]}}