{"id":235261,"date":"2021-04-03T14:02:53","date_gmt":"2021-04-03T14:02:53","guid":{"rendered":"https:\/\/aurorareykjavik.is\/?post_type=product&#038;p=235261"},"modified":"2026-02-25T11:02:47","modified_gmt":"2026-02-25T11:02:47","slug":"aurora-at-budir-church-snaefellsnes-iceland-fine-art-print-behind-6mm-acrylic-glass","status":"publish","type":"product","link":"https:\/\/aurorareykjavik.is\/it\/product\/aurora-at-budir-church-snaefellsnes-iceland-fine-art-print-behind-6mm-acrylic-glass\/","title":{"rendered":"Aurora at B\u00fa\u00f0ir Church, Sn\u00e6fellsnes, Iceland &#8211; Fine Art Print behind 6mm Acrylic Glass, 50*75 cm\/ 30*20 in"},"content":{"rendered":"<p>[et_pb_section fb_built=&#8221;1&#8243; _builder_version=&#8221;4.16&#8243; custom_padding=&#8221;0px||||false|false&#8221; global_colors_info=&#8221;{}&#8221;][et_pb_row _builder_version=&#8221;4.16&#8243; background_size=&#8221;initial&#8221; background_position=&#8221;top_left&#8221; background_repeat=&#8221;repeat&#8221; width=&#8221;100%&#8221; custom_padding=&#8221;0px||0px||false|false&#8221; global_colors_info=&#8221;{}&#8221;][et_pb_column type=&#8221;4_4&#8243; _builder_version=&#8221;4.16&#8243; custom_padding=&#8221;|||&#8221; global_colors_info=&#8221;{}&#8221; custom_padding__hover=&#8221;|||&#8221;][et_pb_wc_cart_notice _builder_version=&#8221;4.17.6&#8243; global_colors_info=&#8221;{}&#8221;][\/et_pb_wc_cart_notice][\/et_pb_column][\/et_pb_row][et_pb_row column_structure=&#8221;1_2,1_2&#8243; _builder_version=&#8221;4.16&#8243; background_size=&#8221;initial&#8221; background_position=&#8221;top_left&#8221; background_repeat=&#8221;repeat&#8221; width=&#8221;100%&#8221; custom_padding=&#8221;0px||||false|false&#8221; global_colors_info=&#8221;{}&#8221;][et_pb_column type=&#8221;1_2&#8243; _builder_version=&#8221;4.16&#8243; custom_padding=&#8221;|||&#8221; global_colors_info=&#8221;{}&#8221; custom_padding__hover=&#8221;|||&#8221;][et_pb_wc_images _builder_version=&#8221;4.16&#8243; global_colors_info=&#8221;{}&#8221;][\/et_pb_wc_images][\/et_pb_column][et_pb_column type=&#8221;1_2&#8243; _builder_version=&#8221;4.16&#8243; custom_padding=&#8221;|||&#8221; global_colors_info=&#8221;{}&#8221; custom_padding__hover=&#8221;|||&#8221;][et_pb_wc_title _builder_version=&#8221;4.16&#8243; global_colors_info=&#8221;{}&#8221;][\/et_pb_wc_title][et_pb_wc_description description_type=&#8221;description&#8221; _builder_version=&#8221;4.17.6&#8243; global_colors_info=&#8221;{}&#8221;][\/et_pb_wc_description][et_pb_wc_rating _builder_version=&#8221;4.16&#8243; global_colors_info=&#8221;{}&#8221;][\/et_pb_wc_rating][et_pb_wc_price _builder_version=&#8221;4.16&#8243; global_colors_info=&#8221;{}&#8221;][\/et_pb_wc_price][et_pb_wc_add_to_cart _builder_version=&#8221;4.16&#8243; global_colors_info=&#8221;{}&#8221;][\/et_pb_wc_add_to_cart][et_pb_image src=&#8221;https:\/\/aurorareykjavik.is\/wp-content\/uploads\/2023\/04\/Screenshot-2023-04-19-at-09.06.45.png&#8221; alt=&#8221;Payment method: Apple Pay or Google Pay&#8221; title_text=&#8221;Screenshot 2023-04-19 at 09.06.45&#8243; _builder_version=&#8221;4.17.6&#8243; _module_preset=&#8221;default&#8221; global_colors_info=&#8221;{}&#8221;][\/et_pb_image][et_pb_image src=&#8221;https:\/\/aurorareykjavik.is\/wp-content\/uploads\/2016\/03\/kortalogo-lina@2x.png&#8221; title_text=&#8221;kortalogo-lina@2x&#8221; _builder_version=&#8221;4.17.6&#8243; _module_preset=&#8221;default&#8221; global_colors_info=&#8221;{}&#8221;][\/et_pb_image][et_pb_image src=&#8221;https:\/\/aurorareykjavik.is\/wp-content\/uploads\/2021\/09\/siteSealImage.do_.png&#8221; title_text=&#8221;siteSealImage.do&#8221; _builder_version=&#8221;4.17.6&#8243; _module_preset=&#8221;default&#8221; global_colors_info=&#8221;{}&#8221;][\/et_pb_image][\/et_pb_column][\/et_pb_row][et_pb_row column_structure=&#8221;1_2,1_2&#8243; _builder_version=&#8221;4.17.6&#8243; _module_preset=&#8221;default&#8221; width=&#8221;100%&#8221; custom_padding=&#8221;20px|20px|20px|20px|false|false&#8221; border_width_all=&#8221;1px&#8221; border_style_all=&#8221;groove&#8221; global_colors_info=&#8221;{}&#8221;][et_pb_column type=&#8221;1_2&#8243; _builder_version=&#8221;4.17.6&#8243; _module_preset=&#8221;default&#8221; global_colors_info=&#8221;{}&#8221;][et_pb_text _builder_version=&#8221;4.17.6&#8243; _module_preset=&#8221;default&#8221; global_colors_info=&#8221;{}&#8221;]<\/p>\n<h2>Aurora at B\u00fa\u00f0ir Church, Sn\u00e6fellsnes, Iceland<\/h2>\n<p><em>&#8220;Watching the aurora borealis dance across the night sky is an awe-inspiring experience that makes it easy to understand why early humans saw these celestial displays as messages from or gateways to heaven. Every chance to capture them through my lens feels like a unique opportunity to capture the enchanting magic of our universe. This is especially true when paired with a visit to B\u00fa\u00f0ir church on the Snaefellsnes Peninsula.<\/em><\/p>\n<p><em>B\u00fa\u00f0ir church, a historic building that tells a profound story of Iceland&#8217;s culture and history, was once abandoned and almost left to disrepair during industrialization. However, as tourism breathed new life into the countryside, the church became a symbol of revival. Its surroundings, with the spectacular landscape and windswept ambiance, perfectly reflect the essence of the region.&#8221;<\/em><\/p>\n<p style=\"text-align: right;\">Katarina Raker, Photographer<\/p>\n<p>&nbsp;<br \/>\n[\/et_pb_text][\/et_pb_column][et_pb_column type=&#8221;1_2&#8243; _builder_version=&#8221;4.17.6&#8243; _module_preset=&#8221;default&#8221; global_colors_info=&#8221;{}&#8221;][et_pb_image src=&#8221;https:\/\/aurorareykjavik.is\/wp-content\/uploads\/2019\/01\/Budir.jpg&#8221; title_text=&#8221;Budir&#8221; _builder_version=&#8221;4.17.6&#8243; _module_preset=&#8221;default&#8221; box_shadow_style=&#8221;preset2&#8243; global_colors_info=&#8221;{}&#8221;][\/et_pb_image][\/et_pb_column][\/et_pb_row][et_pb_row column_structure=&#8221;1_2,1_2&#8243; _builder_version=&#8221;4.17.6&#8243; _module_preset=&#8221;default&#8221; global_colors_info=&#8221;{}&#8221;][et_pb_column type=&#8221;1_2&#8243; _builder_version=&#8221;4.17.6&#8243; _module_preset=&#8221;default&#8221; global_colors_info=&#8221;{}&#8221;][et_pb_image src=&#8221;https:\/\/aurorareykjavik.is\/wp-content\/uploads\/2021\/04\/Untitled-design-6.png&#8221; alt=&#8221;Gr\u00e9tar J\u00f3nsson and Katarina Raker, Founders and Owners of Aurora Reykjav\u00edk, The Northern Lights Center&#8221; title_text=&#8221;Gr\u00e9tar J\u00f3nsson and Katarina Raker, Founders and Owners of Aurora Reykjav\u00edk, The Northern Lights Center&#8221; _builder_version=&#8221;4.17.6&#8243; _module_preset=&#8221;default&#8221; global_colors_info=&#8221;{}&#8221;][\/et_pb_image][\/et_pb_column][et_pb_column type=&#8221;1_2&#8243; _builder_version=&#8221;4.17.6&#8243; _module_preset=&#8221;default&#8221; global_colors_info=&#8221;{}&#8221;][et_pb_text _builder_version=&#8221;4.17.6&#8243; _module_preset=&#8221;default&#8221; global_colors_info=&#8221;{}&#8221;]<\/p>\n<h2 style=\"text-align: center;\">THE PHOTOGRAPHERS<\/h2>\n<h2>Gr\u00e9tar J\u00f3nsson<\/h2>\n<p class=\"cvGsUA direction-ltr align-justify para-style-body\"><span class=\"OYPEnA text-decoration-none text-strikethrough-none\">I was born and raised in the subarctic town of Akureyri, located in North Iceland. <\/span><span class=\"OYPEnA text-decoration-none text-strikethrough-none\">My fascination with the Northern Lights has been a part of me for as long as I can recall.<\/span><\/p>\n<p class=\"cvGsUA direction-ltr align-justify para-style-body\"><span class=\"OYPEnA text-decoration-none text-strikethrough-none\">In 2013, we established Aurora Reykjav\u00edk with the intention of sharing our passion with visitors from around the globe.<\/span><\/p>\n<p class=\"cvGsUA direction-ltr align-justify para-style-body\">\n<h2 style=\"text-align: right;\">Katarina Raker<\/h2>\n<p class=\"cvGsUA direction-ltr align-justify para-style-body\" style=\"text-align: right;\"><span class=\"OYPEnA text-decoration-none text-strikethrough-none\">I got my first DSLR at the age of 6, and promptly embarked on a lifelong journey dedicated to landscape photography.<\/span><\/p>\n<p class=\"cvGsUA direction-ltr align-justify para-style-body\" style=\"text-align: right;\"><span class=\"OYPEnA text-decoration-none text-strikethrough-none\">Since 2016, Reykjav\u00edk has been my home base. <\/span><span class=\"OYPEnA text-decoration-none text-strikethrough-none\">If I&#8217;m not at the museum, you&#8217;ll find me in pursuit of the Northern Lights.<\/span><\/p>\n<p>[\/et_pb_text][\/et_pb_column][\/et_pb_row][et_pb_row _builder_version=&#8221;4.16&#8243; background_size=&#8221;initial&#8221; background_position=&#8221;top_left&#8221; background_repeat=&#8221;repeat&#8221; width=&#8221;100%&#8221; global_colors_info=&#8221;{}&#8221;][et_pb_column type=&#8221;4_4&#8243; _builder_version=&#8221;4.16&#8243; custom_padding=&#8221;|||&#8221; global_colors_info=&#8221;{}&#8221; custom_padding__hover=&#8221;|||&#8221;][et_pb_wc_related_products include_categories=&#8221;464&#8243; _builder_version=&#8221;4.17.6&#8243; global_colors_info=&#8221;{}&#8221;][\/et_pb_wc_related_products][\/et_pb_column][\/et_pb_row][\/et_pb_section]<\/p>\n","protected":false},"excerpt":{"rendered":"<p>Aurora at B\u00fa\u00f0ir Church, Sn\u00e6fellsnes, Iceland &#8220;Watching the aurora borealis dance across the night sky is an awe-inspiring experience that makes it easy to understand why early humans saw these celestial displays as messages from or gateways to heaven. Every chance to capture them through my lens feels like a unique opportunity to capture the [&hellip;]<\/p>\n","protected":false},"featured_media":238486,"comment_status":"closed","ping_status":"closed","template":"","meta":{"_acf_changed":false,"_et_pb_use_builder":"on","_et_pb_old_content":"<aside><\/aside>\r\n<ul class=\"ProductDescription__details__13VwI\" data-photon=\"product-description-details\">\r\n \t<li>Size: 30*20 inch \/ 75*50 cm<\/li>\r\n \t<li>Limited edition, 150 copies<\/li>\r\n \t<li>Super High Quality 7 colour Direct Printed on 6mm Acrylic sheet<\/li>\r\n \t<li>High Density UV Inkjet printed on clear Acrylic panels with edge polishing<\/li>\r\n \t<li>Ready-to-hang<\/li>\r\n<\/ul>\r\nFREE WORLDWIDE SHIPPING\r\n\r\n&nbsp;\r\n<p class=\"ProductDescription__description__2IZ5_\" data-photon=\"product-description-description\"><\/p>","_et_gb_content_width":"","om_disable_all_campaigns":false,"pgc_sgb_lightbox_settings":""},"product_brand":[],"product_cat":[464],"product_tag":[465,456,165,300],"class_list":{"0":"post-235261","1":"product","2":"type-product","3":"status-publish","4":"has-post-thumbnail","6":"product_cat-acrylic-pictures","7":"product_tag-acryl-glass","8":"product_tag-aurora-at-thingvellir-national-park","9":"product_tag-poster","10":"product_tag-print","12":"first","13":"outofstock","14":"sale","15":"taxable","16":"shipping-taxable","17":"purchasable","18":"product-type-simple"},"acf":[],"aioseo_notices":[],"jetpack_sharing_enabled":true,"_links":{"self":[{"href":"https:\/\/aurorareykjavik.is\/it\/wp-json\/wp\/v2\/product\/235261","targetHints":{"allow":["GET"]}}],"collection":[{"href":"https:\/\/aurorareykjavik.is\/it\/wp-json\/wp\/v2\/product"}],"about":[{"href":"https:\/\/aurorareykjavik.is\/it\/wp-json\/wp\/v2\/types\/product"}],"replies":[{"embeddable":true,"href":"https:\/\/aurorareykjavik.is\/it\/wp-json\/wp\/v2\/comments?post=235261"}],"wp:featuredmedia":[{"embeddable":true,"href":"https:\/\/aurorareykjavik.is\/it\/wp-json\/wp\/v2\/media\/238486"}],"wp:attachment":[{"href":"https:\/\/aurorareykjavik.is\/it\/wp-json\/wp\/v2\/media?parent=235261"}],"wp:term":[{"taxonomy":"product_brand","embeddable":true,"href":"https:\/\/aurorareykjavik.is\/it\/wp-json\/wp\/v2\/product_brand?post=235261"},{"taxonomy":"product_cat","embeddable":true,"href":"https:\/\/aurorareykjavik.is\/it\/wp-json\/wp\/v2\/product_cat?post=235261"},{"taxonomy":"product_tag","embeddable":true,"href":"https:\/\/aurorareykjavik.is\/it\/wp-json\/wp\/v2\/product_tag?post=235261"}],"curies":[{"name":"wp","href":"https:\/\/api.w.org\/{rel}","templated":true}]}}