{"id":4651,"date":"2020-07-08T12:53:10","date_gmt":"2020-07-08T12:53:10","guid":{"rendered":"https:\/\/aurorareykjavik.is\/?page_id=4651"},"modified":"2020-07-08T13:01:39","modified_gmt":"2020-07-08T13:01:39","slug":"prevision-daurores","status":"publish","type":"page","link":"https:\/\/aurorareykjavik.is\/it\/prevision-daurores\/","title":{"rendered":"Pr\u00e9visions d&#8217;Aurores"},"content":{"rendered":"<p>[et_pb_section fb_built=&#8221;1&#8243; fullwidth=&#8221;on&#8221; custom_padding_last_edited=&#8221;on|desktop&#8221; _builder_version=&#8221;3.22.3&#8243; custom_padding_tablet=&#8221;50px|0|50px|0&#8243; custom_padding_phone=&#8221;&#8221; padding_mobile=&#8221;off&#8221;][et_pb_fullwidth_header title=&#8221;Les pr\u00e9visions d\u2019Aurores bor\u00e9ales&#8221; subhead=&#8221; &#8221; text_orientation=&#8221;center&#8221; button_one_text=&#8221;Reservez votre excursion&#8221; button_one_url=&#8221;https:\/\/aurorareykjavik.is\/northern-light-tours\/&#8221; content_max_width=&#8221;none&#8221; _builder_version=&#8221;4.3.2&#8243; title_font_size=&#8221;69px&#8221; title_line_height=&#8221;2em&#8221; content_line_height=&#8221;2em&#8221; subhead_line_height=&#8221;2em&#8221; content_link_line_height=&#8221;2em&#8221; content_ul_line_height=&#8221;2em&#8221; content_ol_line_height=&#8221;2em&#8221; content_quote_line_height=&#8221;2em&#8221; background_color=&#8221;rgba(255, 255, 255, 0)&#8221; background_image=&#8221;https:\/\/aurorareykjavik.is\/wp-content\/uploads\/2016\/03\/IMG_8879.jpg&#8221; background_url=&#8221;https:\/\/aurorareykjavik.is\/wp-content\/uploads\/2016\/03\/IMG_8879.jpg&#8221; button_one_text_size__hover_enabled=&#8221;off&#8221; button_two_text_size__hover_enabled=&#8221;off&#8221; button_one_text_color__hover_enabled=&#8221;off&#8221; button_two_text_color__hover_enabled=&#8221;off&#8221; button_one_border_width__hover_enabled=&#8221;off&#8221; button_two_border_width__hover_enabled=&#8221;off&#8221; button_one_border_color__hover_enabled=&#8221;off&#8221; button_two_border_color__hover_enabled=&#8221;off&#8221; button_one_border_radius__hover_enabled=&#8221;off&#8221; button_two_border_radius__hover_enabled=&#8221;off&#8221; button_one_letter_spacing__hover_enabled=&#8221;off&#8221; button_two_letter_spacing__hover_enabled=&#8221;off&#8221; button_one_bg_color__hover_enabled=&#8221;off&#8221; button_two_bg_color__hover_enabled=&#8221;off&#8221;][\/et_pb_fullwidth_header][\/et_pb_section][et_pb_section fb_built=&#8221;1&#8243; custom_padding_last_edited=&#8221;on|desktop&#8221; admin_label=&#8221;section&#8221; _builder_version=&#8221;3.24.1&#8243; background_color=&#8221;#ffffff&#8221; custom_padding_tablet=&#8221;50px|0|50px|0&#8243; custom_padding_phone=&#8221;&#8221; padding_mobile=&#8221;off&#8221;][et_pb_row column_structure=&#8221;1_2,1_2&#8243; _builder_version=&#8221;3.25&#8243; background_size=&#8221;initial&#8221; background_position=&#8221;top_left&#8221; background_repeat=&#8221;repeat&#8221;][et_pb_column type=&#8221;1_2&#8243; _builder_version=&#8221;3.25&#8243; custom_padding=&#8221;|||&#8221; custom_padding__hover=&#8221;|||&#8221;][et_pb_text _builder_version=&#8221;4.3.2&#8243; text_font=&#8221;||||||||&#8221; text_line_height=&#8221;2em&#8221; link_line_height=&#8221;2em&#8221; ul_line_height=&#8221;2em&#8221; ol_line_height=&#8221;2em&#8221; quote_line_height=&#8221;2em&#8221; header_font=&#8221;||||||||&#8221; header_line_height=&#8221;2em&#8221; header_2_line_height=&#8221;2em&#8221; header_3_line_height=&#8221;2em&#8221; header_4_line_height=&#8221;2em&#8221; header_5_line_height=&#8221;2em&#8221; header_6_line_height=&#8221;2em&#8221; background_size=&#8221;initial&#8221; background_position=&#8221;top_left&#8221; background_repeat=&#8221;repeat&#8221;]<\/p>\n<h2 class=\"entry-title main_title\">Comment interpr\u00e9ter les pr\u00e9visions d\u2019Aurores bor\u00e9ales<\/h2>\n<div class=\"entry-content\">\n<p>Le site\u00a0<a href=\"http:\/\/en.vedur.is\/weather\/forecasts\/aurora\/#type=composite\">Icelandic Met Office<\/a> mesure l\u2019activit\u00e9 solaire. En combinant cela avec les observations de couverture nuageuse, vous aurez tous les indices en votre possession pour trouver le lieu o\u00f9 la formation d\u2019Aurores bor\u00e9ales sera la plus probable.<\/p>\n<p>Utilisez le curseur en bas du graphique pour ajuster la date et l\u2019heure des pr\u00e9visions.<\/p>\n<p>Remarquez que les pr\u00e9visions peuvent changer, et qu\u2019il est plus s\u00fbr de les consulter aux alentours de 18 heure le jour m\u00eame. Il n\u2019est tout de m\u00eame pas garantit de voir les Aurores bor\u00e9ales.<\/p>\n<\/div>\n<p>[\/et_pb_text][\/et_pb_column][et_pb_column type=&#8221;1_2&#8243; _builder_version=&#8221;3.25&#8243; custom_padding=&#8221;|||&#8221; custom_padding__hover=&#8221;|||&#8221;][et_pb_gallery gallery_ids=&#8221;3633,3634,3635,3636,3637,3638,3639&#8243; fullwidth=&#8221;on&#8221; _builder_version=&#8221;3.24.1&#8243; title_line_height=&#8221;2em&#8221; pagination_line_height=&#8221;2em&#8221;][\/et_pb_gallery][\/et_pb_column][\/et_pb_row][et_pb_row column_structure=&#8221;1_2,1_2&#8243; padding_mobile=&#8221;off&#8221; column_padding_mobile=&#8221;on&#8221; _builder_version=&#8221;3.25&#8243; background_size=&#8221;initial&#8221; background_position=&#8221;top_left&#8221; background_repeat=&#8221;repeat&#8221;][et_pb_column type=&#8221;1_2&#8243; _builder_version=&#8221;3.25&#8243; custom_padding=&#8221;|||&#8221; custom_padding__hover=&#8221;|||&#8221;][et_pb_text _builder_version=&#8221;4.3.2&#8243; text_font=&#8221;||||||||&#8221; text_line_height=&#8221;2em&#8221; link_line_height=&#8221;2em&#8221; ul_line_height=&#8221;2em&#8221; ol_line_height=&#8221;2em&#8221; quote_line_height=&#8221;2em&#8221; header_line_height=&#8221;2em&#8221; header_2_line_height=&#8221;2em&#8221; header_3_line_height=&#8221;2em&#8221; header_4_line_height=&#8221;2em&#8221; header_5_line_height=&#8221;2em&#8221; header_6_line_height=&#8221;2em&#8221; background_size=&#8221;initial&#8221; background_position=&#8221;top_left&#8221; background_repeat=&#8221;repeat&#8221;]<\/p>\n<h1>Observations nuageuses<\/h1>\n<p>Une r\u00e8gle simple : un ciel couvert = pas d\u2019Aurores bor\u00e9ales.<\/p>\n<p>Il y a diff\u00e9rents niveaux d\u2019altitude de nuages, qui ont donc un impact diff\u00e9rent.<\/p>\n<p>Gr\u00e2ce aux onglets en haut du graphique, changez les \u00e9crans pour observer les diff\u00e9rentes formations nuageuses.<\/p>\n<p>Les nuages hauts ne sont pas vraiment un probl\u00e8me en Islande. Concentrez-vous sur les nuages bas et mi-bas, et rep\u00e9rez les espaces blancs ou les nuances plus claires sur la carte.<\/p>\n<p>[\/et_pb_text][\/et_pb_column][et_pb_column type=&#8221;1_2&#8243; _builder_version=&#8221;3.25&#8243; custom_padding=&#8221;|||&#8221; custom_padding__hover=&#8221;|||&#8221;][et_pb_text _builder_version=&#8221;4.3.2&#8243; text_font=&#8221;||||||||&#8221; text_text_color=&#8221;#000000&#8243; text_line_height=&#8221;2em&#8221; link_line_height=&#8221;2em&#8221; ul_line_height=&#8221;2em&#8221; ol_line_height=&#8221;2em&#8221; quote_line_height=&#8221;2em&#8221; header_line_height=&#8221;2em&#8221; header_2_line_height=&#8221;2em&#8221; header_3_line_height=&#8221;2em&#8221; header_4_line_height=&#8221;2em&#8221; header_5_line_height=&#8221;2em&#8221; header_6_line_height=&#8221;2em&#8221; background_size=&#8221;initial&#8221; background_position=&#8221;top_left&#8221; background_repeat=&#8221;repeat&#8221;]<\/p>\n<h1><span style=\"color: #000000;\">Activit\u00e9 solaire<\/span><\/h1>\n<p>L\u2019\u00e9chelle \u00e0 9 niveaux situ\u00e9e sur la droite de la page est un indicateur simple de vos chances d\u2019observer les Aurores.<\/p>\n<p><strong>0-2:<\/strong>\u00a0Basse, quasiment pas d\u2019activit\u00e9. Les rares Aurores que vous puissiez observer seront p\u00e2les comme un nuage<\/p>\n<p><strong>2-3:<\/strong>\u00a0Mod\u00e9r\u00e9e, mais de bonnes chances de voir les Aurores bor\u00e9ales. Ce sont les pr\u00e9visions les plus courantes. C\u2019est parti !<\/p>\n<p><strong>4-6:<\/strong>\u00a0Hourra ! Une grosse temp\u00eate solaire arrive, ne manquez pas votre chance d\u2019observer de magnifiques Aurores !<\/p>\n<p><strong>7-9:<\/strong>\u00a0Tr\u00e8s rare, peut-\u00eatre que vos proches pourront eux aussi observer les Aurores bor\u00e9ales depuis leur pays !<\/p>\n<p>[\/et_pb_text][et_pb_text _builder_version=&#8221;3.27.4&#8243; text_line_height=&#8221;2em&#8221; link_line_height=&#8221;2em&#8221; ul_line_height=&#8221;2em&#8221; ol_line_height=&#8221;2em&#8221; quote_line_height=&#8221;2em&#8221; header_line_height=&#8221;2em&#8221; header_2_line_height=&#8221;2em&#8221; header_3_line_height=&#8221;2em&#8221; header_4_line_height=&#8221;2em&#8221; header_5_line_height=&#8221;2em&#8221; header_6_line_height=&#8221;2em&#8221;]<script async src=\"\/\/pagead2.googlesyndication.com\/pagead\/js\/adsbygoogle.js\"><\/script><br \/>\n<script>\n  (adsbygoogle = window.adsbygoogle || []).push({\n    google_ad_client: \"ca-pub-5168311232820362\",\n    enable_page_level_ads: true\n  });\n<\/script><br \/>\n[\/et_pb_text][\/et_pb_column][\/et_pb_row][et_pb_row padding_mobile=&#8221;off&#8221; column_padding_mobile=&#8221;on&#8221; admin_label=&#8221;row&#8221; _builder_version=&#8221;3.29.2&#8243; background_size=&#8221;initial&#8221; background_position=&#8221;top_left&#8221; background_repeat=&#8221;repeat&#8221;][et_pb_column type=&#8221;4_4&#8243; _builder_version=&#8221;3.25&#8243; custom_padding=&#8221;|||&#8221; custom_padding__hover=&#8221;|||&#8221;][et_pb_code _builder_version=&#8221;3.29.3&#8243; min_height=&#8221;815px&#8221; custom_padding=&#8221;||90px|||&#8221;]<style type=\"text\/css\">\r\n       .errordiv { padding:10px; margin:10px; border: 1px solid #555555;color: #000000;background-color: #f8f8f8; width:500px; }#advanced_iframe_01 {visibility:visible;opacity:1;}#ai-layer-div-advanced_iframe_01 p {height:100%;margin:0;padding:0}\r\n        #ai-div-advanced_iframe_01 {\r\n            width    : 1080px;\r\n            height   : 810px;\r\n            overflow : hidden;\r\n            position : relative;\r\n        }\r\n        #advanced_iframe_01 {\r\n            position : absolute;\r\n            top      : -220px !important;\r\n            left     : -48px !important;\r\n            width    : 1200px !important;\r\n            height   : 1160px !important;\r\n        }<\/style><script type=\"text\/javascript\">  var ai_iframe_width_advanced_iframe_01 = 0;  var ai_iframe_height_advanced_iframe_01 = 0;var aiIsIe8=false;\r\nif (typeof aiReadyCallbacks === 'undefined') {\r\n    var aiReadyCallbacks = [];  \r\n} else if (!(aiReadyCallbacks instanceof Array)) {\r\n    var aiReadyCallbacks = [];\r\n}var onloadFiredadvanced_iframe_01 = false;     function aiShowIframeId(id_iframe) { jQuery(\"#\"+id_iframe).css(\"visibility\", \"visible\");    }    function aiResizeIframeHeight(height) { aiResizeIframeHeight(height,advanced_iframe_01); }    function aiResizeIframeHeightId(height,width,id) { resetShowPartOfAnIframe(id);aiResizeIframeHeightById(id,height);}<\/script><script type=\"text\/javascript\">function loadElem_advanced_iframe_01(elem)\r\n     {}function aiModifyParent_advanced_iframe_01() { }var aiReadyAiFunct_advanced_iframe_01 = function aiReadyAi_advanced_iframe_01() { aiModifyParent_advanced_iframe_01();aiAutoZoomViewport(\"#ai-div-advanced_iframe_01\",\"true\");};aiReadyCallbacks.push(aiReadyAiFunct_advanced_iframe_01);if (window.jQuery) { aiModifyParent_advanced_iframe_01(); }<\/script><div id=\"ai-div-advanced_iframe_01\"><iframe id='advanced_iframe_01'  name='advanced_iframe_01'  src='https:\/\/auroraforecast.is\/#type=composite'  width='1200'  height='1160'  scrolling='no'  frameborder='0'  border='0'  allowtransparency='true'  style=';width:1200;height:1160;;max-width:none;' ><\/iframe><\/div><script type=\"text\/javascript\">\r\n          var ifrm_advanced_iframe_01 = document.getElementById(\"advanced_iframe_01\");var hiddenTabsDoneadvanced_iframe_01 = false;\r\nfunction resizeCallbackadvanced_iframe_01() {}function aiChangeUrl(loc) {}<\/script><script type=\"text\/javascript\">\r\n        var recalculateIframeResizeadvanced_iframe_01 = 0;\r\n        var recalculateIframeOrientationchangeadvanced_iframe_01 = 0;\r\n        function recalculateIframeadvanced_iframe_01() {\r\n          clearTimeout(recalculateIframeResizeadvanced_iframe_01);\r\n          clearTimeout(recalculateIframeOrientationchangeadvanced_iframe_01);aiAutoZoomViewport(\"#ai-div-advanced_iframe_01\",\"true\");}  \r\n        function initResponsiveIframeadvanced_iframe_01() {\r\n          jQuery(window).resize(function() {\r\n             recalculateIframeResize = window.setTimeout(\"recalculateIframeadvanced_iframe_01()\",100);\r\n          });\r\n          if (window.addEventListener) {\r\n            window.addEventListener(\"orientationchange\", function() {\r\n               recalculateIframeOrientationchange = window.setTimeout(\"recalculateIframeadvanced_iframe_01()\",100);\r\n            }, false);\r\n          }\r\n        }\r\n        aiReadyCallbacks.push(initResponsiveIframeadvanced_iframe_01);\r\n        <\/script>[\/et_pb_code][\/et_pb_column][\/et_pb_row][et_pb_row column_structure=&#8221;1_2,1_2&#8243; _builder_version=&#8221;3.25&#8243;][et_pb_column type=&#8221;1_2&#8243; _builder_version=&#8221;3.25&#8243; custom_padding=&#8221;|||&#8221; custom_padding__hover=&#8221;|||&#8221;][et_pb_text admin_label=&#8221;Text&#8221; _builder_version=&#8221;4.3.2&#8243; text_font=&#8221;||||||||&#8221; text_line_height=&#8221;2em&#8221; link_line_height=&#8221;2em&#8221; ul_line_height=&#8221;2em&#8221; ol_line_height=&#8221;2em&#8221; quote_line_height=&#8221;2em&#8221; header_line_height=&#8221;2em&#8221; header_2_line_height=&#8221;2em&#8221; header_3_line_height=&#8221;2em&#8221; header_4_line_height=&#8221;2em&#8221; header_5_line_height=&#8221;2em&#8221; header_6_line_height=&#8221;2em&#8221; background_size=&#8221;initial&#8221; background_position=&#8221;top_left&#8221; background_repeat=&#8221;repeat&#8221;]<\/p>\n<h1><\/h1>\n<h1>Leirvogur \u2013 Observatoire magn\u00e9tique<\/h1>\n<p>L\u2019observatoire magn\u00e9tique Leirvogur mesure les pertubations magn\u00e9tique en Islande.<br \/>\nQuand les graphiques commencent \u00e0 bouger, les vents solaires entrent en collision avec le champs magn\u00e9tique de la Terre, ce qui am\u00e8ne g\u00e9n\u00e9rallement \u00e0 la manifestion d\u2019activit\u00e9 aurorale. S\u00e9lectionnez la photo pour voir les <strong>rapports en temps r\u00e9el<\/strong>.<\/p>\n<p>[\/et_pb_text][et_pb_image src=&#8221;https:\/\/aurorareykjavik.is\/wp-content\/uploads\/2018\/11\/Screen-Shot-2018-11-04-at-10.32.43.png&#8221; url=&#8221;http:\/\/cygnus.raunvis.hi.is\/~halo\/leirv.png&#8221; align_tablet=&#8221;center&#8221; align_phone=&#8221;&#8221; align_last_edited=&#8221;on|desktop&#8221; admin_label=&#8221;Image Leirvog&#8221; _builder_version=&#8221;3.23&#8243; max_width=&#8221;51%&#8221;][\/et_pb_image][\/et_pb_column][et_pb_column type=&#8221;1_2&#8243; _builder_version=&#8221;3.25&#8243; custom_padding=&#8221;|||&#8221; custom_padding__hover=&#8221;|||&#8221;][et_pb_text _builder_version=&#8221;4.3.2&#8243; text_line_height=&#8221;2em&#8221; link_line_height=&#8221;2em&#8221; ul_line_height=&#8221;2em&#8221; ol_line_height=&#8221;2em&#8221; quote_line_height=&#8221;2em&#8221; header_line_height=&#8221;2em&#8221; header_2_line_height=&#8221;2em&#8221; header_3_line_height=&#8221;2em&#8221; header_4_line_height=&#8221;2em&#8221; header_5_line_height=&#8221;2em&#8221; header_6_line_height=&#8221;2em&#8221; background_size=&#8221;initial&#8221; background_position=&#8221;top_left&#8221; background_repeat=&#8221;repeat&#8221;]<\/p>\n<h1>Centre de pr\u00e9visions m\u00e9t\u00e9orologiques spatiales<\/h1>\n<p>[\/et_pb_text][et_pb_code admin_label=&#8221;Code&#8221;]<style type=\"text\/css\">\r\n       .errordiv { padding:10px; margin:10px; border: 1px solid #555555;color: #000000;background-color: #f8f8f8; width:500px; }#advanced_iframe_03 {visibility:visible;opacity:1;}#ai-layer-div-advanced_iframe_03 p {height:100%;margin:0;padding:0}\r\n        #ai-div-advanced_iframe_03 {\r\n            width    : 800px;\r\n            height   : 800px;\r\n            overflow : hidden;\r\n            position : relative;\r\n        }\r\n        #advanced_iframe_03 {\r\n            position : absolute;\r\n            top      : -0px !important;\r\n            left     : -0px !important;\r\n            width    : 800px !important;\r\n            height   : 800px !important;\r\n        }<\/style><script type=\"text\/javascript\">  var ai_iframe_width_advanced_iframe_03 = 0;  var ai_iframe_height_advanced_iframe_03 = 0;var aiIsIe8=false;\r\nif (typeof aiReadyCallbacks === 'undefined') {\r\n    var aiReadyCallbacks = [];  \r\n} else if (!(aiReadyCallbacks instanceof Array)) {\r\n    var aiReadyCallbacks = [];\r\n}var onloadFiredadvanced_iframe_03 = false;     function aiShowIframeId(id_iframe) { jQuery(\"#\"+id_iframe).css(\"visibility\", \"visible\");    }    function aiResizeIframeHeight(height) { aiResizeIframeHeight(height,advanced_iframe_03); }    function aiResizeIframeHeightId(height,width,id) { resetShowPartOfAnIframe(id);aiResizeIframeHeightById(id,height);}<\/script><script type=\"text\/javascript\">function loadElem_advanced_iframe_03(elem)\r\n     {}function aiModifyParent_advanced_iframe_03() { }var aiReadyAiFunct_advanced_iframe_03 = function aiReadyAi_advanced_iframe_03() { aiModifyParent_advanced_iframe_03();aiAutoZoomViewport(\"#ai-div-advanced_iframe_03\",\"true\");};aiReadyCallbacks.push(aiReadyAiFunct_advanced_iframe_03);if (window.jQuery) { aiModifyParent_advanced_iframe_03(); }<\/script><div id=\"ai-div-advanced_iframe_03\"><iframe id='advanced_iframe_03'  name='advanced_iframe_03'  src='https:\/\/services.swpc.noaa.gov\/images\/animations\/ovation-north\/latest.jpg'  width='800'  height='800'  scrolling='no'  frameborder='0'  border='0'  allowtransparency='true'  style=';width:800;height:800;;max-width:none;' ><\/iframe><\/div><script type=\"text\/javascript\">\r\n          var ifrm_advanced_iframe_03 = document.getElementById(\"advanced_iframe_03\");var hiddenTabsDoneadvanced_iframe_03 = false;\r\nfunction resizeCallbackadvanced_iframe_03() {}function aiChangeUrl(loc) {}<\/script><script type=\"text\/javascript\">\r\n        var recalculateIframeResizeadvanced_iframe_03 = 0;\r\n        var recalculateIframeOrientationchangeadvanced_iframe_03 = 0;\r\n        function recalculateIframeadvanced_iframe_03() {\r\n          clearTimeout(recalculateIframeResizeadvanced_iframe_03);\r\n          clearTimeout(recalculateIframeOrientationchangeadvanced_iframe_03);aiAutoZoomViewport(\"#ai-div-advanced_iframe_03\",\"true\");}  \r\n        function initResponsiveIframeadvanced_iframe_03() {\r\n          jQuery(window).resize(function() {\r\n             recalculateIframeResize = window.setTimeout(\"recalculateIframeadvanced_iframe_03()\",100);\r\n          });\r\n          if (window.addEventListener) {\r\n            window.addEventListener(\"orientationchange\", function() {\r\n               recalculateIframeOrientationchange = window.setTimeout(\"recalculateIframeadvanced_iframe_03()\",100);\r\n            }, false);\r\n          }\r\n        }\r\n        aiReadyCallbacks.push(initResponsiveIframeadvanced_iframe_03);\r\n        <\/script>[\/et_pb_code][\/et_pb_column][\/et_pb_row][et_pb_row _builder_version=&#8221;3.25&#8243;][et_pb_column type=&#8221;4_4&#8243; _builder_version=&#8221;3.25&#8243; custom_padding=&#8221;|||&#8221; custom_padding__hover=&#8221;|||&#8221;][et_pb_text admin_label=&#8221;Text&#8221; _builder_version=&#8221;4.3.2&#8243; text_font=&#8221;||||||||&#8221; text_line_height=&#8221;2em&#8221; link_line_height=&#8221;2em&#8221; ul_line_height=&#8221;2em&#8221; ol_line_height=&#8221;2em&#8221; quote_line_height=&#8221;2em&#8221; header_line_height=&#8221;2em&#8221; header_2_line_height=&#8221;2em&#8221; header_3_line_height=&#8221;2em&#8221; header_4_line_height=&#8221;2em&#8221; header_5_line_height=&#8221;2em&#8221; header_6_line_height=&#8221;2em&#8221;]<\/p>\n<h2>Rejoignez-nous pour une excursion guid\u00e9e des Aurores bor\u00e9ales !<\/h2>\n<p>Pour appr\u00e9cier pleinement votre exp\u00e9rience des Aurores bor\u00e9ales, nous recommandons de partir en excursion guid\u00e9e. Vous gagnerez du temps et \u00e9viterez les soucis, les guides connaissent les pr\u00e9vision m\u00e9t\u00e9orologiques et l\u2019activit\u00e9s solaire, vous serez en bonne compagnie. Nous recommandons les compagnies r\u00e9pertori\u00e9es ci-dessous. Nous avons minutieusement s\u00e9lectionn\u00e9 les collaborateurs avec lesquels nous travaillons depuis des ann\u00e9es, pour leur professionnalisme et leur travail appliqu\u00e9.<\/p>\n<div class=\"grammarly-disable-indicator\"><\/div>\n<p>[\/et_pb_text][et_pb_filterable_portfolio fullwidth=&#8221;off&#8221; posts_number=&#8221;16&#8243; include_categories=&#8221;22,111,8,5,108,4,112,56,7,9,23,6&#8243; show_categories=&#8221;off&#8221; show_pagination=&#8221;off&#8221; _builder_version=&#8221;4.3.2&#8243; title_font=&#8221;||||||||&#8221; background_color=&#8221;#ffffff&#8221; hover_enabled=&#8221;0&#8243; pagination_font_size_tablet=&#8221;51&#8243; pagination_line_height_tablet=&#8221;2&#8243; border_radii_image=&#8221;on|3px|3px|3px|3px&#8221; box_shadow_style_image=&#8221;preset3&#8243;][\/et_pb_filterable_portfolio][\/et_pb_column][\/et_pb_row][et_pb_row _builder_version=&#8221;3.25&#8243;][et_pb_column type=&#8221;4_4&#8243; _builder_version=&#8221;3.25&#8243; custom_padding=&#8221;|||&#8221; custom_padding__hover=&#8221;|||&#8221;][et_pb_blog fullwidth=&#8221;off&#8221; include_categories=&#8221;132&#8243; show_more=&#8221;on&#8221; show_author=&#8221;off&#8221; show_date=&#8221;off&#8221; show_categories=&#8221;off&#8221; show_pagination=&#8221;off&#8221; _builder_version=&#8221;3.24.1&#8243; header_line_height=&#8221;2em&#8221; body_line_height=&#8221;2em&#8221; body_link_line_height=&#8221;2em&#8221; body_ul_line_height=&#8221;2em&#8221; body_ol_line_height=&#8221;2em&#8221; body_quote_line_height=&#8221;2em&#8221;][\/et_pb_blog][\/et_pb_column][\/et_pb_row][\/et_pb_section]<\/p>\n","protected":false},"excerpt":{"rendered":"<p>Comment interpr\u00e9ter les pr\u00e9visions d\u2019Aurores bor\u00e9ales Le site\u00a0Icelandic Met Office mesure l\u2019activit\u00e9 solaire. En combinant cela avec les observations de couverture nuageuse, vous aurez tous les indices en votre possession pour trouver le lieu o\u00f9 la formation d\u2019Aurores bor\u00e9ales sera la plus probable. Utilisez le curseur en bas du graphique pour ajuster la date et [&hellip;]<\/p>\n","protected":false},"author":4,"featured_media":3774,"parent":0,"menu_order":0,"comment_status":"closed","ping_status":"closed","template":"","meta":{"_acf_changed":false,"_et_pb_use_builder":"on","_et_pb_old_content":"","_et_gb_content_width":"","om_disable_all_campaigns":false,"pgc_sgb_lightbox_settings":"","footnotes":""},"class_list":["post-4651","page","type-page","status-publish","has-post-thumbnail","hentry"],"acf":[],"aioseo_notices":[],"jetpack_sharing_enabled":true,"_links":{"self":[{"href":"https:\/\/aurorareykjavik.is\/it\/wp-json\/wp\/v2\/pages\/4651","targetHints":{"allow":["GET"]}}],"collection":[{"href":"https:\/\/aurorareykjavik.is\/it\/wp-json\/wp\/v2\/pages"}],"about":[{"href":"https:\/\/aurorareykjavik.is\/it\/wp-json\/wp\/v2\/types\/page"}],"author":[{"embeddable":true,"href":"https:\/\/aurorareykjavik.is\/it\/wp-json\/wp\/v2\/users\/4"}],"replies":[{"embeddable":true,"href":"https:\/\/aurorareykjavik.is\/it\/wp-json\/wp\/v2\/comments?post=4651"}],"version-history":[{"count":6,"href":"https:\/\/aurorareykjavik.is\/it\/wp-json\/wp\/v2\/pages\/4651\/revisions"}],"predecessor-version":[{"id":4662,"href":"https:\/\/aurorareykjavik.is\/it\/wp-json\/wp\/v2\/pages\/4651\/revisions\/4662"}],"wp:featuredmedia":[{"embeddable":true,"href":"https:\/\/aurorareykjavik.is\/it\/wp-json\/wp\/v2\/media\/3774"}],"wp:attachment":[{"href":"https:\/\/aurorareykjavik.is\/it\/wp-json\/wp\/v2\/media?parent=4651"}],"curies":[{"name":"wp","href":"https:\/\/api.w.org\/{rel}","templated":true}]}}