{"id":4447,"date":"2020-05-19T11:09:19","date_gmt":"2020-05-19T11:09:19","guid":{"rendered":"https:\/\/aurorareykjavik.is\/?page_id=4447"},"modified":"2020-05-19T11:30:16","modified_gmt":"2020-05-19T11:30:16","slug":"prediccion-de-auroras","status":"publish","type":"page","link":"https:\/\/aurorareykjavik.is\/it\/prediccion-de-auroras\/","title":{"rendered":"Predicci\u00f3n de auroras"},"content":{"rendered":"<p>[et_pb_section fb_built=&#8221;1&#8243; fullwidth=&#8221;on&#8221; custom_padding_last_edited=&#8221;on|desktop&#8221; _builder_version=&#8221;3.22.3&#8243; custom_padding_tablet=&#8221;50px|0|50px|0&#8243; custom_padding_phone=&#8221;&#8221; padding_mobile=&#8221;off&#8221;][et_pb_fullwidth_header title=&#8221;Predicci\u00f3n de auroras&#8221; subhead=&#8221; &#8221; text_orientation=&#8221;center&#8221; button_one_text=&#8221;Reserva tu tour&#8221; button_one_url=&#8221;https:\/\/aurorareykjavik.is\/northern-light-tours\/&#8221; content_max_width=&#8221;none&#8221; _builder_version=&#8221;4.3.2&#8243; title_font_size=&#8221;69px&#8221; title_line_height=&#8221;2em&#8221; content_line_height=&#8221;2em&#8221; subhead_line_height=&#8221;2em&#8221; content_link_line_height=&#8221;2em&#8221; content_ul_line_height=&#8221;2em&#8221; content_ol_line_height=&#8221;2em&#8221; content_quote_line_height=&#8221;2em&#8221; background_color=&#8221;rgba(255, 255, 255, 0)&#8221; background_image=&#8221;https:\/\/aurorareykjavik.is\/wp-content\/uploads\/2016\/03\/IMG_8879.jpg&#8221; background_url=&#8221;https:\/\/aurorareykjavik.is\/wp-content\/uploads\/2016\/03\/IMG_8879.jpg&#8221; button_one_text_size__hover_enabled=&#8221;off&#8221; button_two_text_size__hover_enabled=&#8221;off&#8221; button_one_text_color__hover_enabled=&#8221;off&#8221; button_two_text_color__hover_enabled=&#8221;off&#8221; button_one_border_width__hover_enabled=&#8221;off&#8221; button_two_border_width__hover_enabled=&#8221;off&#8221; button_one_border_color__hover_enabled=&#8221;off&#8221; button_two_border_color__hover_enabled=&#8221;off&#8221; button_one_border_radius__hover_enabled=&#8221;off&#8221; button_two_border_radius__hover_enabled=&#8221;off&#8221; button_one_letter_spacing__hover_enabled=&#8221;off&#8221; button_two_letter_spacing__hover_enabled=&#8221;off&#8221; button_one_bg_color__hover_enabled=&#8221;off&#8221; button_two_bg_color__hover_enabled=&#8221;off&#8221;][\/et_pb_fullwidth_header][\/et_pb_section][et_pb_section fb_built=&#8221;1&#8243; custom_padding_last_edited=&#8221;on|desktop&#8221; admin_label=&#8221;section&#8221; _builder_version=&#8221;3.24.1&#8243; background_color=&#8221;#ffffff&#8221; custom_padding_tablet=&#8221;50px|0|50px|0&#8243; custom_padding_phone=&#8221;&#8221; padding_mobile=&#8221;off&#8221;][et_pb_row column_structure=&#8221;1_2,1_2&#8243; _builder_version=&#8221;3.25&#8243; background_size=&#8221;initial&#8221; background_position=&#8221;top_left&#8221; background_repeat=&#8221;repeat&#8221;][et_pb_column type=&#8221;1_2&#8243; _builder_version=&#8221;3.25&#8243; custom_padding=&#8221;|||&#8221; custom_padding__hover=&#8221;|||&#8221;][et_pb_text _builder_version=&#8221;4.3.2&#8243; text_font=&#8221;||||||||&#8221; text_line_height=&#8221;2em&#8221; link_line_height=&#8221;2em&#8221; ul_line_height=&#8221;2em&#8221; ol_line_height=&#8221;2em&#8221; quote_line_height=&#8221;2em&#8221; header_font=&#8221;||||||||&#8221; header_line_height=&#8221;2em&#8221; header_2_line_height=&#8221;2em&#8221; header_3_line_height=&#8221;2em&#8221; header_4_line_height=&#8221;2em&#8221; header_5_line_height=&#8221;2em&#8221; header_6_line_height=&#8221;2em&#8221; background_size=&#8221;initial&#8221; background_position=&#8221;top_left&#8221; background_repeat=&#8221;repeat&#8221;]<\/p>\n<h2 class=\"entry-title main_title\">\u00bfC\u00f3mo se interpreta la predicci\u00f3n de auroras?<\/h2>\n<p>El <a href=\"http:\/\/en.vedur.is\/weather\/forecasts\/aurora\/#type=composite\">servicio island\u00e9s de meteorolog\u00eda<\/a> mide la actividad solar. Esto, combinado con la evoluci\u00f3n de las nubes, nos ayuda a saber d\u00f3nde hay posibilidades de ver las auroras.<\/p>\n<div class=\"entry-content\">\n<p>Utiliza la barra situada debajo del gr\u00e1fico para modificar la fecha y la hora.<\/p>\n<p>Recuerda que las predicciones cambian con frecuencia y que solo son fiables a partir de las 18h del d\u00eda en curso, aunque ver auroras nunca est\u00e1 garantizado.<\/p>\n<\/div>\n<p>[\/et_pb_text][\/et_pb_column][et_pb_column type=&#8221;1_2&#8243; _builder_version=&#8221;3.25&#8243; custom_padding=&#8221;|||&#8221; custom_padding__hover=&#8221;|||&#8221;][et_pb_gallery gallery_ids=&#8221;3633,3634,3635,3636,3637,3638,3639&#8243; fullwidth=&#8221;on&#8221; _builder_version=&#8221;3.24.1&#8243; title_line_height=&#8221;2em&#8221; pagination_line_height=&#8221;2em&#8221;][\/et_pb_gallery][\/et_pb_column][\/et_pb_row][et_pb_row column_structure=&#8221;1_2,1_2&#8243; padding_mobile=&#8221;off&#8221; column_padding_mobile=&#8221;on&#8221; _builder_version=&#8221;3.25&#8243; background_size=&#8221;initial&#8221; background_position=&#8221;top_left&#8221; background_repeat=&#8221;repeat&#8221;][et_pb_column type=&#8221;1_2&#8243; _builder_version=&#8221;3.25&#8243; custom_padding=&#8221;|||&#8221; custom_padding__hover=&#8221;|||&#8221;][et_pb_text _builder_version=&#8221;4.3.2&#8243; text_font=&#8221;||||||||&#8221; text_line_height=&#8221;2em&#8221; link_line_height=&#8221;2em&#8221; ul_line_height=&#8221;2em&#8221; ol_line_height=&#8221;2em&#8221; quote_line_height=&#8221;2em&#8221; header_line_height=&#8221;2em&#8221; header_2_line_height=&#8221;2em&#8221; header_3_line_height=&#8221;2em&#8221; header_4_line_height=&#8221;2em&#8221; header_5_line_height=&#8221;2em&#8221; header_6_line_height=&#8221;2em&#8221; background_size=&#8221;initial&#8221; background_position=&#8221;top_left&#8221; background_repeat=&#8221;repeat&#8221;]<\/p>\n<h2>\u200bCobertura de nubes<\/h2>\n<p>La norma b\u00e1sica: Cielos no despejados = Imposible ver auroras.<\/p>\n<p>Existen diferentes tipos de nubes que afectan de manera distinta.<\/p>\n<p>Utiliza las pesta\u00f1as situadas encima del gr\u00e1fico para seleccionar diferentes tipos de nubes.<\/p>\n<p>Las nubes altas no suelen presentar problemas en Islandia. Nuestra principal preocupaci\u00f3n son las nubes medias y bajas. Debemos buscar zonas despejadas (en blanco) en el mapa.<\/p>\n<p>[\/et_pb_text][\/et_pb_column][et_pb_column type=&#8221;1_2&#8243; _builder_version=&#8221;3.25&#8243; custom_padding=&#8221;|||&#8221; custom_padding__hover=&#8221;|||&#8221;][et_pb_text _builder_version=&#8221;4.3.2&#8243; text_font=&#8221;||||||||&#8221; text_text_color=&#8221;#000000&#8243; text_line_height=&#8221;2em&#8221; link_line_height=&#8221;2em&#8221; ul_line_height=&#8221;2em&#8221; ol_line_height=&#8221;2em&#8221; quote_line_height=&#8221;2em&#8221; header_line_height=&#8221;2em&#8221; header_2_line_height=&#8221;2em&#8221; header_3_line_height=&#8221;2em&#8221; header_4_line_height=&#8221;2em&#8221; header_5_line_height=&#8221;2em&#8221; header_6_line_height=&#8221;2em&#8221; background_size=&#8221;initial&#8221; background_position=&#8221;top_left&#8221; background_repeat=&#8221;repeat&#8221;]<\/p>\n<h2><span style=\"color: #000000;\">Actividad solar<\/span><\/h2>\n<p>La escala de 0 a 9 situada a la derecha es una manera sencilla de saber qu\u00e9 probabilidades hay de ver auroras.<\/p>\n<p><strong>0-2: <\/strong>Bajo, poca actividad. Las auroras que puedas ver parecer\u00e1n m\u00e1s bien nubes.<\/p>\n<p><strong>2-3:<\/strong> Moderado, pero con altas probabilidades de ver auroras. Esta es la actividad solar habitual. \u00a1Sal a por ellas!<\/p>\n<p><strong>4-6:<\/strong> \u00a1Bravo! Se acerca una tormenta solar, \u00a1no pierdas esta oportunidad y sal a cazar auroras!<\/p>\n<p><strong>7-9:<\/strong> Extremadamente alto e inusual. Es posible que tus familiares y amigos tambi\u00e9n puedan verlas desde casa.<\/p>\n<p>[\/et_pb_text][et_pb_text _builder_version=&#8221;3.27.4&#8243; text_line_height=&#8221;2em&#8221; link_line_height=&#8221;2em&#8221; ul_line_height=&#8221;2em&#8221; ol_line_height=&#8221;2em&#8221; quote_line_height=&#8221;2em&#8221; header_line_height=&#8221;2em&#8221; header_2_line_height=&#8221;2em&#8221; header_3_line_height=&#8221;2em&#8221; header_4_line_height=&#8221;2em&#8221; header_5_line_height=&#8221;2em&#8221; header_6_line_height=&#8221;2em&#8221;]<script async src=\"\/\/pagead2.googlesyndication.com\/pagead\/js\/adsbygoogle.js\"><\/script><br \/>\n<script>\n  (adsbygoogle = window.adsbygoogle || []).push({\n    google_ad_client: \"ca-pub-5168311232820362\",\n    enable_page_level_ads: true\n  });\n<\/script><br \/>\n[\/et_pb_text][\/et_pb_column][\/et_pb_row][et_pb_row padding_mobile=&#8221;off&#8221; column_padding_mobile=&#8221;on&#8221; admin_label=&#8221;row&#8221; _builder_version=&#8221;3.29.2&#8243; background_size=&#8221;initial&#8221; background_position=&#8221;top_left&#8221; background_repeat=&#8221;repeat&#8221;][et_pb_column type=&#8221;4_4&#8243; _builder_version=&#8221;3.25&#8243; custom_padding=&#8221;|||&#8221; custom_padding__hover=&#8221;|||&#8221;][et_pb_code _builder_version=&#8221;3.29.3&#8243; min_height=&#8221;815px&#8221; custom_padding=&#8221;||90px|||&#8221;]<style type=\"text\/css\">\r\n       .errordiv { padding:10px; margin:10px; border: 1px solid #555555;color: #000000;background-color: #f8f8f8; width:500px; }#advanced_iframe_01 {visibility:visible;opacity:1;}#ai-layer-div-advanced_iframe_01 p {height:100%;margin:0;padding:0}\r\n        #ai-div-advanced_iframe_01 {\r\n            width    : 1080px;\r\n            height   : 810px;\r\n            overflow : hidden;\r\n            position : relative;\r\n        }\r\n        #advanced_iframe_01 {\r\n            position : absolute;\r\n            top      : -220px !important;\r\n            left     : -48px !important;\r\n            width    : 1200px !important;\r\n            height   : 1160px !important;\r\n        }<\/style><script type=\"text\/javascript\">  var ai_iframe_width_advanced_iframe_01 = 0;  var ai_iframe_height_advanced_iframe_01 = 0;var aiIsIe8=false;\r\nif (typeof aiReadyCallbacks === 'undefined') {\r\n    var aiReadyCallbacks = [];  \r\n} else if (!(aiReadyCallbacks instanceof Array)) {\r\n    var aiReadyCallbacks = [];\r\n}var onloadFiredadvanced_iframe_01 = false;     function aiShowIframeId(id_iframe) { jQuery(\"#\"+id_iframe).css(\"visibility\", \"visible\");    }    function aiResizeIframeHeight(height) { aiResizeIframeHeight(height,advanced_iframe_01); }    function aiResizeIframeHeightId(height,width,id) { resetShowPartOfAnIframe(id);aiResizeIframeHeightById(id,height);}<\/script><script type=\"text\/javascript\">function loadElem_advanced_iframe_01(elem)\r\n     {}function aiModifyParent_advanced_iframe_01() { }var aiReadyAiFunct_advanced_iframe_01 = function aiReadyAi_advanced_iframe_01() { aiModifyParent_advanced_iframe_01();aiAutoZoomViewport(\"#ai-div-advanced_iframe_01\",\"true\");};aiReadyCallbacks.push(aiReadyAiFunct_advanced_iframe_01);if (window.jQuery) { aiModifyParent_advanced_iframe_01(); }<\/script><div id=\"ai-div-advanced_iframe_01\"><iframe id='advanced_iframe_01'  name='advanced_iframe_01'  src='https:\/\/auroraforecast.is\/#type=composite'  width='1200'  height='1160'  scrolling='no'  frameborder='0'  border='0'  allowtransparency='true'  style=';width:1200;height:1160;;max-width:none;' ><\/iframe><\/div><script type=\"text\/javascript\">\r\n          var ifrm_advanced_iframe_01 = document.getElementById(\"advanced_iframe_01\");var hiddenTabsDoneadvanced_iframe_01 = false;\r\nfunction resizeCallbackadvanced_iframe_01() {}function aiChangeUrl(loc) {}<\/script><script type=\"text\/javascript\">\r\n        var recalculateIframeResizeadvanced_iframe_01 = 0;\r\n        var recalculateIframeOrientationchangeadvanced_iframe_01 = 0;\r\n        function recalculateIframeadvanced_iframe_01() {\r\n          clearTimeout(recalculateIframeResizeadvanced_iframe_01);\r\n          clearTimeout(recalculateIframeOrientationchangeadvanced_iframe_01);aiAutoZoomViewport(\"#ai-div-advanced_iframe_01\",\"true\");}  \r\n        function initResponsiveIframeadvanced_iframe_01() {\r\n          jQuery(window).resize(function() {\r\n             recalculateIframeResize = window.setTimeout(\"recalculateIframeadvanced_iframe_01()\",100);\r\n          });\r\n          if (window.addEventListener) {\r\n            window.addEventListener(\"orientationchange\", function() {\r\n               recalculateIframeOrientationchange = window.setTimeout(\"recalculateIframeadvanced_iframe_01()\",100);\r\n            }, false);\r\n          }\r\n        }\r\n        aiReadyCallbacks.push(initResponsiveIframeadvanced_iframe_01);\r\n        <\/script>[\/et_pb_code][\/et_pb_column][\/et_pb_row][et_pb_row column_structure=&#8221;1_2,1_2&#8243; _builder_version=&#8221;3.25&#8243;][et_pb_column type=&#8221;1_2&#8243; _builder_version=&#8221;3.25&#8243; custom_padding=&#8221;|||&#8221; custom_padding__hover=&#8221;|||&#8221;][et_pb_text admin_label=&#8221;Text&#8221; _builder_version=&#8221;4.3.2&#8243; text_font=&#8221;||||||||&#8221; text_line_height=&#8221;2em&#8221; link_line_height=&#8221;2em&#8221; ul_line_height=&#8221;2em&#8221; ol_line_height=&#8221;2em&#8221; quote_line_height=&#8221;2em&#8221; header_line_height=&#8221;2em&#8221; header_2_line_height=&#8221;2em&#8221; header_3_line_height=&#8221;2em&#8221; header_4_line_height=&#8221;2em&#8221; header_5_line_height=&#8221;2em&#8221; header_6_line_height=&#8221;2em&#8221; background_size=&#8221;initial&#8221; background_position=&#8221;top_left&#8221; background_repeat=&#8221;repeat&#8221;]<\/p>\n<h1>\u00a0<\/h1>\n<h1>Leirvogur \u2013 Observatorio magn\u00e9tico<\/h1>\n<p>El observatorio magn\u00e9tico Leirvogur mide las alteraciones magn\u00e9ticas en Islandia. Cuando las l\u00edneas se mueven es porque los vientos solares est\u00e1n sacudiendo el campo magn\u00e9tico terrestre, lo cual suele conllevar actividad auroral. Haz clic en la imagen para verlo <strong>en tiempo real<\/strong>.<\/p>\n<p>[\/et_pb_text][et_pb_image src=&#8221;https:\/\/aurorareykjavik.is\/wp-content\/uploads\/2018\/11\/Screen-Shot-2018-11-04-at-10.32.43.png&#8221; url=&#8221;http:\/\/cygnus.raunvis.hi.is\/~halo\/leirv.png&#8221; align_tablet=&#8221;center&#8221; align_phone=&#8221;&#8221; align_last_edited=&#8221;on|desktop&#8221; admin_label=&#8221;Image Leirvog&#8221; _builder_version=&#8221;3.23&#8243; max_width=&#8221;51%&#8221;][\/et_pb_image][\/et_pb_column][et_pb_column type=&#8221;1_2&#8243; _builder_version=&#8221;3.25&#8243; custom_padding=&#8221;|||&#8221; custom_padding__hover=&#8221;|||&#8221;][et_pb_text _builder_version=&#8221;4.3.2&#8243; text_line_height=&#8221;2em&#8221; link_line_height=&#8221;2em&#8221; ul_line_height=&#8221;2em&#8221; ol_line_height=&#8221;2em&#8221; quote_line_height=&#8221;2em&#8221; header_line_height=&#8221;2em&#8221; header_2_line_height=&#8221;2em&#8221; header_3_line_height=&#8221;2em&#8221; header_4_line_height=&#8221;2em&#8221; header_5_line_height=&#8221;2em&#8221; header_6_line_height=&#8221;2em&#8221; background_size=&#8221;initial&#8221; background_position=&#8221;top_left&#8221; background_repeat=&#8221;repeat&#8221;]<\/p>\n<h1>\u00a0<\/h1>\n<h1>Predicci\u00f3n meteorol\u00f3gica espacial &#8211; Space Weather Prediction Center<\/h1>\n<p>[\/et_pb_text][et_pb_code admin_label=&#8221;Code&#8221;]<style type=\"text\/css\">\r\n       .errordiv { padding:10px; margin:10px; border: 1px solid #555555;color: #000000;background-color: #f8f8f8; width:500px; }#advanced_iframe_03 {visibility:visible;opacity:1;}#ai-layer-div-advanced_iframe_03 p {height:100%;margin:0;padding:0}\r\n        #ai-div-advanced_iframe_03 {\r\n            width    : 800px;\r\n            height   : 800px;\r\n            overflow : hidden;\r\n            position : relative;\r\n        }\r\n        #advanced_iframe_03 {\r\n            position : absolute;\r\n            top      : -0px !important;\r\n            left     : -0px !important;\r\n            width    : 800px !important;\r\n            height   : 800px !important;\r\n        }<\/style><script type=\"text\/javascript\">  var ai_iframe_width_advanced_iframe_03 = 0;  var ai_iframe_height_advanced_iframe_03 = 0;var aiIsIe8=false;\r\nif (typeof aiReadyCallbacks === 'undefined') {\r\n    var aiReadyCallbacks = [];  \r\n} else if (!(aiReadyCallbacks instanceof Array)) {\r\n    var aiReadyCallbacks = [];\r\n}var onloadFiredadvanced_iframe_03 = false;     function aiShowIframeId(id_iframe) { jQuery(\"#\"+id_iframe).css(\"visibility\", \"visible\");    }    function aiResizeIframeHeight(height) { aiResizeIframeHeight(height,advanced_iframe_03); }    function aiResizeIframeHeightId(height,width,id) { resetShowPartOfAnIframe(id);aiResizeIframeHeightById(id,height);}<\/script><script type=\"text\/javascript\">function loadElem_advanced_iframe_03(elem)\r\n     {}function aiModifyParent_advanced_iframe_03() { }var aiReadyAiFunct_advanced_iframe_03 = function aiReadyAi_advanced_iframe_03() { aiModifyParent_advanced_iframe_03();aiAutoZoomViewport(\"#ai-div-advanced_iframe_03\",\"true\");};aiReadyCallbacks.push(aiReadyAiFunct_advanced_iframe_03);if (window.jQuery) { aiModifyParent_advanced_iframe_03(); }<\/script><div id=\"ai-div-advanced_iframe_03\"><iframe id='advanced_iframe_03'  name='advanced_iframe_03'  src='https:\/\/services.swpc.noaa.gov\/images\/animations\/ovation-north\/latest.jpg'  width='800'  height='800'  scrolling='no'  frameborder='0'  border='0'  allowtransparency='true'  style=';width:800;height:800;;max-width:none;' ><\/iframe><\/div><script type=\"text\/javascript\">\r\n          var ifrm_advanced_iframe_03 = document.getElementById(\"advanced_iframe_03\");var hiddenTabsDoneadvanced_iframe_03 = false;\r\nfunction resizeCallbackadvanced_iframe_03() {}function aiChangeUrl(loc) {}<\/script><script type=\"text\/javascript\">\r\n        var recalculateIframeResizeadvanced_iframe_03 = 0;\r\n        var recalculateIframeOrientationchangeadvanced_iframe_03 = 0;\r\n        function recalculateIframeadvanced_iframe_03() {\r\n          clearTimeout(recalculateIframeResizeadvanced_iframe_03);\r\n          clearTimeout(recalculateIframeOrientationchangeadvanced_iframe_03);aiAutoZoomViewport(\"#ai-div-advanced_iframe_03\",\"true\");}  \r\n        function initResponsiveIframeadvanced_iframe_03() {\r\n          jQuery(window).resize(function() {\r\n             recalculateIframeResize = window.setTimeout(\"recalculateIframeadvanced_iframe_03()\",100);\r\n          });\r\n          if (window.addEventListener) {\r\n            window.addEventListener(\"orientationchange\", function() {\r\n               recalculateIframeOrientationchange = window.setTimeout(\"recalculateIframeadvanced_iframe_03()\",100);\r\n            }, false);\r\n          }\r\n        }\r\n        aiReadyCallbacks.push(initResponsiveIframeadvanced_iframe_03);\r\n        <\/script>[\/et_pb_code][\/et_pb_column][\/et_pb_row][et_pb_row _builder_version=&#8221;3.25&#8243;][et_pb_column type=&#8221;4_4&#8243; _builder_version=&#8221;3.25&#8243; custom_padding=&#8221;|||&#8221; custom_padding__hover=&#8221;|||&#8221;][et_pb_text admin_label=&#8221;Text&#8221; _builder_version=&#8221;4.3.2&#8243; text_font=&#8221;||||||||&#8221; text_line_height=&#8221;2em&#8221; link_line_height=&#8221;2em&#8221; ul_line_height=&#8221;2em&#8221; ol_line_height=&#8221;2em&#8221; quote_line_height=&#8221;2em&#8221; header_line_height=&#8221;2em&#8221; header_2_line_height=&#8221;2em&#8221; header_3_line_height=&#8221;2em&#8221; header_4_line_height=&#8221;2em&#8221; header_5_line_height=&#8221;2em&#8221; header_6_line_height=&#8221;2em&#8221;]<\/p>\n<h2>\u00a1D\u00e9jate guiar en un tour de auroras!<\/h2>\n<p>Si quieres disfrutar de una experiencia de auroras completa, te recomendamos que vayas con un tour guiado. Te ahorrar\u00e1s tiempo y preocupaciones, ya que los gu\u00edas conocen las condiciones tanto meteorol\u00f3gicas como de actividad solar, y estar\u00e1s rodeado de gente en busca de la misma aventura. Podemos recomendar cualquiera de las compa\u00f1\u00edas indicadas m\u00e1s abajo, ya que seleccionamos cuidadosamente a nuestros colaboradores y podemos confiar plenamente en su profesionalidad.<\/p>\n<div class=\"grammarly-disable-indicator\">\u00a0<\/div>\n<p>[\/et_pb_text][et_pb_filterable_portfolio fullwidth=&#8221;off&#8221; posts_number=&#8221;16&#8243; include_categories=&#8221;22,111,8,5,108,4,112,56,7,9,23,6&#8243; show_categories=&#8221;off&#8221; show_pagination=&#8221;off&#8221; _builder_version=&#8221;3.24.1&#8243; title_font=&#8221;||||||||&#8221; background_color=&#8221;#ffffff&#8221; pagination_font_size_tablet=&#8221;51&#8243; pagination_line_height_tablet=&#8221;2&#8243; border_radii_image=&#8221;on|3px|3px|3px|3px&#8221; box_shadow_style_image=&#8221;preset3&#8243;][\/et_pb_filterable_portfolio][\/et_pb_column][\/et_pb_row][et_pb_row _builder_version=&#8221;3.25&#8243;][et_pb_column type=&#8221;4_4&#8243; _builder_version=&#8221;3.25&#8243; custom_padding=&#8221;|||&#8221; custom_padding__hover=&#8221;|||&#8221;][et_pb_blog fullwidth=&#8221;off&#8221; include_categories=&#8221;132&#8243; show_more=&#8221;on&#8221; show_author=&#8221;off&#8221; show_date=&#8221;off&#8221; show_categories=&#8221;off&#8221; show_pagination=&#8221;off&#8221; _builder_version=&#8221;3.24.1&#8243; header_line_height=&#8221;2em&#8221; body_line_height=&#8221;2em&#8221; body_link_line_height=&#8221;2em&#8221; body_ul_line_height=&#8221;2em&#8221; body_ol_line_height=&#8221;2em&#8221; body_quote_line_height=&#8221;2em&#8221;][\/et_pb_blog][\/et_pb_column][\/et_pb_row][et_pb_row _builder_version=&#8221;3.25&#8243; background_size=&#8221;initial&#8221; background_position=&#8221;top_left&#8221; background_repeat=&#8221;repeat&#8221;][et_pb_column type=&#8221;4_4&#8243; _builder_version=&#8221;3.25&#8243; custom_padding=&#8221;|||&#8221; custom_padding__hover=&#8221;|||&#8221;][et_pb_text _builder_version=&#8221;3.27.4&#8243; text_line_height=&#8221;2em&#8221; link_line_height=&#8221;2em&#8221; ul_line_height=&#8221;2em&#8221; ol_line_height=&#8221;2em&#8221; quote_line_height=&#8221;2em&#8221; header_line_height=&#8221;2em&#8221; header_2_line_height=&#8221;2em&#8221; header_3_line_height=&#8221;2em&#8221; header_4_line_height=&#8221;2em&#8221; header_5_line_height=&#8221;2em&#8221; header_6_line_height=&#8221;2em&#8221; background_layout=&#8221;dark&#8221;]<\/p>\n<h1>Solar stream forecast<\/h1>\n<p>The model shows the solar stream from the Sun alongside its 27-day rotation. The earth is the yellow dot.<br \/>\n[\/et_pb_text][\/et_pb_column][\/et_pb_row][\/et_pb_section]<\/p>\n","protected":false},"excerpt":{"rendered":"<p>\u00bfC\u00f3mo se interpreta la predicci\u00f3n de auroras? El servicio island\u00e9s de meteorolog\u00eda mide la actividad solar. Esto, combinado con la evoluci\u00f3n de las nubes, nos ayuda a saber d\u00f3nde hay posibilidades de ver las auroras. Utiliza la barra situada debajo del gr\u00e1fico para modificar la fecha y la hora. Recuerda que las predicciones cambian con [&hellip;]<\/p>\n","protected":false},"author":4,"featured_media":3774,"parent":0,"menu_order":0,"comment_status":"closed","ping_status":"closed","template":"","meta":{"_acf_changed":false,"_et_pb_use_builder":"on","_et_pb_old_content":"","_et_gb_content_width":"","om_disable_all_campaigns":false,"pgc_sgb_lightbox_settings":"","footnotes":""},"class_list":["post-4447","page","type-page","status-publish","has-post-thumbnail","hentry"],"acf":[],"aioseo_notices":[],"jetpack_sharing_enabled":true,"_links":{"self":[{"href":"https:\/\/aurorareykjavik.is\/it\/wp-json\/wp\/v2\/pages\/4447","targetHints":{"allow":["GET"]}}],"collection":[{"href":"https:\/\/aurorareykjavik.is\/it\/wp-json\/wp\/v2\/pages"}],"about":[{"href":"https:\/\/aurorareykjavik.is\/it\/wp-json\/wp\/v2\/types\/page"}],"author":[{"embeddable":true,"href":"https:\/\/aurorareykjavik.is\/it\/wp-json\/wp\/v2\/users\/4"}],"replies":[{"embeddable":true,"href":"https:\/\/aurorareykjavik.is\/it\/wp-json\/wp\/v2\/comments?post=4447"}],"version-history":[{"count":6,"href":"https:\/\/aurorareykjavik.is\/it\/wp-json\/wp\/v2\/pages\/4447\/revisions"}],"predecessor-version":[{"id":4461,"href":"https:\/\/aurorareykjavik.is\/it\/wp-json\/wp\/v2\/pages\/4447\/revisions\/4461"}],"wp:featuredmedia":[{"embeddable":true,"href":"https:\/\/aurorareykjavik.is\/it\/wp-json\/wp\/v2\/media\/3774"}],"wp:attachment":[{"href":"https:\/\/aurorareykjavik.is\/it\/wp-json\/wp\/v2\/media?parent=4447"}],"curies":[{"name":"wp","href":"https:\/\/api.w.org\/{rel}","templated":true}]}}