{"id":237829,"date":"2023-04-25T12:13:02","date_gmt":"2023-04-25T12:13:02","guid":{"rendered":"https:\/\/aurorareykjavik.is\/?page_id=237829"},"modified":"2024-12-06T13:42:19","modified_gmt":"2024-12-06T13:42:19","slug":"glacier-lagoon-tours","status":"publish","type":"page","link":"https:\/\/aurorareykjavik.is\/it\/glacier-lagoon-tours\/","title":{"rendered":"Tour della laguna glaciale"},"content":{"rendered":"<p>[et_pb_section fb_built=&#8221;1&#8243; fullwidth=&#8221;on&#8221; admin_label=&#8221;Hero Section&#8221; _builder_version=&#8221;4.16&#8243; background_enable_video_mp4=&#8221;off&#8221; custom_padding=&#8221;0px|0px|0px|0px&#8221; global_colors_info=&#8221;{}&#8221;][et_pb_fullwidth_slider _builder_version=&#8221;4.17.6&#8243; header_level=&#8221;h1&#8243; header_font=&#8221;Oswald|700||on|||||&#8221; background_image=&#8221;https:\/\/aurorareykjavik.is\/wp-content\/uploads\/2019\/05\/diamondcircle-by-night-18.jpg&#8221; parallax=&#8221;on&#8221; global_colors_info=&#8221;{}&#8221;][et_pb_slide heading=&#8221;GLACIER LAGOON TOURS&#8221; button_text=&#8221;ALL TOURS&#8221; button_link=&#8221;#alltours&#8221; _builder_version=&#8221;4.17.6&#8243; header_level=&#8221;h1&#8243; use_background_color_gradient=&#8221;on&#8221; background_image=&#8221;https:\/\/aurorareykjavik.is\/wp-content\/uploads\/2017\/04\/GLB1.jpg&#8221; background_enable_image=&#8221;on&#8221; parallax=&#8221;on&#8221; global_colors_info=&#8221;{}&#8221; sticky_transition=&#8221;on&#8221;][\/et_pb_slide][\/et_pb_fullwidth_slider][\/et_pb_section][et_pb_section fb_built=&#8221;1&#8243; custom_padding_last_edited=&#8221;on|desktop&#8221; _builder_version=&#8221;4.17.6&#8243; background_color=&#8221;#ffffff&#8221; min_height=&#8221;161px&#8221; custom_padding=&#8221;38px|||0px|false|false&#8221; custom_padding_tablet=&#8221;50px|0|50px|0&#8243; custom_padding_phone=&#8221;&#8221; global_colors_info=&#8221;{}&#8221;][et_pb_row column_structure=&#8221;1_3,1_3,1_3&#8243; make_equal=&#8221;on&#8221; _builder_version=&#8221;4.17.6&#8243; background_size=&#8221;initial&#8221; background_position=&#8221;top_left&#8221; background_repeat=&#8221;repeat&#8221; width=&#8221;100%&#8221; max_width=&#8221;2560px&#8221; max_width_tablet=&#8221;&#8221; max_width_phone=&#8221;&#8221; max_width_last_edited=&#8221;on|desktop&#8221; custom_margin=&#8221;|0px||0px||&#8221; custom_padding=&#8221;0px|2px|0px|0px||&#8221; animation_style=&#8221;fold&#8221; global_colors_info=&#8221;{}&#8221; max_width__hover_enabled=&#8221;on|hover&#8221; max_width__hover=&#8221;none&#8221;][et_pb_column type=&#8221;1_3&#8243; _builder_version=&#8221;4.16&#8243; custom_padding=&#8221;|||&#8221; global_colors_info=&#8221;{}&#8221; custom_padding__hover=&#8221;|||&#8221;][et_pb_blurb title=&#8221;Free cancellation&#8221; use_icon=&#8221;on&#8221; font_icon=&#8221;&#xe106;||divi||400&#8243; icon_placement=&#8221;left&#8221; _builder_version=&#8221;4.16&#8243; header_font=&#8221;||||||||&#8221; background_color=&#8221;rgba(255,255,255,0)&#8221; text_orientation=&#8221;center&#8221; global_colors_info=&#8221;{}&#8221;]<\/p>\n<p>You&#8217;ll receive a full refund if you cancel at least 24 hours in advance of most experiences.<\/p>\n<p style=\"text-align: left;\">[\/et_pb_blurb][\/et_pb_column][et_pb_column type=&#8221;1_3&#8243; _builder_version=&#8221;4.16&#8243; custom_padding=&#8221;|||&#8221; global_colors_info=&#8221;{}&#8221; custom_padding__hover=&#8221;|||&#8221;][et_pb_blurb title=&#8221;Electronic voucher&#8221; use_icon=&#8221;on&#8221; font_icon=&#8221;&#xe031;||divi||400&#8243; icon_placement=&#8221;left&#8221; _builder_version=&#8221;4.17.6&#8243; text_orientation=&#8221;center&#8221; global_colors_info=&#8221;{}&#8221;]<\/p>\n<p>Instant confirmation on your device.<\/p>\n<p style=\"text-align: left;\">[\/et_pb_blurb][\/et_pb_column][et_pb_column type=&#8221;1_3&#8243; _builder_version=&#8221;4.16&#8243; custom_padding=&#8221;|||&#8221; global_colors_info=&#8221;{}&#8221; custom_padding__hover=&#8221;|||&#8221;][et_pb_blurb title=&#8221;Best price guarantee&#8221; use_icon=&#8221;on&#8221; font_icon=&#8221;&#xe0ed;||divi||400&#8243; icon_placement=&#8221;left&#8221; _builder_version=&#8221;4.17.6&#8243; text_orientation=&#8221;center&#8221; global_colors_info=&#8221;{}&#8221;]<\/p>\n<p>No hidden fees, best value for money.<\/p>\n<p style=\"text-align: left;\">[\/et_pb_blurb][\/et_pb_column][\/et_pb_row][\/et_pb_section][et_pb_section fb_built=&#8221;1&#8243; _builder_version=&#8221;4.17.6&#8243; _module_preset=&#8221;default&#8221; global_colors_info=&#8221;{}&#8221;][et_pb_row _builder_version=&#8221;4.17.6&#8243; _module_preset=&#8221;default&#8221; global_colors_info=&#8221;{}&#8221;][et_pb_column type=&#8221;4_4&#8243; _builder_version=&#8221;4.17.6&#8243; _module_preset=&#8221;default&#8221; global_colors_info=&#8221;{}&#8221;][et_pb_text _builder_version=&#8221;4.17.6&#8243; _module_preset=&#8221;default&#8221; global_colors_info=&#8221;{}&#8221;]<\/p>\n<p>Experience the ultimate wonder of Mother Nature at the <strong>Glacier Lagoon J\u00f6kuls\u00e1rl\u00f3n<\/strong>!<\/p>\n<p>Located in South-East Iceland, the lagoon&#8217;s gorgeous <strong>icebergs<\/strong> break off from <strong>Vatnaj\u00f6kull<\/strong>, Iceland&#8217;s largest glacier, and majestically float on the surface before making their way towards the sea.\u00a0<br \/>This picturesque landscape is like nothing you&#8217;ve seen before and it&#8217;s a <strong>once in a lifetime experience<\/strong> you won&#8217;t want to miss.<br \/>During the summer, <strong>optional<\/strong> <strong>boat rides<\/strong> will take visitors close to the towering icebergs, offering <strong>breathtaking views<\/strong> of their unique shapes, colours and sizes.\u00a0<\/p>\n<p>Just a few steps away from the lagoon, the <strong>Diamond beach<\/strong> is a feast for the eyes. Watch the glistening blocks of ice washed up on the shore <strong>sparkle<\/strong> like diamonds in the sunlight, creating a magical spectacle.<\/p>\n<p>Take part in our day or multi-day tours and explore the fantastic glacier lagoon and its captivating diamond beach. This adventure promises to be unforgettable!<\/p>\n<p>[\/et_pb_text][\/et_pb_column][\/et_pb_row][\/et_pb_section][et_pb_section fb_built=&#8221;1&#8243; inner_shadow=&#8221;on&#8221; _builder_version=&#8221;4.16&#8243; background_color=&#8221;#ffffff&#8221; box_shadow_style=&#8221;preset1&#8243; global_colors_info=&#8221;{}&#8221;][et_pb_row _builder_version=&#8221;4.16&#8243; background_size=&#8221;initial&#8221; background_position=&#8221;top_left&#8221; background_repeat=&#8221;repeat&#8221; min_height=&#8221;205px&#8221; global_colors_info=&#8221;{}&#8221;][et_pb_column type=&#8221;4_4&#8243; _builder_version=&#8221;4.16&#8243; custom_padding=&#8221;|||&#8221; global_colors_info=&#8221;{}&#8221; custom_padding__hover=&#8221;|||&#8221;][et_pb_text _builder_version=&#8221;4.17.6&#8243; text_font=&#8221;||||&#8221; text_text_color=&#8221;#1a1a1a&#8221; header_font=&#8221;|700||on|||||&#8221; header_text_align=&#8221;center&#8221; header_font_size=&#8221;40px&#8221; header_line_height=&#8221;1.3em&#8221; background_color=&#8221;rgba(255,255,255,0)&#8221; module_alignment=&#8221;center&#8221; custom_margin=&#8221;|||&#8221; custom_padding=&#8221;|||&#8221; animation_style=&#8221;slide&#8221; animation_direction=&#8221;left&#8221; animation_duration=&#8221;500ms&#8221; animation_intensity_slide=&#8221;10%&#8221; global_colors_info=&#8221;{}&#8221;]<\/p>\n<h1>Our Bestsellers<\/h1>\n<h4 style=\"text-align: center;\">\u00a0<\/h4>\n<p>[\/et_pb_text][\/et_pb_column][\/et_pb_row][et_pb_row column_structure=&#8221;1_2,1_2&#8243; _builder_version=&#8221;4.17.6&#8243; background_size=&#8221;initial&#8221; background_position=&#8221;top_left&#8221; background_repeat=&#8221;repeat&#8221; min_height=&#8221;818px&#8221; global_colors_info=&#8221;{}&#8221;][et_pb_column type=&#8221;1_2&#8243; _builder_version=&#8221;4.16&#8243; background_color=&#8221;#ffffff&#8221; custom_padding=&#8221;|||&#8221; global_colors_info=&#8221;{}&#8221; custom_padding__hover=&#8221;|||&#8221;][et_pb_image src=&#8221;https:\/\/aurorareykjavik.is\/wp-content\/uploads\/2017\/04\/GL2.jpg&#8221; alt=&#8221;Close up of a fragment of iceberg on the black sand on the lagoon shore at sunset.&#8221; title_text=&#8221;Glacier-lagoon-close-up&#8221; url=&#8221;https:\/\/aurorareykjavik.is\/project\/glacier-lagoon-via-bus-travel\/&#8221; force_fullwidth=&#8221;on&#8221; align_tablet=&#8221;center&#8221; align_phone=&#8221;&#8221; align_last_edited=&#8221;on|desktop&#8221; _builder_version=&#8221;4.17.6&#8243; background_color=&#8221;rgba(255,255,255,0)&#8221; custom_margin=&#8221;||-20px|&#8221; box_shadow_style=&#8221;preset2&#8243; global_colors_info=&#8221;{}&#8221;][\/et_pb_image][et_pb_button button_url=&#8221;https:\/\/aurorareykjavik.is\/project\/glacier-lagoon-via-bus-travel\/&#8221; button_text=&#8221;Book now&#8221; button_alignment=&#8221;center&#8221; _builder_version=&#8221;4.17.6&#8243; custom_button=&#8221;on&#8221; button_text_size=&#8221;12px&#8221; button_bg_color=&#8221;#16ba42&#8243; button_border_width=&#8221;0px&#8221; button_border_radius=&#8221;6px&#8221; button_letter_spacing=&#8221;1px&#8221; button_font=&#8221;Lato|700||on|||||&#8221; button_icon=&#8221;&#x35;||divi||400&#8243; background_layout=&#8221;dark&#8221; custom_margin=&#8221;||0px|&#8221; custom_padding=&#8221;8px||8px|&#8221; filter_hue_rotate=&#8221;155deg&#8221; animation_style=&#8221;fold&#8221; box_shadow_style=&#8221;preset3&#8243; box_shadow_color=&#8221;rgba(24,150,74,0.4)&#8221; button_letter_spacing_hover=&#8221;1px&#8221; global_colors_info=&#8221;{}&#8221; button_text_size__hover_enabled=&#8221;off&#8221; button_one_text_size__hover_enabled=&#8221;off&#8221; button_two_text_size__hover_enabled=&#8221;off&#8221; button_text_color__hover_enabled=&#8221;off&#8221; button_one_text_color__hover_enabled=&#8221;off&#8221; button_two_text_color__hover_enabled=&#8221;off&#8221; button_border_width__hover_enabled=&#8221;off&#8221; button_one_border_width__hover_enabled=&#8221;off&#8221; button_two_border_width__hover_enabled=&#8221;off&#8221; button_border_color__hover_enabled=&#8221;off&#8221; button_one_border_color__hover_enabled=&#8221;off&#8221; button_two_border_color__hover_enabled=&#8221;off&#8221; button_border_radius__hover_enabled=&#8221;off&#8221; button_one_border_radius__hover_enabled=&#8221;off&#8221; button_two_border_radius__hover_enabled=&#8221;off&#8221; button_letter_spacing__hover_enabled=&#8221;on&#8221; button_letter_spacing__hover=&#8221;1px&#8221; button_one_letter_spacing__hover_enabled=&#8221;off&#8221; button_two_letter_spacing__hover_enabled=&#8221;off&#8221; button_bg_color__hover_enabled=&#8221;off&#8221; button_one_bg_color__hover_enabled=&#8221;off&#8221; button_two_bg_color__hover_enabled=&#8221;off&#8221;][\/et_pb_button][et_pb_text _builder_version=&#8221;4.17.6&#8243; text_font=&#8221;Lato||||||||&#8221; text_text_color=&#8221;#898f99&#8243; link_text_color=&#8221;#3c39e6&#8243; header_4_font=&#8221;Lato|700|||||||&#8221; header_4_font_size=&#8221;32px&#8221; text_orientation=&#8221;center&#8221; height=&#8221;300px&#8221; custom_margin=&#8221;20px|20px|40px|20px&#8221; locked=&#8221;off&#8221; global_colors_info=&#8221;{}&#8221;]<\/p>\n<h1 class=\"entry-title\" style=\"text-align: center;\">GLACIER LAGOON DAY TOUR<\/h1>\n<p style=\"text-align: center;\"><strong>HIGHLIGHTS<\/strong><\/p>\n<ul>\n<li style=\"text-align: left;\">14-hour guided tour &#8211; in English<\/li>\n<li style=\"text-align: left;\">J\u00f6kuls\u00e1rl\u00f3n, Diamond beach, Seljalandsfoss waterfall, Reynisfjara black sand beach<\/li>\n<li style=\"text-align: left;\">Pick-up\/drop-off in Reykjav\u00edk<\/li>\n<\/ul>\n<h5 style=\"text-align: left;\">\u00a0<\/h5>\n<p style=\"text-align: left;\">[\/et_pb_text][\/et_pb_column][et_pb_column type=&#8221;1_2&#8243; _builder_version=&#8221;4.16&#8243; background_color=&#8221;#ffffff&#8221; custom_padding=&#8221;|||&#8221; global_colors_info=&#8221;{}&#8221; custom_padding__hover=&#8221;|||&#8221;][et_pb_image src=&#8221;https:\/\/aurorareykjavik.is\/wp-content\/uploads\/2016\/03\/Crystal-Ice-Cave-Glacier-Iceland-6-1200&#215;800.jpg&#8221; alt=&#8221;Two visitors exiting an ice cave, surrounded by blue-black smooth and shiny icy walls.&#8221; title_text=&#8221;Crystal-Ice-Cave-Glacier-Iceland&#8221; url=&#8221;https:\/\/aurorareykjavik.is\/project\/2-day-south-coast-ice-cave-skaftafell-jokulsarlon-ice-lagoon-arcticadventures\/&#8221; force_fullwidth=&#8221;on&#8221; align_tablet=&#8221;center&#8221; align_phone=&#8221;&#8221; align_last_edited=&#8221;on|desktop&#8221; _builder_version=&#8221;4.17.6&#8243; background_color=&#8221;rgba(255,255,255,0)&#8221; custom_margin=&#8221;||-20px|&#8221; box_shadow_style=&#8221;preset2&#8243; global_colors_info=&#8221;{}&#8221;]<\/p>\n<p style=\"text-align: left;\">[\/et_pb_image][et_pb_button button_url=&#8221;https:\/\/aurorareykjavik.is\/project\/2-day-south-coast-ice-cave-skaftafell-jokulsarlon-ice-lagoon-arcticadventures\/&#8221; button_text=&#8221;Book now&#8221; button_alignment=&#8221;center&#8221; _builder_version=&#8221;4.17.6&#8243; custom_button=&#8221;on&#8221; button_text_size=&#8221;12px&#8221; button_bg_color=&#8221;#16ba42&#8243; button_border_width=&#8221;0px&#8221; button_border_radius=&#8221;6px&#8221; button_letter_spacing=&#8221;1px&#8221; button_font=&#8221;Lato|700||on|||||&#8221; button_icon=&#8221;&#x35;||divi||400&#8243; background_layout=&#8221;dark&#8221; custom_margin=&#8221;||0px|&#8221; custom_padding=&#8221;8px||8px|&#8221; filter_hue_rotate=&#8221;155deg&#8221; animation_style=&#8221;fold&#8221; box_shadow_style=&#8221;preset3&#8243; box_shadow_color=&#8221;rgba(24,150,74,0.4)&#8221; button_letter_spacing_hover=&#8221;1px&#8221; global_colors_info=&#8221;{}&#8221; button_text_size__hover_enabled=&#8221;off&#8221; button_one_text_size__hover_enabled=&#8221;off&#8221; button_two_text_size__hover_enabled=&#8221;off&#8221; button_text_color__hover_enabled=&#8221;off&#8221; button_one_text_color__hover_enabled=&#8221;off&#8221; button_two_text_color__hover_enabled=&#8221;off&#8221; button_border_width__hover_enabled=&#8221;off&#8221; button_one_border_width__hover_enabled=&#8221;off&#8221; button_two_border_width__hover_enabled=&#8221;off&#8221; button_border_color__hover_enabled=&#8221;off&#8221; button_one_border_color__hover_enabled=&#8221;off&#8221; button_two_border_color__hover_enabled=&#8221;off&#8221; button_border_radius__hover_enabled=&#8221;off&#8221; button_one_border_radius__hover_enabled=&#8221;off&#8221; button_two_border_radius__hover_enabled=&#8221;off&#8221; button_letter_spacing__hover_enabled=&#8221;on&#8221; button_letter_spacing__hover=&#8221;1px&#8221; button_one_letter_spacing__hover_enabled=&#8221;off&#8221; button_two_letter_spacing__hover_enabled=&#8221;off&#8221; button_bg_color__hover_enabled=&#8221;off&#8221; button_one_bg_color__hover_enabled=&#8221;off&#8221; button_two_bg_color__hover_enabled=&#8221;off&#8221;]<\/p>\n<p style=\"text-align: left;\">[\/et_pb_button][et_pb_text _builder_version=&#8221;4.17.6&#8243; text_font=&#8221;Lato||||||||&#8221; text_text_color=&#8221;#898f99&#8243; link_text_color=&#8221;#3c39e6&#8243; header_4_font=&#8221;Lato|700|||||||&#8221; header_4_font_size=&#8221;32px&#8221; text_orientation=&#8221;center&#8221; height=&#8221;300px&#8221; custom_margin=&#8221;20px|20px|40px|20px&#8221; locked=&#8221;off&#8221; global_colors_info=&#8221;{}&#8221;]<\/p>\n<h1 class=\"entry-title\" style=\"text-align: center;\">2-DAY SOUTH COAST, GLACIER LAGOON AND ICE CAVE<\/h1>\n<p style=\"text-align: center;\"><strong>HIGHLIGHTS<\/strong><\/p>\n<ul>\n<li style=\"text-align: left;\">2-day tour, accommodation included<\/li>\n<li style=\"text-align: left;\">Sk\u00f3gafoss, Seljalandsfoss, Reynisfjara, J\u00f6kuls\u00e1rl\u00f3n, Diamond beach, Glacier hike<\/li>\n<li style=\"text-align: left;\">Pick-up\/drop-off in Reykjav\u00edk<\/li>\n<\/ul>\n<h5 style=\"text-align: left;\">\u00a0<\/h5>\n<p style=\"text-align: left;\">[\/et_pb_text][\/et_pb_column][\/et_pb_row][\/et_pb_section][et_pb_section fb_built=&#8221;1&#8243; custom_padding_last_edited=&#8221;on|desktop&#8221; admin_label=&#8221;Packages&#8221; _builder_version=&#8221;4.17.6&#8243; custom_margin=&#8221;0px||||false|false&#8221; custom_padding=&#8221;10px||10px|&#8221; custom_padding_tablet=&#8221;50px|0|50px|0&#8243; custom_padding_phone=&#8221;&#8221; global_colors_info=&#8221;{}&#8221;][et_pb_row custom_padding_last_edited=&#8221;on|phone&#8221; admin_label=&#8221;Packages Title&#8221; _builder_version=&#8221;4.16&#8243; background_size=&#8221;initial&#8221; background_position=&#8221;top_left&#8221; background_repeat=&#8221;repeat&#8221; custom_padding=&#8221;10px|0px|10px|0px&#8221; custom_padding_tablet=&#8221;60px||0px|&#8221; custom_padding_phone=&#8221;&#8221; locked=&#8221;off&#8221; global_colors_info=&#8221;{}&#8221;][et_pb_column type=&#8221;4_4&#8243; _builder_version=&#8221;4.16&#8243; custom_padding=&#8221;|||&#8221; global_colors_info=&#8221;{}&#8221; custom_padding__hover=&#8221;|||&#8221;][et_pb_text _builder_version=&#8221;4.16&#8243; text_font=&#8221;||||&#8221; text_text_color=&#8221;#1a1a1a&#8221; header_font=&#8221;|700||on|||||&#8221; header_text_align=&#8221;center&#8221; header_font_size=&#8221;40px&#8221; header_line_height=&#8221;1.3em&#8221; background_color=&#8221;rgba(255,255,255,0)&#8221; module_alignment=&#8221;center&#8221; custom_margin=&#8221;|||&#8221; custom_padding=&#8221;|||&#8221; animation_style=&#8221;slide&#8221; animation_direction=&#8221;left&#8221; animation_duration=&#8221;500ms&#8221; animation_intensity_slide=&#8221;10%&#8221; locked=&#8221;off&#8221; global_colors_info=&#8221;{}&#8221;]<\/p>\n<h1>VIEW ALL TOURS<\/h1>\n<p style=\"text-align: center;\">\n[\/et_pb_text][et_pb_divider show_divider=&#8221;off&#8221; disabled_on=&#8221;off|off|off&#8221; _builder_version=&#8221;4.16&#8243; max_width=&#8221;150px&#8221; module_alignment=&#8221;center&#8221; height=&#8221;0px&#8221; custom_margin=&#8221;30px|||&#8221; animation_style=&#8221;slide&#8221; animation_direction=&#8221;top&#8221; animation_delay=&#8221;100ms&#8221; animation_intensity_slide=&#8221;10%&#8221; locked=&#8221;off&#8221; global_colors_info=&#8221;{}&#8221;]<\/p>\n<p style=\"text-align: center;\">[\/et_pb_divider][\/et_pb_column][\/et_pb_row][et_pb_row _builder_version=&#8221;4.16&#8243; global_colors_info=&#8221;{}&#8221;][et_pb_column type=&#8221;4_4&#8243; _builder_version=&#8221;4.16&#8243; custom_padding=&#8221;|||&#8221; global_colors_info=&#8221;{}&#8221; custom_padding__hover=&#8221;|||&#8221;][et_pb_code _builder_version=&#8221;4.17.6&#8243; _module_preset=&#8221;default&#8221; global_colors_info=&#8221;{}&#8221;]<script type=\"text\/javascript\" src=\"https:\/\/widgets.bokun.io\/assets\/javascripts\/apps\/build\/BokunWidgetsLoader.js?bookingChannelUUID=d0dd2e14-ba27-443c-a78a-8083743f4dd4\" async><\/script><!-- [et_pb_line_break_holder] -->     <!-- [et_pb_line_break_holder] -->    <\/p>\n<div class=\"bokunWidget\" data-src=\"https:\/\/widgets.bokun.io\/online-sales\/d0dd2e14-ba27-443c-a78a-8083743f4dd4\/product-list\/66384\"><\/div>\n<p><!-- [et_pb_line_break_holder] -->    <noscript>Please enable javascript in your browser to book<\/noscript><!-- [et_pb_line_break_holder] -->[\/et_pb_code][\/et_pb_column][\/et_pb_row][\/et_pb_section]<\/p>\n","protected":false},"excerpt":{"rendered":"<p>You&#8217;ll receive a full refund if you cancel at least 24 hours in advance of most experiences. Instant confirmation on your device. No hidden fees, best value for money. Experience the ultimate wonder of Mother Nature at the Glacier Lagoon J\u00f6kuls\u00e1rl\u00f3n! Located in South-East Iceland, the lagoon&#8217;s gorgeous icebergs break off from Vatnaj\u00f6kull, Iceland&#8217;s largest [&hellip;]<\/p>\n","protected":false},"author":4,"featured_media":0,"parent":0,"menu_order":0,"comment_status":"closed","ping_status":"closed","template":"","meta":{"_acf_changed":false,"_et_pb_use_builder":"on","_et_pb_old_content":"","_et_gb_content_width":"","om_disable_all_campaigns":false,"pgc_sgb_lightbox_settings":"","footnotes":""},"class_list":["post-237829","page","type-page","status-publish","hentry"],"acf":[],"aioseo_notices":[],"jetpack_sharing_enabled":true,"_links":{"self":[{"href":"https:\/\/aurorareykjavik.is\/it\/wp-json\/wp\/v2\/pages\/237829","targetHints":{"allow":["GET"]}}],"collection":[{"href":"https:\/\/aurorareykjavik.is\/it\/wp-json\/wp\/v2\/pages"}],"about":[{"href":"https:\/\/aurorareykjavik.is\/it\/wp-json\/wp\/v2\/types\/page"}],"author":[{"embeddable":true,"href":"https:\/\/aurorareykjavik.is\/it\/wp-json\/wp\/v2\/users\/4"}],"replies":[{"embeddable":true,"href":"https:\/\/aurorareykjavik.is\/it\/wp-json\/wp\/v2\/comments?post=237829"}],"version-history":[{"count":4,"href":"https:\/\/aurorareykjavik.is\/it\/wp-json\/wp\/v2\/pages\/237829\/revisions"}],"predecessor-version":[{"id":239862,"href":"https:\/\/aurorareykjavik.is\/it\/wp-json\/wp\/v2\/pages\/237829\/revisions\/239862"}],"wp:attachment":[{"href":"https:\/\/aurorareykjavik.is\/it\/wp-json\/wp\/v2\/media?parent=237829"}],"curies":[{"name":"wp","href":"https:\/\/api.w.org\/{rel}","templated":true}]}}