{"id":4422,"date":"2020-05-15T11:51:42","date_gmt":"2020-05-15T11:51:42","guid":{"rendered":"https:\/\/aurorareykjavik.is\/?page_id=4422"},"modified":"2020-05-26T11:11:59","modified_gmt":"2020-05-26T11:11:59","slug":"fotografare-laurora","status":"publish","type":"page","link":"https:\/\/aurorareykjavik.is\/de\/fotografare-laurora\/","title":{"rendered":"Fotografare l&#8217;aurora boreale"},"content":{"rendered":"<p>[et_pb_section fb_built=&#8221;1&#8243; inner_shadow=&#8221;on&#8221; fullwidth=&#8221;on&#8221; custom_padding_last_edited=&#8221;on|desktop&#8221; admin_label=&#8221;section&#8221; _builder_version=&#8221;3.22&#8243; background_color=&#8221;#2ea3f2&#8243; background_image=&#8221;https:\/\/aurorareykjavik.is\/wp-content\/uploads\/2016\/03\/IMG_8879.jpg&#8221; custom_padding=&#8221;40px||40px|&#8221; custom_padding_tablet=&#8221;50px|0|50px|0&#8243; custom_padding_phone=&#8221;&#8221; transparent_background=&#8221;off&#8221; padding_mobile=&#8221;off&#8221;][et_pb_fullwidth_header title=&#8221;Fotografare l\u2019aurora boreale&#8221; text_orientation=&#8221;center&#8221; button_one_text=&#8221;Prenota un tour&#8221; button_one_url=&#8221;https:\/\/aurorareykjavik.is\/northern-lights-tours\/&#8221; content_max_width=&#8221;none&#8221; _builder_version=&#8221;4.3.2&#8243; title_font_size=&#8221;40px&#8221; background_color=&#8221;rgba(255, 255, 255, 0)&#8221; button_one_text_size__hover_enabled=&#8221;off&#8221; button_two_text_size__hover_enabled=&#8221;off&#8221; button_one_text_color__hover_enabled=&#8221;off&#8221; button_two_text_color__hover_enabled=&#8221;off&#8221; button_one_border_width__hover_enabled=&#8221;off&#8221; button_two_border_width__hover_enabled=&#8221;off&#8221; button_one_border_color__hover_enabled=&#8221;off&#8221; button_two_border_color__hover_enabled=&#8221;off&#8221; button_one_border_radius__hover_enabled=&#8221;off&#8221; button_two_border_radius__hover_enabled=&#8221;off&#8221; button_one_letter_spacing__hover_enabled=&#8221;off&#8221; button_two_letter_spacing__hover_enabled=&#8221;off&#8221; button_one_bg_color__hover_enabled=&#8221;off&#8221; button_two_bg_color__hover_enabled=&#8221;off&#8221;][\/et_pb_fullwidth_header][\/et_pb_section][et_pb_section fb_built=&#8221;1&#8243; specialty=&#8221;on&#8221; custom_padding_last_edited=&#8221;on|desktop&#8221; admin_label=&#8221;section&#8221; _builder_version=&#8221;3.22&#8243; background_color=&#8221;#000000&#8243; custom_padding_tablet=&#8221;50px|0|50px|0&#8243; custom_padding_phone=&#8221;&#8221; transparent_background=&#8221;off&#8221; padding_mobile=&#8221;off&#8221;][et_pb_column type=&#8221;3_4&#8243; specialty_columns=&#8221;3&#8243; _builder_version=&#8221;3.25&#8243; custom_padding=&#8221;|||&#8221; custom_padding__hover=&#8221;|||&#8221;][et_pb_row_inner padding_mobile=&#8221;off&#8221; column_padding_mobile=&#8221;off&#8221; _builder_version=&#8221;3.25&#8243;][et_pb_column_inner saved_specialty_column_type=&#8221;3_4&#8243; _builder_version=&#8221;3.25&#8243; custom_padding=&#8221;|||&#8221; custom_padding__hover=&#8221;|||&#8221;][et_pb_text _builder_version=&#8221;4.3.2&#8243; background_size=&#8221;initial&#8221; background_position=&#8221;top_left&#8221; background_repeat=&#8221;repeat&#8221; background_layout=&#8221;dark&#8221; use_border_color=&#8221;off&#8221; border_style=&#8221;solid&#8221;]<\/p>\n<p>Osservare l\u2019aurora boreale in Islanda richiede pazienza e fortuna, a causa del meteo estremamente variabile e difficile da prevedere. Per maggiori informazioni, consultate la pagina delle Previsioni dell\u2019aurora.<\/p>\n<p>Per massimizzare le vostre probabilit\u00e0 di successo, raccomandiamo un tour guidato dell\u2019aurora boreale tra quelli disponibili alla pagina dedicata.<\/p>\n<p>La vostra guida vi condurr\u00e0 dove \u00a0le condizioni sono ottimali per fotografare e osservare l\u2019aurora. Alcune guide sono anche eccellenti fotografi, e saranno liete di condividere con voi i segreti del mestiere.<\/p>\n<p>Prima della partenza della vostra spedizione boreale, venite a trovarci: all\u2019interno del nostro centro offriamo informazioni e utili suggerimenti per impostare la vostra fotocamera correttamente. Il simulatore fotografico vi dar\u00e0 l\u2019occasione di testare il vostro apparecchio fotografico in condizioni affini a quelle reali. Viaggiate senza macchina fotografica? Non c\u2019\u00e8 problema, potete noleggiarne una qui.<\/p>\n<p>In bocca al lupo e buona spedizione!<\/p>\n<p>[\/et_pb_text][\/et_pb_column_inner][\/et_pb_row_inner][et_pb_row_inner column_structure=&#8221;1_2,1_2&#8243; padding_mobile=&#8221;off&#8221; column_padding_mobile=&#8221;off&#8221; _builder_version=&#8221;3.25&#8243;][et_pb_column_inner type=&#8221;1_2&#8243; saved_specialty_column_type=&#8221;3_4&#8243; _builder_version=&#8221;3.25&#8243; custom_padding=&#8221;|||&#8221; custom_padding__hover=&#8221;|||&#8221;][et_pb_text _builder_version=&#8221;4.3.2&#8243; background_size=&#8221;initial&#8221; background_position=&#8221;top_left&#8221; background_repeat=&#8221;repeat&#8221; background_layout=&#8221;dark&#8221; use_border_color=&#8221;off&#8221; border_style=&#8221;solid&#8221;]<\/p>\n<h1>Attrezzatura raccomandata per le vostre foto dell\u2019aurora<\/h1>\n<ul>\n<li>Macchina fotografica reflex (DSRL)<\/li>\n<li>Cavalletto<\/li>\n<li>Abbigliamento termico, guanti e cappello<\/li>\n<li>Torcia frontale con luce notturna rossa<\/li>\n<li>Almeno un ricambio (carico) per la batteria della macchina fotografica<\/li>\n<li>Pazienza<\/li>\n<\/ul>\n<p>Opzionale:<\/p>\n<ul>\n<li>Telecomando<\/li>\n<\/ul>\n<p>[\/et_pb_text][\/et_pb_column_inner][et_pb_column_inner type=&#8221;1_2&#8243; saved_specialty_column_type=&#8221;3_4&#8243; _builder_version=&#8221;3.25&#8243; custom_padding=&#8221;|||&#8221; custom_padding__hover=&#8221;|||&#8221;][et_pb_text _builder_version=&#8221;4.3.2&#8243; background_size=&#8221;initial&#8221; background_position=&#8221;top_left&#8221; background_repeat=&#8221;repeat&#8221; background_layout=&#8221;dark&#8221; use_border_color=&#8221;off&#8221; border_style=&#8221;solid&#8221;]<\/p>\n<h1>Impostazioni di base per fotografare l\u2019aurora boreale<\/h1>\n<ul>\n<li>Indice ISO 800<\/li>\n<li>Apertura 3.5 o inferiore<\/li>\n<li>Tempo di esposizione 10-20 secondi<\/li>\n<li>Messa a fuoco manuale<\/li>\n<\/ul>\n<p>[\/et_pb_text][\/et_pb_column_inner][\/et_pb_row_inner][et_pb_row_inner padding_mobile=&#8221;off&#8221; column_padding_mobile=&#8221;off&#8221; _builder_version=&#8221;3.25&#8243;][et_pb_column_inner saved_specialty_column_type=&#8221;3_4&#8243; _builder_version=&#8221;3.25&#8243; custom_padding=&#8221;|||&#8221; custom_padding__hover=&#8221;|||&#8221;][et_pb_gallery gallery_ids=&#8221;784,783,782,781,869,881,862,174,68&#8243; posts_number=&#8221;12&#8243; show_title_and_caption=&#8221;off&#8221; show_pagination=&#8221;off&#8221; _builder_version=&#8221;3.0.87&#8243; background_layout=&#8221;dark&#8221; use_border_color=&#8221;off&#8221; border_color=&#8221;#ffffff&#8221; border_width=&#8221;1px&#8221; border_style=&#8221;solid&#8221;][\/et_pb_gallery][\/et_pb_column_inner][\/et_pb_row_inner][et_pb_row_inner column_structure=&#8221;1_2,1_2&#8243; admin_label=&#8221;Row&#8221; _builder_version=&#8221;3.25&#8243;][et_pb_column_inner type=&#8221;1_2&#8243; saved_specialty_column_type=&#8221;3_4&#8243; _builder_version=&#8221;3.25&#8243; custom_padding=&#8221;|||&#8221; custom_padding__hover=&#8221;|||&#8221;][et_pb_text _builder_version=&#8221;4.3.2&#8243; background_size=&#8221;initial&#8221; background_position=&#8221;top_left&#8221; background_repeat=&#8221;repeat&#8221; background_layout=&#8221;dark&#8221; custom_margin=&#8221;|1px||1px&#8221; custom_padding=&#8221;|1px||1px&#8221; border_style_all=&#8221;solid&#8221; use_border_color=&#8221;off&#8221; border_style=&#8221;solid&#8221;]<\/p>\n<h1>Fotografare al buio<\/h1>\n<p>Metodo 1:<\/p>\n<ul>\n<li>\n<p>Focalizzate su una fonte luminosa in lontananza. La luna o una stella particolarmente luminosa, oppure I fari di un auto o le luci di un\u2019abitazione.<\/p>\n<\/li>\n<\/ul>\n<p>Metodo 2:<\/p>\n<ul>\n<li>\n<p>Visitate il punto prescelto per le vostre foto di giorno e utilizzate la stessa messa a fuoco di notte.<\/p>\n<\/li>\n<\/ul>\n<p>Metodo 3:<\/p>\n<ul>\n<li>\n<p>Scegliete per la vostra lente la modalit\u00e0 infinito.<\/p>\n<\/li>\n<\/ul>\n<p>[\/et_pb_text][\/et_pb_column_inner][et_pb_column_inner type=&#8221;1_2&#8243; saved_specialty_column_type=&#8221;3_4&#8243; _builder_version=&#8221;3.25&#8243; custom_padding=&#8221;|||&#8221; custom_padding__hover=&#8221;|||&#8221;][et_pb_text _builder_version=&#8221;4.3.2&#8243; background_size=&#8221;initial&#8221; background_position=&#8221;top_left&#8221; background_repeat=&#8221;repeat&#8221; background_layout=&#8221;dark&#8221; use_border_color=&#8221;off&#8221; border_style=&#8221;solid&#8221;]<\/p>\n<h1>Informazioni utili<\/h1>\n<p>Vedere l\u2019aurora pu\u00f2 rivelarsi difficile ed essere pazienti \u00e8 fondamentale.<br \/>I periodi di maggiore successo sono settembre\/ottobre e marzo\/aprile. Pi\u00f9 in generale, l\u2019aurora \u00e8 visibile in Islanda tra settembre e la prima met\u00e0 di aprile.<\/p>\n<p>E\u2019 impossibile prevedere quando e quanto a lungo l\u2019aurora boreale sar\u00e0 osservabile. Statisticamente, la probabilit\u00e0 di assistere al fenomeno \u00e8 massima durante la mezzanotte magnetica, le 23.00 in Islanda.<\/p>\n<p>Assicuratevi di stare al caldo: indossate abbigliamento termico e portate con voi una buona bevanda calda. E non dimenticatevi di guardare verso nord (l\u2019aurora boreale solitamente compare in quella direzione)!<\/p>\n<p>[\/et_pb_text][\/et_pb_column_inner][\/et_pb_row_inner][\/et_pb_column][et_pb_column type=&#8221;1_4&#8243; _builder_version=&#8221;3.25&#8243; custom_padding=&#8221;|||&#8221; custom_padding__hover=&#8221;|||&#8221;][et_pb_sidebar orientation=&#8221;right&#8221; _builder_version=&#8221;3.0.74&#8243; background_layout=&#8221;dark&#8221;][\/et_pb_sidebar][\/et_pb_column][\/et_pb_section]<\/p>\n","protected":false},"excerpt":{"rendered":"<p>Osservare l\u2019aurora boreale in Islanda richiede pazienza e fortuna, a causa del meteo estremamente variabile e difficile da prevedere. Per maggiori informazioni, consultate la pagina delle Previsioni dell\u2019aurora. Per massimizzare le vostre probabilit\u00e0 di successo, raccomandiamo un tour guidato dell\u2019aurora boreale tra quelli disponibili alla pagina dedicata. La vostra guida vi condurr\u00e0 dove \u00a0le condizioni [&hellip;]<\/p>\n","protected":false},"author":4,"featured_media":0,"parent":0,"menu_order":0,"comment_status":"closed","ping_status":"closed","template":"","meta":{"_acf_changed":false,"_et_pb_use_builder":"on","_et_pb_old_content":"","_et_gb_content_width":"","om_disable_all_campaigns":false,"pgc_sgb_lightbox_settings":"","footnotes":""},"class_list":["post-4422","page","type-page","status-publish","hentry"],"acf":[],"aioseo_notices":[],"jetpack_sharing_enabled":true,"_links":{"self":[{"href":"https:\/\/aurorareykjavik.is\/de\/wp-json\/wp\/v2\/pages\/4422","targetHints":{"allow":["GET"]}}],"collection":[{"href":"https:\/\/aurorareykjavik.is\/de\/wp-json\/wp\/v2\/pages"}],"about":[{"href":"https:\/\/aurorareykjavik.is\/de\/wp-json\/wp\/v2\/types\/page"}],"author":[{"embeddable":true,"href":"https:\/\/aurorareykjavik.is\/de\/wp-json\/wp\/v2\/users\/4"}],"replies":[{"embeddable":true,"href":"https:\/\/aurorareykjavik.is\/de\/wp-json\/wp\/v2\/comments?post=4422"}],"version-history":[{"count":6,"href":"https:\/\/aurorareykjavik.is\/de\/wp-json\/wp\/v2\/pages\/4422\/revisions"}],"predecessor-version":[{"id":4511,"href":"https:\/\/aurorareykjavik.is\/de\/wp-json\/wp\/v2\/pages\/4422\/revisions\/4511"}],"wp:attachment":[{"href":"https:\/\/aurorareykjavik.is\/de\/wp-json\/wp\/v2\/media?parent=4422"}],"curies":[{"name":"wp","href":"https:\/\/api.w.org\/{rel}","templated":true}]}}