{"id":237755,"date":"2023-04-24T11:08:15","date_gmt":"2023-04-24T11:08:15","guid":{"rendered":"https:\/\/aurorareykjavik.is\/?page_id=237755"},"modified":"2025-04-23T16:37:49","modified_gmt":"2025-04-23T16:37:49","slug":"south-shore-tours","status":"publish","type":"page","link":"https:\/\/aurorareykjavik.is\/de\/south-shore-tours\/","title":{"rendered":"S\u00dcDK\u00dcSTE"},"content":{"rendered":"<p>[et_pb_section fb_built=&#8221;1&#8243; fullwidth=&#8221;on&#8221; admin_label=&#8221;Hero Section&#8221; _builder_version=&#8221;4.16&#8243; background_enable_video_mp4=&#8221;off&#8221; custom_padding=&#8221;0px|0px|0px|0px&#8221; global_colors_info=&#8221;{}&#8221;][et_pb_fullwidth_slider _builder_version=&#8221;4.17.6&#8243; header_level=&#8221;h1&#8243; header_font=&#8221;Oswald|700||on|||||&#8221; background_image=&#8221;https:\/\/aurorareykjavik.is\/wp-content\/uploads\/2017\/04\/Screenshot-2022-07-25-at-14.09.54.png&#8221; parallax=&#8221;on&#8221; global_colors_info=&#8221;{}&#8221;][et_pb_slide heading=&#8221;SOUTH SHORE TOURS&#8221; button_text=&#8221;ALL TOURS&#8221; button_link=&#8221;#alltours&#8221; _builder_version=&#8221;4.17.6&#8243; header_level=&#8221;h1&#8243; global_colors_info=&#8221;{}&#8221; sticky_transition=&#8221;on&#8221;][\/et_pb_slide][\/et_pb_fullwidth_slider][\/et_pb_section][et_pb_section fb_built=&#8221;1&#8243; custom_padding_last_edited=&#8221;on|desktop&#8221; _builder_version=&#8221;4.17.6&#8243; background_color=&#8221;#ffffff&#8221; min_height=&#8221;161px&#8221; custom_padding=&#8221;38px|||0px|false|false&#8221; custom_padding_tablet=&#8221;50px|0|50px|0&#8243; custom_padding_phone=&#8221;&#8221; global_colors_info=&#8221;{}&#8221;][et_pb_row column_structure=&#8221;1_3,1_3,1_3&#8243; make_equal=&#8221;on&#8221; _builder_version=&#8221;4.17.6&#8243; background_size=&#8221;initial&#8221; background_position=&#8221;top_left&#8221; background_repeat=&#8221;repeat&#8221; width=&#8221;100%&#8221; max_width=&#8221;2560px&#8221; max_width_tablet=&#8221;&#8221; max_width_phone=&#8221;&#8221; max_width_last_edited=&#8221;on|desktop&#8221; custom_margin=&#8221;|0px||0px||&#8221; custom_padding=&#8221;0px|2px|0px|0px||&#8221; animation_style=&#8221;fold&#8221; global_colors_info=&#8221;{}&#8221; max_width__hover_enabled=&#8221;on|hover&#8221; max_width__hover=&#8221;none&#8221;][et_pb_column type=&#8221;1_3&#8243; _builder_version=&#8221;4.16&#8243; custom_padding=&#8221;|||&#8221; global_colors_info=&#8221;{}&#8221; custom_padding__hover=&#8221;|||&#8221;][et_pb_blurb title=&#8221;Free cancellation&#8221; use_icon=&#8221;on&#8221; font_icon=&#8221;&#xe106;||divi||400&#8243; icon_placement=&#8221;left&#8221; _builder_version=&#8221;4.16&#8243; header_font=&#8221;||||||||&#8221; background_color=&#8221;rgba(255,255,255,0)&#8221; text_orientation=&#8221;center&#8221; global_colors_info=&#8221;{}&#8221;]<\/p>\n<p>You&#8217;ll receive a full refund if you cancel at least 24 hours in advance of most experiences.<\/p>\n<p style=\"text-align: left;\">[\/et_pb_blurb][\/et_pb_column][et_pb_column type=&#8221;1_3&#8243; _builder_version=&#8221;4.16&#8243; custom_padding=&#8221;|||&#8221; global_colors_info=&#8221;{}&#8221; custom_padding__hover=&#8221;|||&#8221;][et_pb_blurb title=&#8221;Electronic voucher&#8221; use_icon=&#8221;on&#8221; font_icon=&#8221;&#xe031;||divi||400&#8243; icon_placement=&#8221;left&#8221; _builder_version=&#8221;4.17.6&#8243; text_orientation=&#8221;center&#8221; global_colors_info=&#8221;{}&#8221;]<\/p>\n<p>Instant confirmation on your device.<\/p>\n<p style=\"text-align: left;\">[\/et_pb_blurb][\/et_pb_column][et_pb_column type=&#8221;1_3&#8243; _builder_version=&#8221;4.16&#8243; custom_padding=&#8221;|||&#8221; global_colors_info=&#8221;{}&#8221; custom_padding__hover=&#8221;|||&#8221;][et_pb_blurb title=&#8221;Best price guarantee&#8221; use_icon=&#8221;on&#8221; font_icon=&#8221;&#xe0ed;||divi||400&#8243; icon_placement=&#8221;left&#8221; _builder_version=&#8221;4.16&#8243; text_orientation=&#8221;center&#8221; global_colors_info=&#8221;{}&#8221;] No hidden fees, best value for money.<\/p>\n<p style=\"text-align: left;\">[\/et_pb_blurb][\/et_pb_column][\/et_pb_row][\/et_pb_section][et_pb_section fb_built=&#8221;1&#8243; _builder_version=&#8221;4.17.6&#8243; _module_preset=&#8221;default&#8221; global_colors_info=&#8221;{}&#8221;][et_pb_row _builder_version=&#8221;4.17.6&#8243; _module_preset=&#8221;default&#8221; global_colors_info=&#8221;{}&#8221;][et_pb_column type=&#8221;4_4&#8243; _builder_version=&#8221;4.17.6&#8243; _module_preset=&#8221;default&#8221; global_colors_info=&#8221;{}&#8221;][et_pb_text _builder_version=&#8221;4.17.6&#8243; _module_preset=&#8221;default&#8221; global_colors_info=&#8221;{}&#8221;]<\/p>\n<p>The Icelandic South Shore is a must-see destination for adventure enthusiasts and nature lovers.<br \/>South Coast full-day activity tours take visitors to some of the most breathtaking natural landmarks in Iceland.<\/p>\n<p>Walk behind the picturesque <strong>Seljalandsfoss<\/strong> waterfall and experience the beauty and power of <strong>Skogafoss<\/strong> waterfall from up close. Take in the awe-inspiring landscapes, including views of <strong>Eyjafjallaj\u00f6kull<\/strong> &#8211; site of the infamous 2010 volcanic eruption and all-time favourite tongue-twister.<br \/>Drive to the southern-most town of mainland Iceland, <strong>V\u00edk \u00ed M\u00fdrdal, <\/strong>and breathe the North Atlantic Ocean air at the iconic <strong>black sand beach<\/strong> of <strong>Reynisfjara<\/strong>. The powerful waves crashing against the shore, the dramatic towering cliffs and basalt rock formations are a sight to behold &#8211; a true wonder of Iceland.<\/p>\n<p>South Shore Tours also offer optional <strong>glacier activities<\/strong> for those looking for a more challenging adventure. This is a once-in-a-lifetime opportunity to explore one of the most unique natural environments in the world.<\/p>\n<p>With a knowledgeable guide and comfortable transportation, South Shore Tours are the perfect way to experience the powerful nature of Iceland.<\/p>\n<p>[\/et_pb_text][\/et_pb_column][\/et_pb_row][\/et_pb_section][et_pb_section fb_built=&#8221;1&#8243; inner_shadow=&#8221;on&#8221; _builder_version=&#8221;4.16&#8243; background_color=&#8221;#ffffff&#8221; box_shadow_style=&#8221;preset1&#8243; global_colors_info=&#8221;{}&#8221;][et_pb_row _builder_version=&#8221;4.16&#8243; background_size=&#8221;initial&#8221; background_position=&#8221;top_left&#8221; background_repeat=&#8221;repeat&#8221; min_height=&#8221;205px&#8221; global_colors_info=&#8221;{}&#8221;][et_pb_column type=&#8221;4_4&#8243; _builder_version=&#8221;4.16&#8243; custom_padding=&#8221;|||&#8221; global_colors_info=&#8221;{}&#8221; custom_padding__hover=&#8221;|||&#8221;][et_pb_text _builder_version=&#8221;4.17.6&#8243; text_font=&#8221;||||&#8221; header_font=&#8221;|700||on|||||&#8221; header_font_size=&#8221;40px&#8221; background_color=&#8221;rgba(255,255,255,0)&#8221; custom_margin=&#8221;|||&#8221; custom_padding=&#8221;|||&#8221; animation_style=&#8221;slide&#8221; animation_duration=&#8221;500ms&#8221; global_colors_info=&#8221;{}&#8221;]<\/p>\n<h1>Our Bestsellers<\/h1>\n<h4 style=\"text-align: center;\">\u00a0<\/h4>\n<p>[\/et_pb_text][\/et_pb_column][\/et_pb_row][et_pb_row column_structure=&#8221;1_3,1_3,1_3&#8243; _builder_version=&#8221;4.17.6&#8243; background_size=&#8221;initial&#8221; background_position=&#8221;top_left&#8221; background_repeat=&#8221;repeat&#8221; min_height=&#8221;818px&#8221; global_colors_info=&#8221;{}&#8221;][et_pb_column type=&#8221;1_3&#8243; _builder_version=&#8221;4.16&#8243; background_color=&#8221;#ffffff&#8221; custom_padding=&#8221;|||&#8221; global_colors_info=&#8221;{}&#8221; custom_padding__hover=&#8221;|||&#8221;][et_pb_image src=&#8221;https:\/\/aurorareykjavik.is\/wp-content\/uploads\/2017\/05\/Screen-Shot-2019-04-30-at-17.36.15.png&#8221; title_text=&#8221;Screen Shot 2019-04-30 at 17.36.15&#8243; url=&#8221;https:\/\/aurorareykjavik.is\/project\/glacier-hiking-arctic-adventures\/&#8221; force_fullwidth=&#8221;on&#8221; align_tablet=&#8221;center&#8221; align_phone=&#8221;&#8221; align_last_edited=&#8221;on|desktop&#8221; _builder_version=&#8221;4.17.6&#8243; background_color=&#8221;rgba(255,255,255,0)&#8221; custom_margin=&#8221;||-20px|&#8221; box_shadow_style=&#8221;preset2&#8243; global_colors_info=&#8221;{}&#8221;][\/et_pb_image][et_pb_button button_url=&#8221;https:\/\/aurorareykjavik.is\/project\/glacier-hiking-arctic-adventures\/&#8221; button_text=&#8221;Book now&#8221; button_alignment=&#8221;center&#8221; _builder_version=&#8221;4.17.6&#8243; custom_button=&#8221;on&#8221; button_text_size=&#8221;12px&#8221; button_bg_color=&#8221;#16ba42&#8243; button_border_width=&#8221;0px&#8221; button_border_radius=&#8221;6px&#8221; button_letter_spacing=&#8221;1px&#8221; button_font=&#8221;Lato|700||on|||||&#8221; button_icon=&#8221;&#x35;||divi||400&#8243; background_layout=&#8221;dark&#8221; custom_margin=&#8221;||0px|&#8221; custom_padding=&#8221;8px||8px|&#8221; filter_hue_rotate=&#8221;155deg&#8221; animation_style=&#8221;fold&#8221; box_shadow_style=&#8221;preset3&#8243; box_shadow_color=&#8221;rgba(24,150,74,0.4)&#8221; button_letter_spacing_hover=&#8221;1px&#8221; global_colors_info=&#8221;{}&#8221; button_text_size__hover_enabled=&#8221;off&#8221; button_one_text_size__hover_enabled=&#8221;off&#8221; button_two_text_size__hover_enabled=&#8221;off&#8221; button_text_color__hover_enabled=&#8221;off&#8221; button_one_text_color__hover_enabled=&#8221;off&#8221; button_two_text_color__hover_enabled=&#8221;off&#8221; button_border_width__hover_enabled=&#8221;off&#8221; button_one_border_width__hover_enabled=&#8221;off&#8221; button_two_border_width__hover_enabled=&#8221;off&#8221; button_border_color__hover_enabled=&#8221;off&#8221; button_one_border_color__hover_enabled=&#8221;off&#8221; button_two_border_color__hover_enabled=&#8221;off&#8221; button_border_radius__hover_enabled=&#8221;off&#8221; button_one_border_radius__hover_enabled=&#8221;off&#8221; button_two_border_radius__hover_enabled=&#8221;off&#8221; button_letter_spacing__hover_enabled=&#8221;on&#8221; button_letter_spacing__hover=&#8221;1px&#8221; button_one_letter_spacing__hover_enabled=&#8221;off&#8221; button_two_letter_spacing__hover_enabled=&#8221;off&#8221; button_bg_color__hover_enabled=&#8221;off&#8221; button_one_bg_color__hover_enabled=&#8221;off&#8221; button_two_bg_color__hover_enabled=&#8221;off&#8221;][\/et_pb_button][et_pb_text _builder_version=&#8221;4.17.6&#8243; text_font=&#8221;Lato||||||||&#8221; text_text_color=&#8221;#898f99&#8243; link_text_color=&#8221;#3c39e6&#8243; header_4_font=&#8221;Lato|700|||||||&#8221; header_4_font_size=&#8221;32px&#8221; text_orientation=&#8221;center&#8221; height=&#8221;300px&#8221; custom_margin=&#8221;20px|20px|40px|20px&#8221; locked=&#8221;off&#8221; global_colors_info=&#8221;{}&#8221;]<\/p>\n<h1 class=\"entry-title\" style=\"text-align: center;\">SOUTH SHORE<\/h1>\n<h1 class=\"entry-title\" style=\"text-align: center;\">&amp; GLACIER HIKE<\/h1>\n<p style=\"text-align: center;\"><strong>HIGHLIGHTS<\/strong><\/p>\n<ul>\n<li style=\"text-align: left;\">Fully guided tour \u2013 English speaking<\/li>\n<li style=\"text-align: left;\">Sk\u00f3gafoss and Seljalandsfoss waterfalls<\/li>\n<li style=\"text-align: left;\">Glacier Hike on S\u00f3lheimaj\u00f6kull<\/li>\n<li style=\"text-align: left;\">Reynisfjara black sand beach<\/li>\n<\/ul>\n<h5 style=\"text-align: left;\">\u00a0<\/h5>\n<p style=\"text-align: left;\">[\/et_pb_text][\/et_pb_column][et_pb_column type=&#8221;1_3&#8243; _builder_version=&#8221;4.16&#8243; background_color=&#8221;#ffffff&#8221; custom_padding=&#8221;|||&#8221; global_colors_info=&#8221;{}&#8221; custom_padding__hover=&#8221;|||&#8221;][et_pb_image src=&#8221;https:\/\/aurorareykjavik.is\/wp-content\/uploads\/2017\/04\/Screenshot-2022-07-25-at-13.30.31.png&#8221; title_text=&#8221;Screenshot 2022-07-25 at 13.30.31&#8243; url=&#8221;https:\/\/aurorareykjavik.is\/project\/south-coast\/&#8221; force_fullwidth=&#8221;on&#8221; align_tablet=&#8221;center&#8221; align_phone=&#8221;&#8221; align_last_edited=&#8221;on|desktop&#8221; _builder_version=&#8221;4.27.4&#8243; background_color=&#8221;rgba(255,255,255,0)&#8221; custom_margin=&#8221;||-20px|&#8221; box_shadow_style=&#8221;preset2&#8243; global_colors_info=&#8221;{}&#8221;]<\/p>\n<p style=\"text-align: left;\">[\/et_pb_image][et_pb_button button_url=&#8221;https:\/\/aurorareykjavik.is\/project\/south-coast\/&#8221; button_text=&#8221;Book now&#8221; button_alignment=&#8221;center&#8221; _builder_version=&#8221;4.27.4&#8243; custom_button=&#8221;on&#8221; button_text_size=&#8221;12px&#8221; button_bg_color=&#8221;#16ba42&#8243; button_border_width=&#8221;0px&#8221; button_border_radius=&#8221;6px&#8221; button_letter_spacing=&#8221;1px&#8221; button_font=&#8221;Lato|700||on|||||&#8221; button_icon=&#8221;&#x35;||divi||400&#8243; background_layout=&#8221;dark&#8221; custom_margin=&#8221;||0px|&#8221; custom_padding=&#8221;8px||8px|&#8221; filter_hue_rotate=&#8221;155deg&#8221; animation_style=&#8221;fold&#8221; box_shadow_style=&#8221;preset3&#8243; box_shadow_color=&#8221;rgba(24,150,74,0.4)&#8221; button_letter_spacing_hover=&#8221;1px&#8221; global_colors_info=&#8221;{}&#8221; button_text_size__hover_enabled=&#8221;off&#8221; button_one_text_size__hover_enabled=&#8221;off&#8221; button_two_text_size__hover_enabled=&#8221;off&#8221; button_text_color__hover_enabled=&#8221;off&#8221; button_one_text_color__hover_enabled=&#8221;off&#8221; button_two_text_color__hover_enabled=&#8221;off&#8221; button_border_width__hover_enabled=&#8221;off&#8221; button_one_border_width__hover_enabled=&#8221;off&#8221; button_two_border_width__hover_enabled=&#8221;off&#8221; button_border_color__hover_enabled=&#8221;off&#8221; button_one_border_color__hover_enabled=&#8221;off&#8221; button_two_border_color__hover_enabled=&#8221;off&#8221; button_border_radius__hover_enabled=&#8221;off&#8221; button_one_border_radius__hover_enabled=&#8221;off&#8221; button_two_border_radius__hover_enabled=&#8221;off&#8221; button_letter_spacing__hover_enabled=&#8221;on&#8221; button_letter_spacing__hover=&#8221;1px&#8221; button_one_letter_spacing__hover_enabled=&#8221;off&#8221; button_two_letter_spacing__hover_enabled=&#8221;off&#8221; button_bg_color__hover_enabled=&#8221;off&#8221; button_one_bg_color__hover_enabled=&#8221;off&#8221; button_two_bg_color__hover_enabled=&#8221;off&#8221;]<\/p>\n<p style=\"text-align: left;\">[\/et_pb_button][et_pb_text _builder_version=&#8221;4.17.6&#8243; text_font=&#8221;Lato||||||||&#8221; text_text_color=&#8221;#898f99&#8243; link_text_color=&#8221;#3c39e6&#8243; header_4_font=&#8221;Lato|700|||||||&#8221; header_4_font_size=&#8221;32px&#8221; text_orientation=&#8221;center&#8221; height=&#8221;300px&#8221; custom_margin=&#8221;20px|20px|40px|20px&#8221; locked=&#8221;off&#8221; global_colors_info=&#8221;{}&#8221;]<\/p>\n<h1 class=\"entry-title\" style=\"text-align: center;\">SOUTH SHORE SMALL GROUP TOUR\u00a0<\/h1>\n<p style=\"text-align: center;\">\n<p style=\"text-align: center;\"><strong>HIGHLIGHTS<\/strong><\/p>\n<ul>\n<li style=\"text-align: left;\">Fully guided minibus tour &#8211; in English<\/li>\n<li style=\"text-align: left;\">Sk\u00f3gafoss and Seljalandsfoss waterfalls<\/li>\n<li style=\"text-align: left;\">Reynisfjara black sand beach and S\u00f3lheimaj\u00f6kull glacier<\/li>\n<li style=\"text-align: left;\">Pickup\/dropoff in Reykjavik City<\/li>\n<\/ul>\n<h5 style=\"text-align: left;\">\u00a0<\/h5>\n<p style=\"text-align: left;\">[\/et_pb_text][\/et_pb_column][et_pb_column type=&#8221;1_3&#8243; _builder_version=&#8221;4.16&#8243; background_color=&#8221;#ffffff&#8221; custom_padding=&#8221;|||&#8221; global_colors_info=&#8221;{}&#8221; custom_padding__hover=&#8221;|||&#8221;][et_pb_image src=&#8221;https:\/\/aurorareykjavik.is\/wp-content\/uploads\/2023\/04\/Screenshot-2023-04-24-at-11.41.15.png&#8221; alt=&#8221;Visitor exploring the natural Katla ice cave, with its typical blue and black icy walls.&#8221; title_text=&#8221;katla-ice-cave-superjeep&#8221; url=&#8221;https:\/\/aurorareykjavik.is\/project\/the-ice-cave-under-the-volcano-katla-ice-cave-from-reykjavik\/&#8221; force_fullwidth=&#8221;on&#8221; align_tablet=&#8221;center&#8221; align_phone=&#8221;&#8221; align_last_edited=&#8221;on|desktop&#8221; _builder_version=&#8221;4.27.4&#8243; background_color=&#8221;rgba(255,255,255,0)&#8221; custom_margin=&#8221;||-20px|&#8221; hover_enabled=&#8221;0&#8243; box_shadow_style=&#8221;preset2&#8243; global_colors_info=&#8221;{}&#8221; sticky_enabled=&#8221;0&#8243;]<\/p>\n<p style=\"text-align: left;\">[\/et_pb_image][et_pb_button button_url=&#8221;https:\/\/aurorareykjavik.is\/project\/the-ice-cave-under-the-volcano-katla-ice-cave-from-reykjavik\/&#8221; button_text=&#8221;Book now&#8221; button_alignment=&#8221;center&#8221; _builder_version=&#8221;4.27.4&#8243; custom_button=&#8221;on&#8221; button_text_size=&#8221;12px&#8221; button_bg_color=&#8221;#16ba42&#8243; button_border_width=&#8221;0px&#8221; button_border_radius=&#8221;6px&#8221; button_letter_spacing=&#8221;1px&#8221; button_font=&#8221;Lato|700||on|||||&#8221; button_icon=&#8221;&#x35;||divi||400&#8243; background_layout=&#8221;dark&#8221; custom_margin=&#8221;||0px|&#8221; custom_padding=&#8221;8px||8px|&#8221; filter_hue_rotate=&#8221;155deg&#8221; animation_style=&#8221;fold&#8221; hover_enabled=&#8221;0&#8243; box_shadow_style=&#8221;preset3&#8243; box_shadow_color=&#8221;rgba(24,150,74,0.4)&#8221; button_letter_spacing_hover=&#8221;1px&#8221; global_colors_info=&#8221;{}&#8221; button_text_size__hover_enabled=&#8221;off&#8221; button_one_text_size__hover_enabled=&#8221;off&#8221; button_two_text_size__hover_enabled=&#8221;off&#8221; button_text_color__hover_enabled=&#8221;off&#8221; button_one_text_color__hover_enabled=&#8221;off&#8221; button_two_text_color__hover_enabled=&#8221;off&#8221; button_border_width__hover_enabled=&#8221;off&#8221; button_one_border_width__hover_enabled=&#8221;off&#8221; button_two_border_width__hover_enabled=&#8221;off&#8221; button_border_color__hover_enabled=&#8221;off&#8221; button_one_border_color__hover_enabled=&#8221;off&#8221; button_two_border_color__hover_enabled=&#8221;off&#8221; button_border_radius__hover_enabled=&#8221;off&#8221; button_one_border_radius__hover_enabled=&#8221;off&#8221; button_two_border_radius__hover_enabled=&#8221;off&#8221; button_letter_spacing__hover_enabled=&#8221;on&#8221; button_letter_spacing__hover=&#8221;1px&#8221; button_one_letter_spacing__hover_enabled=&#8221;off&#8221; button_two_letter_spacing__hover_enabled=&#8221;off&#8221; button_bg_color__hover_enabled=&#8221;off&#8221; button_one_bg_color__hover_enabled=&#8221;off&#8221; button_two_bg_color__hover_enabled=&#8221;off&#8221; sticky_enabled=&#8221;0&#8243;]<\/p>\n<p style=\"text-align: left;\">[\/et_pb_button][et_pb_text _builder_version=&#8221;4.17.6&#8243; text_font=&#8221;Lato||||||||&#8221; text_text_color=&#8221;#898f99&#8243; link_text_color=&#8221;#3c39e6&#8243; header_4_font=&#8221;Lato|700|||||||&#8221; header_4_font_size=&#8221;32px&#8221; text_orientation=&#8221;center&#8221; height=&#8221;300px&#8221; custom_margin=&#8221;20px|20px|40px|20px&#8221; custom_padding=&#8221;||0px|||&#8221; locked=&#8221;off&#8221; global_colors_info=&#8221;{}&#8221;]<\/p>\n<h1 class=\"sc-hLGeHF bLttss ProductPageTitle\" style=\"text-align: center;\">SOUTH SHORE SUPERJEEP TOUR WITH KATLA ICE CAVE<\/h1>\n<p style=\"text-align: center;\"><strong style=\"font-size: 15px;\">HIGHLIGHTS<\/strong><\/p>\n<ul>\n<li style=\"text-align: left;\">Fully guided superjeep tour<\/li>\n<li style=\"text-align: left;\">Seljalandsfoss and Sk\u00f3gafoss waterfalls<\/li>\n<li style=\"text-align: left;\">Reynisfjara black sand beach<\/li>\n<li style=\"text-align: left;\">Katla natural ice cave<\/li>\n<\/ul>\n<p>[\/et_pb_text][\/et_pb_column][\/et_pb_row][\/et_pb_section][et_pb_section fb_built=&#8221;1&#8243; custom_padding_last_edited=&#8221;on|desktop&#8221; admin_label=&#8221;Packages&#8221; _builder_version=&#8221;4.17.6&#8243; custom_margin=&#8221;0px||||false|false&#8221; custom_padding=&#8221;10px||10px|&#8221; custom_padding_tablet=&#8221;50px|0|50px|0&#8243; custom_padding_phone=&#8221;&#8221; global_colors_info=&#8221;{}&#8221;][et_pb_row custom_padding_last_edited=&#8221;on|phone&#8221; admin_label=&#8221;Packages Title&#8221; _builder_version=&#8221;4.16&#8243; background_size=&#8221;initial&#8221; background_position=&#8221;top_left&#8221; background_repeat=&#8221;repeat&#8221; custom_padding=&#8221;10px|0px|10px|0px&#8221; custom_padding_tablet=&#8221;60px||0px|&#8221; custom_padding_phone=&#8221;&#8221; locked=&#8221;off&#8221; global_colors_info=&#8221;{}&#8221;][et_pb_column type=&#8221;4_4&#8243; _builder_version=&#8221;4.16&#8243; custom_padding=&#8221;|||&#8221; global_colors_info=&#8221;{}&#8221; custom_padding__hover=&#8221;|||&#8221;][et_pb_text _builder_version=&#8221;4.16&#8243; text_font=&#8221;||||&#8221; header_font=&#8221;|700||on|||||&#8221; header_font_size=&#8221;40px&#8221; background_color=&#8221;rgba(255,255,255,0)&#8221; custom_margin=&#8221;|||&#8221; custom_padding=&#8221;|||&#8221; animation_style=&#8221;slide&#8221; animation_duration=&#8221;500ms&#8221; locked=&#8221;off&#8221; global_colors_info=&#8221;{}&#8221;]<\/p>\n<h1>VIEW ALL TOURS<\/h1>\n<p style=\"text-align: center;\">\n[\/et_pb_text][et_pb_divider show_divider=&#8221;off&#8221; disabled_on=&#8221;off|off|off&#8221; _builder_version=&#8221;4.16&#8243; max_width=&#8221;150px&#8221; module_alignment=&#8221;center&#8221; height=&#8221;0px&#8221; custom_margin=&#8221;30px|||&#8221; animation_style=&#8221;slide&#8221; animation_direction=&#8221;top&#8221; animation_delay=&#8221;100ms&#8221; animation_intensity_slide=&#8221;10%&#8221; locked=&#8221;off&#8221; global_colors_info=&#8221;{}&#8221;]<\/p>\n<p style=\"text-align: center;\">[\/et_pb_divider][\/et_pb_column][\/et_pb_row][et_pb_row _builder_version=&#8221;4.16&#8243; global_colors_info=&#8221;{}&#8221;][et_pb_column type=&#8221;4_4&#8243; _builder_version=&#8221;4.16&#8243; custom_padding=&#8221;|||&#8221; global_colors_info=&#8221;{}&#8221; custom_padding__hover=&#8221;|||&#8221;][et_pb_code _builder_version=&#8221;4.17.6&#8243; _module_preset=&#8221;default&#8221; global_colors_info=&#8221;{}&#8221;]<script type=\"text\/javascript\" src=\"https:\/\/widgets.bokun.io\/assets\/javascripts\/apps\/build\/BokunWidgetsLoader.js?bookingChannelUUID=d0dd2e14-ba27-443c-a78a-8083743f4dd4\" async><\/script><!-- [et_pb_line_break_holder] -->     <!-- [et_pb_line_break_holder] -->    <\/p>\n<div class=\"bokunWidget\" data-src=\"https:\/\/widgets.bokun.io\/online-sales\/d0dd2e14-ba27-443c-a78a-8083743f4dd4\/product-list\/66352\"><\/div>\n<p><!-- [et_pb_line_break_holder] -->    <noscript>Please enable javascript in your browser to book<\/noscript><!-- [et_pb_line_break_holder] --><!-- [et_pb_line_break_holder] --><!-- [et_pb_line_break_holder] -->[\/et_pb_code][\/et_pb_column][\/et_pb_row][\/et_pb_section]<\/p>\n","protected":false},"excerpt":{"rendered":"<p>You&#8217;ll receive a full refund if you cancel at least 24 hours in advance of most experiences. Instant confirmation on your device. No hidden fees, best value for money. The Icelandic South Shore is a must-see destination for adventure enthusiasts and nature lovers.South Coast full-day activity tours take visitors to some of the most breathtaking [&hellip;]<\/p>\n","protected":false},"author":4,"featured_media":0,"parent":0,"menu_order":0,"comment_status":"closed","ping_status":"closed","template":"","meta":{"_acf_changed":false,"_et_pb_use_builder":"on","_et_pb_old_content":"","_et_gb_content_width":"","om_disable_all_campaigns":false,"pgc_sgb_lightbox_settings":"","footnotes":""},"class_list":["post-237755","page","type-page","status-publish","hentry"],"acf":[],"aioseo_notices":[],"jetpack_sharing_enabled":true,"_links":{"self":[{"href":"https:\/\/aurorareykjavik.is\/de\/wp-json\/wp\/v2\/pages\/237755","targetHints":{"allow":["GET"]}}],"collection":[{"href":"https:\/\/aurorareykjavik.is\/de\/wp-json\/wp\/v2\/pages"}],"about":[{"href":"https:\/\/aurorareykjavik.is\/de\/wp-json\/wp\/v2\/types\/page"}],"author":[{"embeddable":true,"href":"https:\/\/aurorareykjavik.is\/de\/wp-json\/wp\/v2\/users\/4"}],"replies":[{"embeddable":true,"href":"https:\/\/aurorareykjavik.is\/de\/wp-json\/wp\/v2\/comments?post=237755"}],"version-history":[{"count":16,"href":"https:\/\/aurorareykjavik.is\/de\/wp-json\/wp\/v2\/pages\/237755\/revisions"}],"predecessor-version":[{"id":245756,"href":"https:\/\/aurorareykjavik.is\/de\/wp-json\/wp\/v2\/pages\/237755\/revisions\/245756"}],"wp:attachment":[{"href":"https:\/\/aurorareykjavik.is\/de\/wp-json\/wp\/v2\/media?parent=237755"}],"curies":[{"name":"wp","href":"https:\/\/api.w.org\/{rel}","templated":true}]}}